{"id":220,"date":"2017-02-19T15:59:53","date_gmt":"2017-02-19T14:59:53","guid":{"rendered":"http:\/\/wordpress.nibis.de\/gsmenslage\/?page_id=220"},"modified":"2017-05-07T12:37:29","modified_gmt":"2017-05-07T10:37:29","slug":"antolin","status":"publish","type":"page","link":"https:\/\/wordpress.nibis.de\/gsmenslage\/antolin\/","title":{"rendered":"Antolin"},"content":{"rendered":"<p><span style=\"font-family: comic sans ms,sans-serif;font-size: 10pt\"><a href=\"http:\/\/www.antolin.de\">www.antolin.de<\/a> ist ein Angebot der Bildungshaus Schulbuchverlage.<\/span><\/p>\n<p><span style=\"font-family: comic sans ms,sans-serif;font-size: 10pt\">Es bietet Quizfragen zu Kinder- und Jugendb\u00fcchern, die die Kinder online beantworten k\u00f6nnen.<\/span><\/p>\n<p><span style=\"font-family: comic sans ms,sans-serif;font-size: 10pt\">Der Klassenlehrer meldet die Kinder an und jedes Kind bekommt ein pers\u00f6nliches Kennwort,<\/span><\/p>\n<p><span style=\"font-family: comic sans ms,sans-serif;font-size: 10pt\">mit dem es sich auch von zu Hause einloggen und das Quiz bearbeiten kann.<\/span><\/p>\n<p><span style=\"font-family: comic sans ms,sans-serif;font-size: 10pt\">Auf einem pers\u00f6nlichen Punktekonto werden die gesammelten Punkte gutgeschrieben.<\/span><\/p>\n<p><span style=\"font-family: comic sans ms,sans-serif;font-size: 10pt\">Bei uns an der Schule ist es so, dass die Kinder die M\u00f6glichkeit zur Quizbearbeitung<\/span><\/p>\n<p><span style=\"font-family: comic sans ms,sans-serif;font-size: 10pt\">alle zwei Wochen w\u00e4hrend einer Untrrichtsstunde haben,<\/span><\/p>\n<p><span style=\"font-family: comic sans ms,sans-serif;font-size: 10pt\">da sich freundlicherweise Eltern bereiterkl\u00e4ren, dies zu betreuen.<\/span><\/p>\n","protected":false},"excerpt":{"rendered":"<p>www.antolin.de ist ein Angebot der Bildungshaus Schulbuchverlage. Es bietet Quizfragen zu Kinder- und Jugendb\u00fcchern, die die Kinder online beantworten k\u00f6nnen. Der Klassenlehrer meldet die Kinder an und jedes Kind bekommt ein pers\u00f6nliches Kennwort, mit dem es sich auch von zu Hause einloggen und das Quiz bearbeiten kann. Auf einem pers\u00f6nlichen Punktekonto werden die gesammelten Punkte &hellip; <a href=\"https:\/\/wordpress.nibis.de\/gsmenslage\/antolin\/\" class=\"more-link\">Weiterlesen <span class=\"screen-reader-text\">Antolin<\/span><\/a><\/p>\n","protected":false},"author":1243,"featured_media":0,"parent":0,"menu_order":0,"comment_status":"closed","ping_status":"closed","template":"","meta":{"footnotes":""},"class_list":["post-220","page","type-page","status-publish","hentry","without-featured-image"],"_links":{"self":[{"href":"https:\/\/wordpress.nibis.de\/gsmenslage\/wp-json\/wp\/v2\/pages\/220","targetHints":{"allow":["GET"]}}],"collection":[{"href":"https:\/\/wordpress.nibis.de\/gsmenslage\/wp-json\/wp\/v2\/pages"}],"about":[{"href":"https:\/\/wordpress.nibis.de\/gsmenslage\/wp-json\/wp\/v2\/types\/page"}],"author":[{"embeddable":true,"href":"https:\/\/wordpress.nibis.de\/gsmenslage\/wp-json\/wp\/v2\/users\/1243"}],"replies":[{"embeddable":true,"href":"https:\/\/wordpress.nibis.de\/gsmenslage\/wp-json\/wp\/v2\/comments?post=220"}],"version-history":[{"count":7,"href":"https:\/\/wordpress.nibis.de\/gsmenslage\/wp-json\/wp\/v2\/pages\/220\/revisions"}],"predecessor-version":[{"id":252,"href":"https:\/\/wordpress.nibis.de\/gsmenslage\/wp-json\/wp\/v2\/pages\/220\/revisions\/252"}],"wp:attachment":[{"href":"https:\/\/wordpress.nibis.de\/gsmenslage\/wp-json\/wp\/v2\/media?parent=220"}],"curies":[{"name":"wp","href":"https:\/\/api.w.org\/{rel}","templated":true}]}}