{"id":224,"date":"2017-02-19T16:00:13","date_gmt":"2017-02-19T15:00:13","guid":{"rendered":"http:\/\/wordpress.nibis.de\/gsmenslage\/?page_id=224"},"modified":"2017-05-07T12:47:36","modified_gmt":"2017-05-07T10:47:36","slug":"gewaltpraevention","status":"publish","type":"page","link":"https:\/\/wordpress.nibis.de\/gsmenslage\/gewaltpraevention\/","title":{"rendered":"Gewaltpr\u00e4vention"},"content":{"rendered":"<p><span style=\"font-family: comic sans ms,sans-serif\">Seit 2003 wird an unserer Schule jeweils f\u00fcr die dritten Klassen ein Projekt <\/span><\/p>\n<p><span style=\"font-family: comic sans ms,sans-serif\">zum Thema Gewaltpr\u00e4vention durch das IGSK (Institut f\u00fcr Gewaltpr\u00e4vention, Selbstbehauptung <\/span><\/p>\n<p><span style=\"font-family: comic sans ms,sans-serif\">und Konflikttraining\/Holdorf) geleitet.<\/span><\/p>\n<p><span style=\"font-family: comic sans ms,sans-serif\">Die Grundschule Menslage war in der Samtgemeinde Artland die erste Schule, <\/span><\/p>\n<p><span style=\"font-family: comic sans ms,sans-serif\">die dieses als Pilotprojekt durchf\u00fchrte.<\/span><\/p>\n<p><span style=\"font-family: comic sans ms,sans-serif\">Die Kinder lernen hierbei in Rollenspielen, Reaktions- und Verfolgungsspielen, <\/span><\/p>\n<p><span style=\"font-family: comic sans ms,sans-serif\">Einsatz der K\u00f6rpersprache und der Stimme, Spiele und \u00dcbungen zum Stark-Werden und <\/span><\/p>\n<p><span style=\"font-family: comic sans ms,sans-serif\">Stark-Sein usw. sich selbst zu sch\u00fctzen und gewaltfrei mit anderen umzugehen <\/span><\/p>\n<p><span style=\"font-family: comic sans ms,sans-serif\">(vgl. Konzept IGSK).<\/span><\/p>\n","protected":false},"excerpt":{"rendered":"<p>Seit 2003 wird an unserer Schule jeweils f\u00fcr die dritten Klassen ein Projekt zum Thema Gewaltpr\u00e4vention durch das IGSK (Institut f\u00fcr Gewaltpr\u00e4vention, Selbstbehauptung und Konflikttraining\/Holdorf) geleitet. Die Grundschule Menslage war in der Samtgemeinde Artland die erste Schule, die dieses als Pilotprojekt durchf\u00fchrte. Die Kinder lernen hierbei in Rollenspielen, Reaktions- und Verfolgungsspielen, Einsatz der K\u00f6rpersprache und &hellip; <a href=\"https:\/\/wordpress.nibis.de\/gsmenslage\/gewaltpraevention\/\" class=\"more-link\">Weiterlesen <span class=\"screen-reader-text\">Gewaltpr\u00e4vention<\/span><\/a><\/p>\n","protected":false},"author":1243,"featured_media":0,"parent":0,"menu_order":0,"comment_status":"closed","ping_status":"closed","template":"","meta":{"footnotes":""},"class_list":["post-224","page","type-page","status-publish","hentry","without-featured-image"],"_links":{"self":[{"href":"https:\/\/wordpress.nibis.de\/gsmenslage\/wp-json\/wp\/v2\/pages\/224","targetHints":{"allow":["GET"]}}],"collection":[{"href":"https:\/\/wordpress.nibis.de\/gsmenslage\/wp-json\/wp\/v2\/pages"}],"about":[{"href":"https:\/\/wordpress.nibis.de\/gsmenslage\/wp-json\/wp\/v2\/types\/page"}],"author":[{"embeddable":true,"href":"https:\/\/wordpress.nibis.de\/gsmenslage\/wp-json\/wp\/v2\/users\/1243"}],"replies":[{"embeddable":true,"href":"https:\/\/wordpress.nibis.de\/gsmenslage\/wp-json\/wp\/v2\/comments?post=224"}],"version-history":[{"count":7,"href":"https:\/\/wordpress.nibis.de\/gsmenslage\/wp-json\/wp\/v2\/pages\/224\/revisions"}],"predecessor-version":[{"id":258,"href":"https:\/\/wordpress.nibis.de\/gsmenslage\/wp-json\/wp\/v2\/pages\/224\/revisions\/258"}],"wp:attachment":[{"href":"https:\/\/wordpress.nibis.de\/gsmenslage\/wp-json\/wp\/v2\/media?parent=224"}],"curies":[{"name":"wp","href":"https:\/\/api.w.org\/{rel}","templated":true}]}}