{"id":232,"date":"2017-02-19T16:00:58","date_gmt":"2017-02-19T15:00:58","guid":{"rendered":"http:\/\/wordpress.nibis.de\/gsmenslage\/?page_id=232"},"modified":"2017-05-07T13:15:59","modified_gmt":"2017-05-07T11:15:59","slug":"themenorientiert","status":"publish","type":"page","link":"https:\/\/wordpress.nibis.de\/gsmenslage\/themenorientiert\/","title":{"rendered":"Themenorientiert"},"content":{"rendered":"<p><span style=\"font-family: comic sans ms,sans-serif\">In den vergangenen Jahren wurde an unserer Schule regelm\u00e4\u00dfig Projektarbeit durchgef\u00fchrt.<\/span><\/p>\n<p><span style=\"font-family: comic sans ms,sans-serif\">Diese Projekte umfassen einen Zeitraum von drei bis f\u00fcnf Tagen.<\/span><\/p>\n<p><span style=\"font-family: comic sans ms,sans-serif\">Wenn m\u00f6glich werden auch externe Experten eingeladen.<\/span><\/p>\n<p><span style=\"font-family: comic sans ms,sans-serif\">Je nach Thema werden auch Exkursionen angeboten.<\/span><\/p>\n<p><span style=\"font-family: comic sans ms,sans-serif\">Am Ende werden die Ergebnisse evtl. in Ausstellungen pr\u00e4sentiert,<\/span><\/p>\n<p><span style=\"font-family: comic sans ms,sans-serif\">z.T. schlie\u00dfen sich auch Schulfeste an das jeweilige Projekt an.<\/span><\/p>\n<p><span style=\"font-family: comic sans ms,sans-serif\">Bisher stattgefundene Projekte waren z.B.<\/span><\/p>\n<p><span style=\"font-family: comic sans ms,sans-serif\">&#8211; <strong>M\u00e4rchenwerkstatt<\/strong> (mit Besuch einer M\u00e4rchenerz\u00e4hlerin)<\/span><br \/>\n<span style=\"font-family: comic sans ms,sans-serif\">&#8211; <strong>Obst und Gem\u00fcse<\/strong> (mit Wochenmarktbesuch, Besuch eines Bauernhofes)<\/span><br \/>\n<span style=\"font-family: comic sans ms,sans-serif\">&#8211; <strong>Astrid Lindgren<\/strong> (Besuch einer Sch\u00fclerin, die als Austauschsch\u00fclerin in Schweden war)<\/span><br \/>\n<span style=\"font-family: comic sans ms,sans-serif\">&#8211; <strong>Europa<\/strong> (mit anschlie\u00dfender Ausstellung)<\/span><br \/>\n<span style=\"font-family: comic sans ms,sans-serif\">&#8211; Juni 2008: <strong>Zootiere<\/strong> (mit Besuch des Osnabr\u00fccker Zoos)<\/span><br \/>\n<span style=\"font-family: comic sans ms,sans-serif\">&#8211; April 2011:<strong> Indianer<\/strong><\/span><br \/>\n<span style=\"font-family: comic sans ms,sans-serif\">&#8211; Juni 2012: <strong>Alte Spiele neu entdeckt<\/strong> (mit anschlie\u00dfendem Schulfest)<\/span><br \/>\n<span style=\"font-family: comic sans ms,sans-serif\">&#8211; Juni 2016:<strong> Europameisterschaft<\/strong> (mit anschlie\u00dfendem Schulfest)<\/span><br \/>\n<span style=\"font-family: comic sans ms,sans-serif\">&#8211; April 2017: <strong>R\u00f6mer und Germanen<\/strong> (mit Besuch der Varusschlacht in Kalkriese)<\/span><\/p>\n","protected":false},"excerpt":{"rendered":"<p>In den vergangenen Jahren wurde an unserer Schule regelm\u00e4\u00dfig Projektarbeit durchgef\u00fchrt. Diese Projekte umfassen einen Zeitraum von drei bis f\u00fcnf Tagen. Wenn m\u00f6glich werden auch externe Experten eingeladen. Je nach Thema werden auch Exkursionen angeboten. Am Ende werden die Ergebnisse evtl. in Ausstellungen pr\u00e4sentiert, z.T. schlie\u00dfen sich auch Schulfeste an das jeweilige Projekt an. Bisher &hellip; <a href=\"https:\/\/wordpress.nibis.de\/gsmenslage\/themenorientiert\/\" class=\"more-link\">Weiterlesen <span class=\"screen-reader-text\">Themenorientiert<\/span><\/a><\/p>\n","protected":false},"author":1243,"featured_media":0,"parent":0,"menu_order":0,"comment_status":"closed","ping_status":"closed","template":"","meta":{"footnotes":""},"class_list":["post-232","page","type-page","status-publish","hentry","without-featured-image"],"_links":{"self":[{"href":"https:\/\/wordpress.nibis.de\/gsmenslage\/wp-json\/wp\/v2\/pages\/232","targetHints":{"allow":["GET"]}}],"collection":[{"href":"https:\/\/wordpress.nibis.de\/gsmenslage\/wp-json\/wp\/v2\/pages"}],"about":[{"href":"https:\/\/wordpress.nibis.de\/gsmenslage\/wp-json\/wp\/v2\/types\/page"}],"author":[{"embeddable":true,"href":"https:\/\/wordpress.nibis.de\/gsmenslage\/wp-json\/wp\/v2\/users\/1243"}],"replies":[{"embeddable":true,"href":"https:\/\/wordpress.nibis.de\/gsmenslage\/wp-json\/wp\/v2\/comments?post=232"}],"version-history":[{"count":4,"href":"https:\/\/wordpress.nibis.de\/gsmenslage\/wp-json\/wp\/v2\/pages\/232\/revisions"}],"predecessor-version":[{"id":261,"href":"https:\/\/wordpress.nibis.de\/gsmenslage\/wp-json\/wp\/v2\/pages\/232\/revisions\/261"}],"wp:attachment":[{"href":"https:\/\/wordpress.nibis.de\/gsmenslage\/wp-json\/wp\/v2\/media?parent=232"}],"curies":[{"name":"wp","href":"https:\/\/api.w.org\/{rel}","templated":true}]}}