{"id":294,"date":"2017-11-06T13:55:10","date_gmt":"2017-11-06T12:55:10","guid":{"rendered":"http:\/\/wordpress.nibis.de\/gsmenslage\/?page_id=294"},"modified":"2017-12-07T20:27:11","modified_gmt":"2017-12-07T19:27:11","slug":"schulsozialarbeit","status":"publish","type":"page","link":"https:\/\/wordpress.nibis.de\/gsmenslage\/schulsozialarbeit\/","title":{"rendered":"Schulsozialarbeit"},"content":{"rendered":"<p><span style=\"font-family: comic sans ms, sans-serif;font-size: 14pt\">Willkommen bei der Schulsozialarbeit<\/span><\/p>\n<p><span style=\"font-family: comic sans ms, sans-serif\">Wof\u00fcr ist sie gut, was k\u00f6nnen Sie hier erwarten?<br \/>\nDie aufsuchende Schulsozialarbeit bietet ein vielf\u00e4ltiges Angebot.<\/span><\/p>\n<p><span style=\"font-family: comic sans ms, sans-serif\"><strong><u>Beratung bei:<br \/>\n<\/u><\/strong><\/span><\/p>\n<ul style=\"list-style-type: disc\">\n<li><span style=\"font-family: comic sans ms, sans-serif\">Unterst\u00fctzung bei der Bew\u00e4ltigung von (Schul-) Alltagssituationen, bei formellen Angelegenheiten und Vermittlung von weiterf\u00fchrenden Hilfen<\/span><\/li>\n<li><span style=\"font-family: comic sans ms, sans-serif\">Begleitung bei den \u00dcberg\u00e4ngen:<\/span><br \/>\n<span style=\"font-family: comic sans ms, sans-serif\"> Vom Kindergarten in die Schule, von der Sprachf\u00f6rderschule in die erste Klasse, von der Grundschule in die weiterf\u00fchrende Schule<\/span><\/li>\n<li><span style=\"font-family: comic sans ms, sans-serif\">Vermittlung von Ferienma\u00dfnahmen<\/span><\/li>\n<li><span style=\"font-family: comic sans ms, sans-serif\">Schwierigkeiten bei der Bew\u00e4ltigung des Schulalltags: <\/span><br \/>\n<span style=\"font-family: comic sans ms, sans-serif\"> Zielesetzung der Beratungen ist, die Konflikte\/die Schwierigkeiten und deren dahinter stehenden Sinn zu verstehen und L\u00f6sungswege zu erarbeiten.<\/span><\/li>\n<li><span style=\"font-family: comic sans ms, sans-serif\">Erziehungsberatung<\/span><\/li>\n<\/ul>\n<p><span style=\"font-family: comic sans ms, sans-serif\">Die Einzel-, Paar-, oder Familienberatung ist stets freiwillig und findet in der Schule oder bei den Familien zu Hause statt.<\/span><\/p>\n<p><span style=\"font-family: comic sans ms, sans-serif\"><strong><u>Sportliches Gruppenangebot, Sozialtraining: \u201cKraftWerk\u201d:<br \/>\n<\/u><\/strong>Acht Kinder treffen sich 10 x nachmittags zum Spa\u00df und Spiel, angeleiteten Ringen\/Raufen mit Vertrauen sowie Regellernen.<\/span><\/p>\n<p><span style=\"font-family: comic sans ms, sans-serif\"><strong><u>Internationale Familienfreizeit:<br \/>\n<\/u><\/strong>Einmal im Monat, f\u00fcr bis zu drei Stunden, sind die Familien der Schule eingeladen, an einer Freizeitaktion teilzunehmen.<\/span><\/p>\n<p><span style=\"font-family: comic sans ms, sans-serif\"><strong><u>Unterst\u00fctzung bei der Entwicklung neuer Schulprojekte:<br \/>\n<\/u><\/strong>Die Schule bietet bereits einige erfolgreiche Gruppenangebote f\u00fcr die Sch\u00fcler und Sch\u00fclerinnen an. Haben Sie Interesse daran, sich mit einer Idee oder einem Angebot einzubringen? Die Schulsozialarbeit hat ein offenes Ohr f\u00fcr Sie!<\/span><\/p>\n<p><span style=\"font-family: comic sans ms, sans-serif\"><strong><u>Die Schulsozialarbeiterin:<br \/>\n<\/u><\/strong>Sie erreichen Frau Carmen K\u00f6rber-Triphaus, Dipl. Sozialarbeiterin und systemische Beraterin\/Therapeutin unter:<\/span><\/p>\n<p><span style=\"font-family: comic sans ms, sans-serif\">Tel.: 01511 7885660 oder 05435 3369516<br \/>\nEmail: <a href=\"&#109;&#97;&#x69;l&#116;&#x6f;&#x3a;m&#97;&#x69;&#x6c;&#64;&#107;&#x6f;&#x6e;t&#97;&#x6b;&#x74;i&#98;&#x65;&#x6c;&#46;&#100;&#x65;\">&#x6d;&#97;i&#x6c;&#x40;&#107;o&#x6e;&#x74;&#97;k&#x74;&#x69;&#98;e&#x6c;&#x2e;&#100;e<br \/>\n<\/a><\/span><span style=\"font-family: comic sans ms, sans-serif\">Internet: www.kontaktibel.de<\/span><\/p>\n","protected":false},"excerpt":{"rendered":"<p>Willkommen bei der Schulsozialarbeit Wof\u00fcr ist sie gut, was k\u00f6nnen Sie hier erwarten? Die aufsuchende Schulsozialarbeit bietet ein vielf\u00e4ltiges Angebot. Beratung bei: Unterst\u00fctzung bei der Bew\u00e4ltigung von (Schul-) Alltagssituationen, bei formellen Angelegenheiten und Vermittlung von weiterf\u00fchrenden Hilfen Begleitung bei den \u00dcberg\u00e4ngen: Vom Kindergarten in die Schule, von der Sprachf\u00f6rderschule in die erste Klasse, von der &hellip; <a href=\"https:\/\/wordpress.nibis.de\/gsmenslage\/schulsozialarbeit\/\" class=\"more-link\">Weiterlesen <span class=\"screen-reader-text\">Schulsozialarbeit<\/span><\/a><\/p>\n","protected":false},"author":1243,"featured_media":0,"parent":0,"menu_order":0,"comment_status":"closed","ping_status":"closed","template":"","meta":{"footnotes":""},"class_list":["post-294","page","type-page","status-publish","hentry","without-featured-image"],"_links":{"self":[{"href":"https:\/\/wordpress.nibis.de\/gsmenslage\/wp-json\/wp\/v2\/pages\/294","targetHints":{"allow":["GET"]}}],"collection":[{"href":"https:\/\/wordpress.nibis.de\/gsmenslage\/wp-json\/wp\/v2\/pages"}],"about":[{"href":"https:\/\/wordpress.nibis.de\/gsmenslage\/wp-json\/wp\/v2\/types\/page"}],"author":[{"embeddable":true,"href":"https:\/\/wordpress.nibis.de\/gsmenslage\/wp-json\/wp\/v2\/users\/1243"}],"replies":[{"embeddable":true,"href":"https:\/\/wordpress.nibis.de\/gsmenslage\/wp-json\/wp\/v2\/comments?post=294"}],"version-history":[{"count":6,"href":"https:\/\/wordpress.nibis.de\/gsmenslage\/wp-json\/wp\/v2\/pages\/294\/revisions"}],"predecessor-version":[{"id":324,"href":"https:\/\/wordpress.nibis.de\/gsmenslage\/wp-json\/wp\/v2\/pages\/294\/revisions\/324"}],"wp:attachment":[{"href":"https:\/\/wordpress.nibis.de\/gsmenslage\/wp-json\/wp\/v2\/media?parent=294"}],"curies":[{"name":"wp","href":"https:\/\/api.w.org\/{rel}","templated":true}]}}