{"id":82,"date":"2017-02-15T10:11:55","date_gmt":"2017-02-15T09:11:55","guid":{"rendered":"http:\/\/wordpress.nibis.de\/gsmenslage\/?page_id=82"},"modified":"2021-09-14T19:02:23","modified_gmt":"2021-09-14T17:02:23","slug":"impressum","status":"publish","type":"page","link":"https:\/\/wordpress.nibis.de\/gsmenslage\/impressum\/","title":{"rendered":"Impressum"},"content":{"rendered":"<p><b>\u00a0<\/b><\/p>\n<p>Land Niedersachsen (Dienstanbieter im Sinne des Telemediengesetzes)<\/p>\n<p><strong>Das Land Niedersachsen ist eine juristische Person des \u00f6ffentlichen Rechts vertreten durch <\/strong><\/p>\n<p><strong>die Schulleiterin:\u00a0<\/strong>Frau Marietta Schmitz-Menke<br \/>\n<span style=\"color: #000000\">Grundschule Menslage<br \/>\n<\/span><span style=\"color: #000000\">Spiekstra\u00dfe 20<br \/>\n<\/span><span style=\"color: #000000\">49637 Menslage<br \/>\n<\/span><span style=\"color: #000000\">Tel.: 05437\/1221<br \/>\n<\/span><span style=\"color: #000000\">Fax. 05437\/9397<br \/>\n<\/span><span style=\"color: #000000\">Email: &#105;&#x6e;f&#111;&#x40;g&#114;&#x75;n&#x64;&#x73;&#99;&#x68;u&#108;&#x65;-&#109;&#x65;n&#x73;&#x6c;&#97;&#x67;&#x65;&#46;&#x64;e<br \/>\n<\/span><\/p>\n<p><strong>Schulische Datenschutzbeauftragte: Michaela Eilers<\/strong><strong><br \/>\n<\/strong><\/p>\n<p>Verantwortlicher f\u00fcr redaktionell-journalistische Angebote i. S. d. \u00a7 55 Abs. 2 Rundfunkstaatsvertrag:<\/p>\n<p>Marietta Schmitz-Menke<br \/>\nGrundschule Menslage<br \/>\nSpiekstra\u00dfe 20<br \/>\n49637 Menslage<br \/>\nTel.: 05437\/1221<\/p>\n<p><strong>Disclaimer<\/strong><\/p>\n<p>Diese Website beinhaltet externe Links. Deren Inhalte entziehen sich unserer Einflussnahme, sodass eine Gew\u00e4hr f\u00fcr solche Inhalte von uns nicht \u00fcbernommen werden kann.<\/p>\n<p>Die Verantwortung liegt stets beim jeweiligen Betreiber der externen Seiten. Zum Zeitpunkt der Verkn\u00fcpfung der externen Links waren keine Rechtsverst\u00f6\u00dfe ersichtlich. Die permanente \u00dcberwachung fremder Inhalte auf Rechtsverst\u00f6\u00dfe ohne konkrete Hinweise ist uns nicht zumutbar.<\/p>\n<p>Sollten wir Kenntnis von Rechtsverletzungen erlangen, werden wir die entsprechenden externen Links unverz\u00fcglich entfernen.<\/p>\n","protected":false},"excerpt":{"rendered":"<p>\u00a0 Land Niedersachsen (Dienstanbieter im Sinne des Telemediengesetzes) Das Land Niedersachsen ist eine juristische Person des \u00f6ffentlichen Rechts vertreten durch die Schulleiterin:\u00a0Frau Marietta Schmitz-Menke Grundschule Menslage Spiekstra\u00dfe 20 49637 Menslage Tel.: 05437\/1221 Fax. 05437\/9397 Email: &#105;n&#102;o&#64;g&#x72;u&#x6e;d&#x73;c&#x68;u&#x6c;e&#x2d;m&#x65;n&#x73;l&#x61;g&#x65;&#46;&#x64;&#101; Schulische Datenschutzbeauftragte: Michaela Eilers Verantwortlicher f\u00fcr redaktionell-journalistische Angebote i. S. d. \u00a7 55 Abs. 2 Rundfunkstaatsvertrag: Marietta Schmitz-Menke Grundschule &hellip; <a href=\"https:\/\/wordpress.nibis.de\/gsmenslage\/impressum\/\" class=\"more-link\">Weiterlesen <span class=\"screen-reader-text\">Impressum<\/span><\/a><\/p>\n","protected":false},"author":1243,"featured_media":0,"parent":0,"menu_order":0,"comment_status":"closed","ping_status":"closed","template":"","meta":{"footnotes":""},"class_list":["post-82","page","type-page","status-publish","hentry","without-featured-image"],"_links":{"self":[{"href":"https:\/\/wordpress.nibis.de\/gsmenslage\/wp-json\/wp\/v2\/pages\/82","targetHints":{"allow":["GET"]}}],"collection":[{"href":"https:\/\/wordpress.nibis.de\/gsmenslage\/wp-json\/wp\/v2\/pages"}],"about":[{"href":"https:\/\/wordpress.nibis.de\/gsmenslage\/wp-json\/wp\/v2\/types\/page"}],"author":[{"embeddable":true,"href":"https:\/\/wordpress.nibis.de\/gsmenslage\/wp-json\/wp\/v2\/users\/1243"}],"replies":[{"embeddable":true,"href":"https:\/\/wordpress.nibis.de\/gsmenslage\/wp-json\/wp\/v2\/comments?post=82"}],"version-history":[{"count":11,"href":"https:\/\/wordpress.nibis.de\/gsmenslage\/wp-json\/wp\/v2\/pages\/82\/revisions"}],"predecessor-version":[{"id":1526,"href":"https:\/\/wordpress.nibis.de\/gsmenslage\/wp-json\/wp\/v2\/pages\/82\/revisions\/1526"}],"wp:attachment":[{"href":"https:\/\/wordpress.nibis.de\/gsmenslage\/wp-json\/wp\/v2\/media?parent=82"}],"curies":[{"name":"wp","href":"https:\/\/api.w.org\/{rel}","templated":true}]}}