{"id":105,"date":"2018-05-22T21:38:03","date_gmt":"2018-05-22T19:38:03","guid":{"rendered":"http:\/\/wordpress.nibis.de\/gsneetze\/?page_id=105"},"modified":"2019-06-28T10:25:09","modified_gmt":"2019-06-28T08:25:09","slug":"satzung-foerderverein","status":"publish","type":"page","link":"https:\/\/wordpress.nibis.de\/gsneetze\/satzung-foerderverein\/","title":{"rendered":"Satzung Schulverein"},"content":{"rendered":"<p><span style=\"font-family: arial,helvetica,sans-serif\"><span style=\"font-family: arial,helvetica,sans-serif\">S a t z u n g<\/span><\/span><\/p>\n<p>&nbsp;<\/p>\n<div>\n<p><span style=\"font-family: arial,helvetica,sans-serif\"><strong>\u00a7 1&nbsp;Name, Sitz und Gesch\u00e4ftsjahr<\/strong><\/span><\/p>\n<p><span style=\"font-family: arial,helvetica,sans-serif\">Der Verein f\u00fchrt den Namen \u201eSchulverein der Grundschule Neetze\u201c und hat seinen Sitz in Neetze. Der Verein ist in das Vereinsregister beim Amtsgericht L\u00fcneburg eingetragen. Das Gesch\u00e4ftsjahr ist das Schuljahr.<\/span><\/p>\n<p><span style=\"font-family: arial,helvetica,sans-serif\"><strong>\u00a7 2 Zweck des Vereins<\/strong><\/span><\/p>\n<p><span style=\"font-family: arial,helvetica,sans-serif\">Der Verein ist \u00fcberparteilich und unabh\u00e4ngig. Er verfolgt ausschlie\u00dflich und unmittelbar gemeinn\u00fctzige Zwecke im Sinne des Abschnitts &#8222;Steuerbeg\u00fcnstigte Zwecke\u201c der Abgabenordnung. Der Verein ist selbstlos t\u00e4tig und verfolgt nicht in erster Linie eigenwirtschaftliche Zwecke. Mittel des Vereins d\u00fcrfen nur f\u00fcr satzungsgem\u00e4\u00dfe Zwecke verwendet werden. Die Mitglieder erhalten keine Zuwendungen aus Mitteln des Vereins. Es darf keine Person durch Ausgaben beg\u00fcnstigt werden, die dem Zweck des Vereins fremd sind oder die verh\u00e4ltnism\u00e4\u00dfig hohe Verg\u00fctungen darstellen.<\/span><\/p>\n<p><span style=\"font-family: arial,helvetica,sans-serif\">Der Verein verfolgt insbesondere folgende Zwecke:<\/span><br \/>\n<span style=\"font-family: arial,helvetica,sans-serif\">&#8211; F\u00f6rderung der Zusammenarbeit zwischen Schule und Elternhaus<\/span><br \/>\n<span style=\"font-family: arial,helvetica,sans-serif\">&#8211; Beschaffung zus\u00e4tzlicher Lehrmittel, Ger\u00e4te und Anlagen, sowie F\u00f6rderung und Unterst\u00fctzung der Schule, soweit &nbsp; es nicht Aufgabe des Schultr\u00e4gers ist.<\/span><br \/>\n<span style=\"font-family: arial,helvetica,sans-serif\">&#8211; Bereitstellung von Pr\u00e4mien und Preisen f\u00fcr sportliche und sonstige Veranstaltungen, auch durch Gew\u00e4hrung von &nbsp; &nbsp; &nbsp; &nbsp; Zusch\u00fcssen.<\/span><br \/>\n<span style=\"font-family: arial,helvetica,sans-serif\">&#8211; Zusch\u00fcsse zu Schulveranstaltungen, Wanderungen und Klassenfahrten und zum Ausgleich sozialer H\u00e4rten.<\/span><br \/>\n<span style=\"font-family: arial,helvetica,sans-serif\">&#8211; Organisation und Finanzierung von Veranstaltungen der Elternschaft der Schule.<\/span><\/p>\n<p><span style=\"font-family: arial,helvetica,sans-serif\"><strong>\u00a7 3&nbsp;Mitgliedschaft<\/strong><\/span><\/p>\n<p><span style=\"font-family: arial,helvetica,sans-serif\">Mitglieder k\u00f6nnen nat\u00fcrliche und juristische Personen werden, insbesondere die Eltern oder gesetzlichen Vertreter von Sch\u00fclern der Grundschule Neetze. \u00dcber den schriftlich zu stellenden Aufnahmeantrag entscheidet der Vorstand.<\/span><\/p>\n<p><span style=\"font-family: arial,helvetica,sans-serif\">F\u00f6rderer des Vereins sind Personen, die sich zu den Zielen des Vereins bekennen und zur F\u00f6rderung seiner Zwecke und Aufgaben Beitr\u00e4ge zu leisten bereit sind, ohne Mitglied zu sein.<\/span><\/p>\n<p><span style=\"font-family: arial,helvetica,sans-serif\">Die Mitgliedschaft erlischt durch schriftliche K\u00fcndigung seitens des Mitgliedes mindestens einen Monat vor Ende des Gesch\u00e4ftsjahres oder durch Ausschluss aus dem Verein. Der Ausschluss wird durch den Vorstand schriftlich ausgesprochen, wenn das Mitglied das Ansehen und die Interessen des Vereins sch\u00e4digt oder wenn trotz zweimaliger Aufforderung das Mitglied seinen Beitragsverpflichtungen nicht nachkommt.<\/span><\/p>\n<p><span style=\"font-family: arial,helvetica,sans-serif\"><strong>\u00a7 4&nbsp;Beitrag<\/strong><\/span><\/p>\n<p align=\"left\"><span style=\"font-family: arial,helvetica,sans-serif\">Die H\u00f6he des Mitgliederbeitrags wird von der Mitgliederversammlung festgelegt. Der Beitrag betr\u00e4gt zur Zeit f\u00fcr jedes Mitglied EUR 15,&#8211; j\u00e4hrlich.<\/span><\/p>\n<p><span style=\"font-family: arial,helvetica,sans-serif\"><strong>\u00a7 5&nbsp;Organe des Vereins<\/strong><\/span><\/p>\n<p><span style=\"font-family: arial,helvetica,sans-serif\">Die Organe des Vereins sind die Mitgliederversammlung und der Vorstand.<\/span><\/p>\n<p align=\"left\"><span style=\"font-family: arial,helvetica,sans-serif\"><strong>\u00a7 6&nbsp;Mitgliederversammlung<\/strong><\/span><\/p>\n<p><span style=\"font-family: arial,helvetica,sans-serif\">Die Mitgliederversammlung wird j\u00e4hrlich durch den Vorsitzenden des Vorstandes mit einer Ladungsfrist von 10 Tagen unter Bekanntgabe der Tagesordnung schriftlich einberufen. Eine au\u00dferordentliche Mitgliederversammlung ist durch den Vorsitzenden einzuberufen, wenn ein entsprechender Vorstandsbeschluss vorliegt oder wenn mindestens 10 % der Mitglieder unter Angabe des Grundes die Einberufung verlangen. Auch au\u00dferordentliche Mitgliederversammlungen sind schriftlich unter Angabe der Tagesordnung mit einer Ladungsfrist von 10 Tagen einzuberufen.<\/span><\/p>\n<\/div>\n<p>&nbsp;<\/p>\n<p>&nbsp;<\/p>\n","protected":false},"excerpt":{"rendered":"<p>S a t z u n g &nbsp; \u00a7 1&nbsp;Name, Sitz und Gesch\u00e4ftsjahr Der Verein f\u00fchrt den Namen \u201eSchulverein der Grundschule Neetze\u201c und hat seinen Sitz in Neetze. Der Verein ist in das Vereinsregister beim Amtsgericht L\u00fcneburg eingetragen. Das Gesch\u00e4ftsjahr &hellip; <a href=\"https:\/\/wordpress.nibis.de\/gsneetze\/satzung-foerderverein\/\">Weiterlesen <span class=\"meta-nav\">&rarr;<\/span><\/a><\/p>\n","protected":false},"author":9192573,"featured_media":0,"parent":0,"menu_order":0,"comment_status":"closed","ping_status":"closed","template":"","meta":{"footnotes":""},"class_list":["post-105","page","type-page","status-publish","hentry"],"_links":{"self":[{"href":"https:\/\/wordpress.nibis.de\/gsneetze\/wp-json\/wp\/v2\/pages\/105","targetHints":{"allow":["GET"]}}],"collection":[{"href":"https:\/\/wordpress.nibis.de\/gsneetze\/wp-json\/wp\/v2\/pages"}],"about":[{"href":"https:\/\/wordpress.nibis.de\/gsneetze\/wp-json\/wp\/v2\/types\/page"}],"author":[{"embeddable":true,"href":"https:\/\/wordpress.nibis.de\/gsneetze\/wp-json\/wp\/v2\/users\/9192573"}],"replies":[{"embeddable":true,"href":"https:\/\/wordpress.nibis.de\/gsneetze\/wp-json\/wp\/v2\/comments?post=105"}],"version-history":[{"count":3,"href":"https:\/\/wordpress.nibis.de\/gsneetze\/wp-json\/wp\/v2\/pages\/105\/revisions"}],"predecessor-version":[{"id":716,"href":"https:\/\/wordpress.nibis.de\/gsneetze\/wp-json\/wp\/v2\/pages\/105\/revisions\/716"}],"wp:attachment":[{"href":"https:\/\/wordpress.nibis.de\/gsneetze\/wp-json\/wp\/v2\/media?parent=105"}],"curies":[{"name":"wp","href":"https:\/\/api.w.org\/{rel}","templated":true}]}}