{"id":107,"date":"2018-05-22T21:40:45","date_gmt":"2018-05-22T19:40:45","guid":{"rendered":"http:\/\/wordpress.nibis.de\/gsneetze\/?page_id=107"},"modified":"2025-06-10T10:14:38","modified_gmt":"2025-06-10T08:14:38","slug":"foerderverein","status":"publish","type":"page","link":"https:\/\/wordpress.nibis.de\/gsneetze\/foerderverein\/","title":{"rendered":"Schulverein"},"content":{"rendered":"<p style=\"text-align: center\"><span style=\"font-family: arial,helvetica,sans-serif\"><strong>Der Schulverein der Grundschule Neetze stellt sich vor:<\/strong><\/span><\/p>\n<div>\n<p align=\"center\"><span style=\"font-family: arial,helvetica,sans-serif\"><strong>Ohne Engagement der Eltern<br \/>geht es nicht!<\/strong><\/span><\/p>\n<p align=\"center\"><span style=\"font-family: arial,helvetica,sans-serif\"><strong>Daher bitten wir Sie\/Dich,<br \/><\/strong><strong>dem Schulverein beizutreten.<\/strong><\/span><\/p>\n<p align=\"center\"><span style=\"font-family: arial,helvetica,sans-serif\"><strong>Vielen Dank<br \/>f\u00fcr Ihre\/Deine<br \/>Unterst\u00fctzung!<\/strong><\/span><\/p>\n<p align=\"center\"><span style=\"font-size: 14pt\"><span style=\"color: #ff0000\">Hier<\/span><span style=\"color: #ff9900\"><span style=\"color: #000000\"><span style=\"color: #008000\"> geht<\/span> <span style=\"color: #0000ff\"><span style=\"color: #ff9900\">es<\/span> <span style=\"color: #ff00ff\">zum<\/span><\/span> <a href=\"https:\/\/wordpress.nibis.de\/gsneetze\/files\/2023\/08\/Flyer-Anmeldeformular.pdf\">Flyer<\/a>, zur <a href=\"https:\/\/wordpress.nibis.de\/gsneetze\/files\/2023\/09\/Beitrittserklaerung-Schulverein-der-Grundschule-Neetze.docx\">Beitrittserkl\u00e4rung<\/a>\u00a0<span style=\"color: #ff0000\">und<\/span> <span style=\"color: #339966\">einer<\/span> <span style=\"color: #ffcc00\">dazugeh\u00f6rigen<\/span> <a href=\"https:\/\/wordpress.nibis.de\/gsneetze\/files\/2023\/08\/Einwilligung-Whatsapp-Schulverein.docx\">Einwilligung<\/a>.<\/span><\/span><\/span><\/p>\n<p align=\"center\"><span style=\"color: #008000;font-size: 14pt\">Aktuell!! Wir bedanken uns bei allen Sponsoren, Helfern und K\u00e4ufern, die uns beim Kekswettbewerb und auf dem Weihnachtsmarkt unterst\u00fctzt haben. (Fotos siehe unten!)<\/span><\/p>\n<p align=\"left\"><span style=\"font-family: arial,helvetica,sans-serif\"><strong>Ihre Kinder sollen weiterhin&#8230;<\/strong><\/span><\/p>\n<p align=\"left\"><span style=\"font-family: arial,helvetica,sans-serif\">&#8230; bei Erziehung, Bildung und Entwicklung an der Grundschule Neetze in vielerlei Hinsicht unterst\u00fctzt werden:\u00a0<\/span><\/p>\n<p align=\"left\"><span style=\"font-family: arial,helvetica,sans-serif\">\u00a0&#8211; Sachspenden f\u00fcr Unterricht, Schulr\u00e4ume, Pausenhof und B\u00fccherei<\/span><\/p>\n<p align=\"left\"><span style=\"font-family: arial,helvetica,sans-serif\">\u00a0&#8211; Aktivit\u00e4ten zur Versch\u00f6nerung des Schulumfeldes, z.B. die Gestaltung des Schulhofes und der Aula<\/span><\/p>\n<p align=\"left\"><span style=\"font-family: arial,helvetica,sans-serif\">\u00a0&#8211; Unterst\u00fctzung bei Klassenfahrten in sozialen H\u00e4rtef\u00e4llen<\/span><\/p>\n<p align=\"left\"><span style=\"font-family: arial,helvetica,sans-serif\">\u00a0&#8211; Mitwirkung bei Schulfesten und Veranstaltungen (Weihnachtsmarkt, Cafeteria bei\u00a0der Einschulung und Schulfesten)<\/span><\/p>\n<p align=\"left\"><span style=\"font-family: arial,helvetica,sans-serif\">\u00a0&#8211; Mitorganisation von Elternabenden zu p\u00e4dagogischen Themen<\/span><\/p>\n<p align=\"left\"><span style=\"font-family: arial,helvetica,sans-serif\"><strong>Wir verstehen uns&#8230;<\/strong><\/span><\/p>\n<p align=\"left\"><span style=\"font-family: arial,helvetica,sans-serif\">&#8230; als notwendige Erg\u00e4nzung f\u00fcr die nicht ausreichenden Mittel, die von \u00f6ffentlicher Seite flie\u00dfen.<\/span><\/p>\n<p align=\"left\"><span style=\"font-family: arial,helvetica,sans-serif\"><strong>Wir m\u00f6chten&#8230;<\/strong><\/span><\/p>\n<p align=\"left\"><span style=\"font-family: arial,helvetica,sans-serif\">&#8230; Eltern, Lehrer, Firmen und Interessierte ansprechen, uns tatkr\u00e4ftig und finanziell zu unterst\u00fctzen.<\/span><\/p>\n<p align=\"left\"><span style=\"font-family: arial,helvetica,sans-serif\">&#8230; das Miteinander von Eltern, LehrerInnen und Sch\u00fclerInnen der Schule f\u00f6rdern<\/span><\/p>\n<p align=\"left\"><span style=\"font-family: arial,helvetica,sans-serif\"><strong>\u00a0<\/strong><\/span><\/p>\n<p align=\"left\"><span style=\"font-family: arial,helvetica,sans-serif\"><strong>Eine weiterhin erfolgreiche Vereinsarbeit ist nur durch Ihre finanzielle und tatkr\u00e4ftige Unterst\u00fctzung an unserer Schule m\u00f6glich!<\/strong><\/span><\/p>\n<p align=\"left\"><span style=\"font-family: arial,helvetica,sans-serif\"><strong>\u00a0<\/strong><\/span><\/p>\n<p align=\"left\"><span style=\"font-family: arial,helvetica,sans-serif\"><strong>R\u00fcckblick f\u00fcr die letzten Jahre:<\/strong><\/span><\/p>\n<p align=\"left\"><span style=\"font-family: arial,helvetica,sans-serif\">Ausstattung der Schulb\u00fccherei, Lektorenlesungen<\/span><\/p>\n<p align=\"left\"><span style=\"font-family: arial,helvetica,sans-serif\">Zusch\u00fcsse zu Klassenfahrten, Gewaltpr\u00e4ventionstheatern und Kunstprojekten<\/span><\/p>\n<p align=\"left\"><span style=\"font-family: arial,helvetica,sans-serif\">Beteiligung an der Ausstattung der Schule mit PCs im Rahmen des Programms &#8222;Schulen ans Netz&#8220;<\/span><\/p>\n<p align=\"left\"><span style=\"font-family: arial,helvetica,sans-serif\">Computertische, CD-Player<\/span><\/p>\n<p align=\"left\"><span style=\"font-family: arial,helvetica,sans-serif\">Bezuschussung zum Bau eines Kletterger\u00fcstes<\/span><\/p>\n<p align=\"left\"><span style=\"font-family: arial,helvetica,sans-serif\">Schul-T-Shirts<\/span><\/p>\n<p align=\"left\"><span style=\"font-family: arial,helvetica,sans-serif\">Anschaffung einer Riesenrutsche f\u00fcr den Schulhof<\/span><\/p>\n<p align=\"left\"><span style=\"font-family: arial,helvetica,sans-serif\">Bau eines Pavillons auf dem Schulhof<\/span><\/p>\n<p align=\"left\"><span style=\"font-family: arial,helvetica,sans-serif\">finanzielle und organisatorische Unterst\u00fctzung bei der Zirkusprojektwoche<\/span><\/p>\n<p align=\"left\"><span style=\"font-family: arial,helvetica,sans-serif\"><span style=\"font-family: arial,helvetica,sans-serif\">Aufnahme einer CD des Schulchores &#8222;La Bamba&#8220;<\/span><\/span><\/p>\n<p align=\"left\"><span style=\"font-family: arial,helvetica,sans-serif\"><span style=\"font-family: arial,helvetica,sans-serif\"><span style=\"font-family: arial,helvetica,sans-serif\">Schulbecher<\/span><\/span><\/span><\/p>\n<p><span style=\"color: #ff0000\"><strong>Veranstaltungskalender 2024\/2025<\/strong><\/span><\/p>\n<ul>\n<li><span style=\"color: #666699\">Flohmarkt am 09.03.2025<\/span><\/li>\n<li><span style=\"color: #ff00ff\">Verabschiedung der 4. Klassen<\/span><\/li>\n<li><span style=\"color: #ff6600\">Elternabend f\u00fcr die Eingangsstufen\u00a0<\/span><\/li>\n<li><span style=\"color: #00ff00\">Einschulung 16.08.2025<\/span><\/li>\n<li><span style=\"color: #0000ff\">Kekswettbewerb im November<\/span><\/li>\n<li><span style=\"color: #ff9900\">Weihnachtsmarkt<\/span><\/li>\n<\/ul>\n<div id=\"attachment_1290\" style=\"width: 279px\" class=\"wp-caption alignright\"><img loading=\"lazy\" decoding=\"async\" aria-describedby=\"caption-attachment-1290\" class=\"wp-image-1290\" src=\"https:\/\/wordpress.nibis.de\/gsneetze\/files\/2025\/06\/IMG_7693-225x300.jpeg\" alt=\"\" width=\"269\" height=\"359\" srcset=\"https:\/\/wordpress.nibis.de\/gsneetze\/files\/2025\/06\/IMG_7693-225x300.jpeg 225w, https:\/\/wordpress.nibis.de\/gsneetze\/files\/2025\/06\/IMG_7693-450x600.jpeg 450w, https:\/\/wordpress.nibis.de\/gsneetze\/files\/2025\/06\/IMG_7693-768x1024.jpeg 768w, https:\/\/wordpress.nibis.de\/gsneetze\/files\/2025\/06\/IMG_7693-1152x1536.jpeg 1152w, https:\/\/wordpress.nibis.de\/gsneetze\/files\/2025\/06\/IMG_7693-1536x2048.jpeg 1536w, https:\/\/wordpress.nibis.de\/gsneetze\/files\/2025\/06\/IMG_7693-scaled.jpeg 1920w\" sizes=\"auto, (max-width: 269px) 100vw, 269px\" \/><p id=\"caption-attachment-1290\" class=\"wp-caption-text\">Der Vorstand des Schulvereins<\/p><\/div>\n<p align=\"left\"><span style=\"font-family: arial,helvetica,sans-serif\"><strong>Ansprechpartnerinnen des\u00a0Schulvereins der Grundschule Neetze:<\/strong><\/span><\/p>\n<p align=\"left\">1. Vorsitzende: Daniela Sch\u00fctze 0172-5320304<\/p>\n<p align=\"left\">2. Vorsitzende: Inga Zobel<\/p>\n<p align=\"left\">Weitere Mitglieder des Vorstands:<\/p>\n<p>Michaela Steller: Kassenwartin,<\/p>\n<p>Sarah Lechtenberg: Schriftf\u00fchrerin<\/p>\n<p align=\"left\"><span style=\"font-family: arial,helvetica,sans-serif\"><strong>Die Email Adresse lautet: <\/strong><\/span><\/p>\n<p align=\"left\"><span style=\"font-family: arial,helvetica,sans-serif\"><strong><span id=\"cloakbc5855df41dfbb425f1319befa01867d\"><a href=\"&#x6d;&#x61;&#105;l&#x74;&#x6f;&#58;sc&#x68;&#x75;&#108;v&#x65;&#x72;&#101;&#105;n&#x2e;&#x67;&#115;-&#x6e;&#x65;&#101;&#116;z&#x65;&#x40;&#103;m&#x78;&#x2e;&#100;&#101;\">&#x73;&#x63;&#x68;&#x75;&#108;&#118;ere&#x69;&#x6e;&#x2e;&#x67;&#115;&#45;nee&#x74;&#x7a;&#x65;&#x40;&#103;&#109;&#120;&#46;d&#x65;<\/a><\/span> \u00a0<\/strong><\/span><\/p>\n<\/div>\n<div>\n<p><span style=\"font-family: arial,helvetica,sans-serif\"><strong>Postanschrift:<\/strong><\/span><\/p>\n<p align=\"left\"><span style=\"font-family: arial,helvetica,sans-serif\"><strong>\u00a0\u00a0\u00a0\u00a0\u00a0\u00a0\u00a0\u00a0\u00a0\u00a0\u00a0\u00a0\u00a0\u00a0\u00a0\u00a0\u00a0\u00a0\u00a0\u00a0\u00a0\u00a0\u00a0 <\/strong>Schulverein der\u00a0Grundschule Neetze<\/span><\/p>\n<p align=\"left\"><span style=\"font-family: arial,helvetica,sans-serif\">\u00a0\u00a0\u00a0\u00a0\u00a0\u00a0\u00a0\u00a0\u00a0\u00a0\u00a0\u00a0\u00a0\u00a0\u00a0\u00a0\u00a0\u00a0\u00a0\u00a0\u00a0\u00a0S\u00fcttorfer Weg 17-19<\/span><\/p>\n<p align=\"left\"><span style=\"font-family: arial,helvetica,sans-serif\">\u00a0\u00a0\u00a0\u00a0\u00a0\u00a0\u00a0\u00a0\u00a0\u00a0\u00a0\u00a0\u00a0\u00a0\u00a0\u00a0\u00a0\u00a0\u00a0\u00a0\u00a0\u00a0 21398 Neetze<\/span><\/p>\n<p align=\"left\"><span style=\"font-family: arial,helvetica,sans-serif\"><strong>Bankverbindung:<\/strong><\/span><\/p>\n<p align=\"left\"><span style=\"font-family: arial,helvetica,sans-serif\"><strong>\u00a0\u00a0\u00a0\u00a0\u00a0\u00a0\u00a0\u00a0\u00a0\u00a0\u00a0\u00a0\u00a0\u00a0\u00a0\u00a0\u00a0\u00a0\u00a0\u00a0\u00a0\u00a0\u00a0 <\/strong>Kontonummer\u00a0\u00a0 DE 54240603000015085100<\/span><\/p>\n<p align=\"left\"><span style=\"font-family: arial,helvetica,sans-serif\">\u00a0\u00a0\u00a0\u00a0\u00a0\u00a0\u00a0\u00a0\u00a0\u00a0\u00a0\u00a0\u00a0\u00a0\u00a0\u00a0\u00a0\u00a0\u00a0\u00a0\u00a0\u00a0\u00a0Volksbank L\u00fcneburg<\/span><\/p>\n<\/div>\n<p><span style=\"font-family: arial,helvetica,sans-serif\"><strong>\u00a0<a href=\"http:\/\/wordpress.nibis.de\/gsneetze\/satzung-foerderverein\/\">Satzung<\/a><\/strong><\/span><\/p>\n\n\n<div id=\"attachment_1270\" style=\"width: 413px\" class=\"wp-caption aligncenter\"><img loading=\"lazy\" decoding=\"async\" aria-describedby=\"caption-attachment-1270\" class=\"wp-image-1270\" src=\"https:\/\/wordpress.nibis.de\/gsneetze\/files\/2025\/01\/kekse-2024-3-300x225.jpg\" alt=\"\" width=\"403\" height=\"303\" srcset=\"https:\/\/wordpress.nibis.de\/gsneetze\/files\/2025\/01\/kekse-2024-3-300x225.jpg 300w, https:\/\/wordpress.nibis.de\/gsneetze\/files\/2025\/01\/kekse-2024-3-800x600.jpg 800w, https:\/\/wordpress.nibis.de\/gsneetze\/files\/2025\/01\/kekse-2024-3-768x576.jpg 768w, https:\/\/wordpress.nibis.de\/gsneetze\/files\/2025\/01\/kekse-2024-3-1536x1152.jpg 1536w, https:\/\/wordpress.nibis.de\/gsneetze\/files\/2025\/01\/kekse-2024-3.jpg 2048w\" sizes=\"auto, (max-width: 403px) 100vw, 403px\" \/><p id=\"caption-attachment-1270\" class=\"wp-caption-text\">Keksbackwettbewerb 2024 &#8211; kleine Naschteller f\u00fcr unsere Klassen<\/p><\/div>\n<p><img loading=\"lazy\" decoding=\"async\" class=\"alignnone size-medium wp-image-1269 aligncenter\" src=\"https:\/\/wordpress.nibis.de\/gsneetze\/files\/2025\/01\/Kekse-2024-1-225x300.jpg\" alt=\"\" width=\"225\" height=\"300\" srcset=\"https:\/\/wordpress.nibis.de\/gsneetze\/files\/2025\/01\/Kekse-2024-1-225x300.jpg 225w, https:\/\/wordpress.nibis.de\/gsneetze\/files\/2025\/01\/Kekse-2024-1-450x600.jpg 450w, https:\/\/wordpress.nibis.de\/gsneetze\/files\/2025\/01\/Kekse-2024-1-768x1024.jpg 768w, https:\/\/wordpress.nibis.de\/gsneetze\/files\/2025\/01\/Kekse-2024-1-1152x1536.jpg 1152w, https:\/\/wordpress.nibis.de\/gsneetze\/files\/2025\/01\/Kekse-2024-1.jpg 1536w\" sizes=\"auto, (max-width: 225px) 100vw, 225px\" \/><\/p>\n<div id=\"attachment_1271\" style=\"width: 446px\" class=\"wp-caption alignright\"><img loading=\"lazy\" decoding=\"async\" aria-describedby=\"caption-attachment-1271\" class=\"wp-image-1271\" src=\"https:\/\/wordpress.nibis.de\/gsneetze\/files\/2025\/01\/kekse-2024-5-300x225.jpg\" alt=\"\" width=\"436\" height=\"327\" srcset=\"https:\/\/wordpress.nibis.de\/gsneetze\/files\/2025\/01\/kekse-2024-5-300x225.jpg 300w, https:\/\/wordpress.nibis.de\/gsneetze\/files\/2025\/01\/kekse-2024-5-800x600.jpg 800w, https:\/\/wordpress.nibis.de\/gsneetze\/files\/2025\/01\/kekse-2024-5-768x576.jpg 768w, https:\/\/wordpress.nibis.de\/gsneetze\/files\/2025\/01\/kekse-2024-5-1536x1152.jpg 1536w, https:\/\/wordpress.nibis.de\/gsneetze\/files\/2025\/01\/kekse-2024-5.jpg 2048w\" sizes=\"auto, (max-width: 436px) 100vw, 436px\" \/><p id=\"caption-attachment-1271\" class=\"wp-caption-text\">Vielen Dank an alle flei\u00dfigen HelferInnen!<\/p><\/div>\n","protected":false},"excerpt":{"rendered":"<p>Der Schulverein der Grundschule Neetze stellt sich vor: Ohne Engagement der Elterngeht es nicht! Daher bitten wir Sie\/Dich,dem Schulverein beizutreten. Vielen Dankf\u00fcr Ihre\/DeineUnterst\u00fctzung! Hier geht es zum Flyer, zur Beitrittserkl\u00e4rung\u00a0und einer dazugeh\u00f6rigen Einwilligung. Aktuell!! Wir bedanken uns bei allen Sponsoren, &hellip; <a href=\"https:\/\/wordpress.nibis.de\/gsneetze\/foerderverein\/\">Weiterlesen <span class=\"meta-nav\">&rarr;<\/span><\/a><\/p>\n","protected":false},"author":9192573,"featured_media":0,"parent":0,"menu_order":0,"comment_status":"closed","ping_status":"closed","template":"","meta":{"footnotes":""},"class_list":["post-107","page","type-page","status-publish","hentry"],"_links":{"self":[{"href":"https:\/\/wordpress.nibis.de\/gsneetze\/wp-json\/wp\/v2\/pages\/107","targetHints":{"allow":["GET"]}}],"collection":[{"href":"https:\/\/wordpress.nibis.de\/gsneetze\/wp-json\/wp\/v2\/pages"}],"about":[{"href":"https:\/\/wordpress.nibis.de\/gsneetze\/wp-json\/wp\/v2\/types\/page"}],"author":[{"embeddable":true,"href":"https:\/\/wordpress.nibis.de\/gsneetze\/wp-json\/wp\/v2\/users\/9192573"}],"replies":[{"embeddable":true,"href":"https:\/\/wordpress.nibis.de\/gsneetze\/wp-json\/wp\/v2\/comments?post=107"}],"version-history":[{"count":29,"href":"https:\/\/wordpress.nibis.de\/gsneetze\/wp-json\/wp\/v2\/pages\/107\/revisions"}],"predecessor-version":[{"id":1291,"href":"https:\/\/wordpress.nibis.de\/gsneetze\/wp-json\/wp\/v2\/pages\/107\/revisions\/1291"}],"wp:attachment":[{"href":"https:\/\/wordpress.nibis.de\/gsneetze\/wp-json\/wp\/v2\/media?parent=107"}],"curies":[{"name":"wp","href":"https:\/\/api.w.org\/{rel}","templated":true}]}}