{"id":112,"date":"2018-05-22T21:43:02","date_gmt":"2018-05-22T19:43:02","guid":{"rendered":"http:\/\/wordpress.nibis.de\/gsneetze\/?page_id=112"},"modified":"2023-09-17T17:58:16","modified_gmt":"2023-09-17T15:58:16","slug":"schulelternrat","status":"publish","type":"page","link":"https:\/\/wordpress.nibis.de\/gsneetze\/schulelternrat\/","title":{"rendered":"Schulelternrat"},"content":{"rendered":"<p><span style=\"font-family: arial,helvetica,sans-serif\"><strong>Schulelternrat der Grundschule Neetze\u00a0\u00a0\u00a0\u00a0\u00a0\u00a0\u00a0\u00a0\u00a0 <\/strong><\/span><\/p>\n<p align=\"left\"><span style=\"font-family: arial,helvetica,sans-serif\">Unser Schulklima wird nicht durch Erlasse und Gesetze gepr\u00e4gt,\u00a0sondern durch die in unserer\u00a0Schule und im Umfeld der Schule handelnden Eltern, Lehrer\/innen und Kinder!<\/span><\/p>\n<p><span style=\"font-family: arial,helvetica,sans-serif\"><strong>Eltern und Schule<\/strong><\/span><\/p>\n<p align=\"left\"><span style=\"font-family: arial,helvetica,sans-serif\">Wir als Eltern haben vielf\u00e4ltige M\u00f6glichkeiten, die Schule mit zu gestalten. Jede Klasse w\u00e4hlt Elternvertreter\/innen, die sich zun\u00e4chst um die Belange der Klasse k\u00fcmmern. Die jeweils zwei gew\u00e4hlten Elternvertreter\/innen pro Klasse sind automatisch Mitglied im Schulelternrat. Da unsere Grundschule zweiz\u00fcgig ist, besteht unser Elternrat aus 16 Mitgliedern, also f\u00fcr jede Klasse zwei Elternvertreter\/innen. Im Schulelternrat, der ca. 3- 4 mal im Schuljahr tagt, behandeln wir aktuelle Themen aus unserer Schule, aber auch weiterf\u00fchrende Themen aus dem Bereich der Schulpolitik.<\/span><\/p>\n<p align=\"left\"><span style=\"font-family: arial,helvetica,sans-serif\">Wir sind das Bindeglied zwischen Eltern, Schule und\u00a0Schulleitung.<\/span><\/p>\n<p align=\"left\"><span style=\"font-family: arial,helvetica,sans-serif\">Da der Erziehungsauftrag bei uns Eltern und bei den Lehrern liegt, ist es\u00a0wichtig und sinnvoll\u00a0sich untereinander abzustimmen, auszutauschen und erforderliche\u00a0Ma\u00dfnahmen miteinander zu besprechen.\u00a0<\/span><\/p>\n<p><span style=\"font-family: arial,helvetica,sans-serif\"><strong>Vorstand <\/strong><\/span><\/p>\n<p align=\"left\"><span style=\"font-family: arial,helvetica,sans-serif\">Hauptansprechpartner der Schulleitung und der Lehrer\/innen ist der von uns gew\u00e4hlte\u00a0Vorstand. <\/span><\/p>\n<p align=\"left\"><span style=\"font-family: arial,helvetica,sans-serif\">Durch den Paragraphen 94\u00a0 des NSchG gibt sich unser Schulelternrat (SER) folgende besondere Ordnung: An die Stelle des SER-Vorsitzenden und seiner Vertreter tritt ein Vorstand bestehend aus 3 Personen. Der Vorstand ist ein Kollegialorgan, so dass alle Mitglieder die gleichen Rechte und Pflichten haben.<\/span><\/p>\n<p align=\"left\"><span style=\"font-family: arial, helvetica, sans-serif\"><strong>In diesem Jahr ist der Elternratsvorsitzende:<\/strong><\/span><\/p>\n<p><span style=\"font-family: arial, helvetica, sans-serif\"><strong>\u00a0 \u00a0 \u00a0 \u00a0 \u00a0 \u00a0<\/strong><\/span><\/p>\n<p><span style=\"font-family: arial,helvetica,sans-serif\"><strong>Es gibt an unserer Schule immer etwas zu tun!<\/strong><\/span><\/p>\n<p align=\"left\"><span style=\"font-family: arial,helvetica,sans-serif\">Eltern und Lehrer sollten diesbez\u00fcglich Partner sein. <\/span><\/p>\n<p align=\"left\"><span style=\"font-family: arial,helvetica,sans-serif\">Wir Eltern k\u00f6nnen und sollen auch eigene Ideen und Vorschl\u00e4ge einbringen, die die Entwicklung unserer Kinder an der Schule f\u00f6rdern.<\/span><\/p>\n<p align=\"left\"><span style=\"font-family: arial,helvetica,sans-serif\">Durch gute Zusammenarbeit\u00a0entstehen mehr Ideen, mehr Konzepte, mehr N\u00e4he und weniger Distanz.\u00a0<\/span><\/p>\n<p align=\"left\"><span style=\"font-family: arial,helvetica,sans-serif\">Uns als Schulelternrat liegt es am Herzen,<\/span><\/p>\n<ul style=\"list-style-type: circle\">\n<li><span style=\"font-family: arial,helvetica,sans-serif\">dass die Schule f\u00fcr die Eltern transparent wird.<\/span><\/li>\n<li><span style=\"font-family: arial,helvetica,sans-serif\">dass\u00a0sich Eltern f\u00fcr das Geschehen in der Schule interessieren und mitmachen.<\/span><\/li>\n<li><span style=\"font-family: arial,helvetica,sans-serif\">dass am Schluss f\u00fcr unsere Kinder das Bestm\u00f6gliche herauskommt,\u00a0besonders unter schwierigen politischen Rahmenbedingungen.<\/span><\/li>\n<\/ul>\n<p align=\"left\"><span style=\"font-family: arial,helvetica,sans-serif\"><em>Je mehr Eltern sich engagieren, desto mehr erreichen wir f\u00fcr die Zukunft unserer Kinder!<\/em> <\/span><\/p>\n<p><span style=\"font-family: arial,helvetica,sans-serif\"><strong>Themen, Aufgaben und Aktionen<\/strong><\/span><\/p>\n<p align=\"left\"><span style=\"font-family: arial,helvetica,sans-serif\">Wir als Schulelternrat besch\u00e4ftigen uns zum Beispiel mit diesen Themen:<\/span><\/p>\n<ul style=\"list-style-type: circle\">\n<li><span style=\"font-family: arial,helvetica,sans-serif\">Wahl des Schulvorstandes<\/span><\/li>\n<li><span style=\"font-family: arial,helvetica,sans-serif\">Kontakt zu den \u00fcbergeordneten Gremien, z.B. dem Kreiselternrat und dem Schulausschuss der Samtgemeinde<\/span><\/li>\n<li><span style=\"font-family: arial,helvetica,sans-serif\">St\u00e4ndiger Kontakt zum Schulvorstand<\/span><\/li>\n<li><span style=\"font-family: arial,helvetica,sans-serif\">Besetzung von Gesamt- und Fachkonferenzen<\/span><\/li>\n<\/ul>\n<p align=\"left\"><span style=\"font-family: arial,helvetica,sans-serif\">Weiterf\u00fchrende Informationen finden\u00a0Sie\u00a0unter:<\/span><\/p>\n<p><a href=\"http:\/\/www.ler-nds.de\/\">http:\/\/www.ler-nds.de\/<\/a><\/p>\n<p><span style=\"font-family: arial,helvetica,sans-serif\"><a href=\"http:\/\/www.mk.niedersachsen.de\/\">www.mk.niedersachsen.de<\/a><\/span><\/p>\n","protected":false},"excerpt":{"rendered":"<p>Schulelternrat der Grundschule Neetze\u00a0\u00a0\u00a0\u00a0\u00a0\u00a0\u00a0\u00a0\u00a0 Unser Schulklima wird nicht durch Erlasse und Gesetze gepr\u00e4gt,\u00a0sondern durch die in unserer\u00a0Schule und im Umfeld der Schule handelnden Eltern, Lehrer\/innen und Kinder! Eltern und Schule Wir als Eltern haben vielf\u00e4ltige M\u00f6glichkeiten, die Schule mit zu &hellip; <a href=\"https:\/\/wordpress.nibis.de\/gsneetze\/schulelternrat\/\">Weiterlesen <span class=\"meta-nav\">&rarr;<\/span><\/a><\/p>\n","protected":false},"author":9192573,"featured_media":0,"parent":0,"menu_order":0,"comment_status":"closed","ping_status":"closed","template":"","meta":{"footnotes":""},"class_list":["post-112","page","type-page","status-publish","hentry"],"_links":{"self":[{"href":"https:\/\/wordpress.nibis.de\/gsneetze\/wp-json\/wp\/v2\/pages\/112","targetHints":{"allow":["GET"]}}],"collection":[{"href":"https:\/\/wordpress.nibis.de\/gsneetze\/wp-json\/wp\/v2\/pages"}],"about":[{"href":"https:\/\/wordpress.nibis.de\/gsneetze\/wp-json\/wp\/v2\/types\/page"}],"author":[{"embeddable":true,"href":"https:\/\/wordpress.nibis.de\/gsneetze\/wp-json\/wp\/v2\/users\/9192573"}],"replies":[{"embeddable":true,"href":"https:\/\/wordpress.nibis.de\/gsneetze\/wp-json\/wp\/v2\/comments?post=112"}],"version-history":[{"count":12,"href":"https:\/\/wordpress.nibis.de\/gsneetze\/wp-json\/wp\/v2\/pages\/112\/revisions"}],"predecessor-version":[{"id":1190,"href":"https:\/\/wordpress.nibis.de\/gsneetze\/wp-json\/wp\/v2\/pages\/112\/revisions\/1190"}],"wp:attachment":[{"href":"https:\/\/wordpress.nibis.de\/gsneetze\/wp-json\/wp\/v2\/media?parent=112"}],"curies":[{"name":"wp","href":"https:\/\/api.w.org\/{rel}","templated":true}]}}