{"id":121,"date":"2018-05-22T21:53:34","date_gmt":"2018-05-22T19:53:34","guid":{"rendered":"http:\/\/wordpress.nibis.de\/gsneetze\/?page_id=121"},"modified":"2022-03-03T11:44:49","modified_gmt":"2022-03-03T10:44:49","slug":"leitbild","status":"publish","type":"page","link":"https:\/\/wordpress.nibis.de\/gsneetze\/leitbild\/","title":{"rendered":"Leitbild"},"content":{"rendered":"<h1><\/h1>\n<h1 style=\"text-align: center\"><img loading=\"lazy\" decoding=\"async\" class=\"aligncenter size-full wp-image-465\" src=\"http:\/\/wordpress.nibis.de\/gsneetze\/files\/2018\/08\/Logo-1-e1534670336905.png\" alt=\"\" width=\"250\" height=\"98\" \/><\/h1>\n<p style=\"text-align: center\"><span style=\"font-family: comic sans ms,sans-serif;font-size: 14pt\"><strong>\u00a0<\/strong>Wir gestalten den Weg gemeinsam<\/span><\/p>\n<p style=\"text-align: center\"><span style=\"font-family: comic sans ms,sans-serif;font-size: 14pt\">Jeder ist besonders und zusammen sind wir stark<\/span><\/p>\n<p style=\"text-align: center\"><span style=\"font-family: comic sans ms,sans-serif;font-size: 14pt\">Das Kollegium ist ein Team<\/span><\/p>\n<p style=\"text-align: center\"><span style=\"font-family: comic sans ms,sans-serif;font-size: 14pt\">Wir gehen respektvoll miteinander um<\/span><\/p>\n<p style=\"text-align: center\"><span style=\"font-family: comic sans ms,sans-serif;font-size: 14pt\">Wir schaffen eine gute Lernatmosph\u00e4re<\/span><\/p>\n<p style=\"text-align: center\"><span style=\"font-family: comic sans ms,sans-serif;font-size: 14pt\">Wir achten und sch\u00fctzen die (Um-)Welt<\/span><\/p>\n<p style=\"text-align: left\"><span style=\"font-family: arial,helvetica,sans-serif;font-size: 8pt\">Stand: M\u00e4rz 2017<\/span><\/p>\n<p><span style=\"font-family: arial,helvetica,sans-serif\">Das Leitbild als vollst\u00e4ndiges Dokument finden Sie <a href=\"https:\/\/wordpress.nibis.de\/gsneetze\/files\/2022\/03\/Leitbild.pdf\">hier<\/a>.<\/span><\/p>\n","protected":false},"excerpt":{"rendered":"<p>\u00a0Wir gestalten den Weg gemeinsam Jeder ist besonders und zusammen sind wir stark Das Kollegium ist ein Team Wir gehen respektvoll miteinander um Wir schaffen eine gute Lernatmosph\u00e4re Wir achten und sch\u00fctzen die (Um-)Welt Stand: M\u00e4rz 2017 Das Leitbild als &hellip; <a href=\"https:\/\/wordpress.nibis.de\/gsneetze\/leitbild\/\">Weiterlesen <span class=\"meta-nav\">&rarr;<\/span><\/a><\/p>\n","protected":false},"author":9192573,"featured_media":0,"parent":0,"menu_order":0,"comment_status":"closed","ping_status":"closed","template":"","meta":{"footnotes":""},"class_list":["post-121","page","type-page","status-publish","hentry"],"_links":{"self":[{"href":"https:\/\/wordpress.nibis.de\/gsneetze\/wp-json\/wp\/v2\/pages\/121","targetHints":{"allow":["GET"]}}],"collection":[{"href":"https:\/\/wordpress.nibis.de\/gsneetze\/wp-json\/wp\/v2\/pages"}],"about":[{"href":"https:\/\/wordpress.nibis.de\/gsneetze\/wp-json\/wp\/v2\/types\/page"}],"author":[{"embeddable":true,"href":"https:\/\/wordpress.nibis.de\/gsneetze\/wp-json\/wp\/v2\/users\/9192573"}],"replies":[{"embeddable":true,"href":"https:\/\/wordpress.nibis.de\/gsneetze\/wp-json\/wp\/v2\/comments?post=121"}],"version-history":[{"count":8,"href":"https:\/\/wordpress.nibis.de\/gsneetze\/wp-json\/wp\/v2\/pages\/121\/revisions"}],"predecessor-version":[{"id":1085,"href":"https:\/\/wordpress.nibis.de\/gsneetze\/wp-json\/wp\/v2\/pages\/121\/revisions\/1085"}],"wp:attachment":[{"href":"https:\/\/wordpress.nibis.de\/gsneetze\/wp-json\/wp\/v2\/media?parent=121"}],"curies":[{"name":"wp","href":"https:\/\/api.w.org\/{rel}","templated":true}]}}