{"id":124,"date":"2018-05-22T21:58:39","date_gmt":"2018-05-22T19:58:39","guid":{"rendered":"http:\/\/wordpress.nibis.de\/gsneetze\/?page_id=124"},"modified":"2023-03-12T12:16:36","modified_gmt":"2023-03-12T11:16:36","slug":"sekretaerin","status":"publish","type":"page","link":"https:\/\/wordpress.nibis.de\/gsneetze\/sekretaerin\/","title":{"rendered":"Sekret\u00e4rin"},"content":{"rendered":"<p><span style=\"font-family: arial,helvetica,sans-serif\">Unsere Schulsekret\u00e4rin hei\u00dft Annette Nitschke.<img loading=\"lazy\" decoding=\"async\" class=\"alignright size-medium wp-image-306\" src=\"http:\/\/wordpress.nibis.de\/gsneetze\/files\/2018\/08\/DSC00645-225x300.jpg\" alt=\"\" width=\"225\" height=\"300\" srcset=\"https:\/\/wordpress.nibis.de\/gsneetze\/files\/2018\/08\/DSC00645-225x300.jpg 225w, https:\/\/wordpress.nibis.de\/gsneetze\/files\/2018\/08\/DSC00645-768x1024.jpg 768w, https:\/\/wordpress.nibis.de\/gsneetze\/files\/2018\/08\/DSC00645-450x600.jpg 450w, https:\/\/wordpress.nibis.de\/gsneetze\/files\/2018\/08\/DSC00645.jpg 1584w\" sizes=\"auto, (max-width: 225px) 100vw, 225px\" \/><\/span><\/p>\n<p><span style=\"font-family: arial,helvetica,sans-serif\">Sie erreichen Frau Nitschke montags, dienstags und donnerstags von 7.30 Uhr bis 11.30 Uhr unter der Telefonnummer 05850\/260.<\/span><\/p>\n<p><span style=\"font-family: arial,helvetica,sans-serif\">Mittwochs und freitags ist sie leider nicht im Haus. Sie k\u00f6nnen\u00a0ihr aber gerne eine Nachricht auf dem Anrufbeantworter hinterlassen.<\/span><\/p>\n<p><span style=\"font-family: Arial\">Da das Sekretariat nicht durchgehend besetzt ist, k\u00f6nnen wir keine l\u00fcckenlose Informationskette gew\u00e4hrleisten. Sollten Sie I<\/span><span style=\"font-family: arial,helvetica,sans-serif\">hr Kind krank melden, so benachrichtigen Sie bitte einen Klassenkameraden oder eine Klassenkameradin Ihres Kindes. <\/span><\/p>\n","protected":false},"excerpt":{"rendered":"<p>Unsere Schulsekret\u00e4rin hei\u00dft Annette Nitschke. Sie erreichen Frau Nitschke montags, dienstags und donnerstags von 7.30 Uhr bis 11.30 Uhr unter der Telefonnummer 05850\/260. Mittwochs und freitags ist sie leider nicht im Haus. Sie k\u00f6nnen\u00a0ihr aber gerne eine Nachricht auf dem &hellip; <a href=\"https:\/\/wordpress.nibis.de\/gsneetze\/sekretaerin\/\">Weiterlesen <span class=\"meta-nav\">&rarr;<\/span><\/a><\/p>\n","protected":false},"author":9192573,"featured_media":0,"parent":0,"menu_order":0,"comment_status":"closed","ping_status":"closed","template":"","meta":{"footnotes":""},"class_list":["post-124","page","type-page","status-publish","hentry"],"_links":{"self":[{"href":"https:\/\/wordpress.nibis.de\/gsneetze\/wp-json\/wp\/v2\/pages\/124","targetHints":{"allow":["GET"]}}],"collection":[{"href":"https:\/\/wordpress.nibis.de\/gsneetze\/wp-json\/wp\/v2\/pages"}],"about":[{"href":"https:\/\/wordpress.nibis.de\/gsneetze\/wp-json\/wp\/v2\/types\/page"}],"author":[{"embeddable":true,"href":"https:\/\/wordpress.nibis.de\/gsneetze\/wp-json\/wp\/v2\/users\/9192573"}],"replies":[{"embeddable":true,"href":"https:\/\/wordpress.nibis.de\/gsneetze\/wp-json\/wp\/v2\/comments?post=124"}],"version-history":[{"count":7,"href":"https:\/\/wordpress.nibis.de\/gsneetze\/wp-json\/wp\/v2\/pages\/124\/revisions"}],"predecessor-version":[{"id":1148,"href":"https:\/\/wordpress.nibis.de\/gsneetze\/wp-json\/wp\/v2\/pages\/124\/revisions\/1148"}],"wp:attachment":[{"href":"https:\/\/wordpress.nibis.de\/gsneetze\/wp-json\/wp\/v2\/media?parent=124"}],"curies":[{"name":"wp","href":"https:\/\/api.w.org\/{rel}","templated":true}]}}