{"id":154,"date":"2018-07-29T13:40:47","date_gmt":"2018-07-29T11:40:47","guid":{"rendered":"http:\/\/wordpress.nibis.de\/gsneetze\/?page_id=154"},"modified":"2026-02-21T18:00:26","modified_gmt":"2026-02-21T17:00:26","slug":"klassenunterricht","status":"publish","type":"page","link":"https:\/\/wordpress.nibis.de\/gsneetze\/klassenunterricht\/","title":{"rendered":"Klassenunterricht"},"content":{"rendered":"<p><span style=\"font-family: arial, helvetica, sans-serif\"><strong>\u00a0 1. und 2. Jahrgang<\/strong><\/span><\/p>\n<p><span style=\"font-family: arial, helvetica, sans-serif\">In der Grundschule Neetze werden die Sch\u00fclerInnen der Klassen 1 und 2 in einer &#8222;Offenen Eingangsstufe&#8220; unterrichtet.\u00a0Diese begann im Schuljahr 2005\/06. Dabei besteht jede Lerngruppe je nach Sch\u00fclerzahl aus einer ausgewogenen Mischung von Erst- und Zweitkl\u00e4sslern mit einer fester Klassenlehrerin. Je nach F\u00e4higkeiten und Fertigkeiten k\u00f6nnen Schulkinder ein bis drei Jahre in der Eingangsstufe verbleiben und gehen dann in die dritte Klasse \u00fcber.<\/span><\/p>\n<p><span style=\"font-family: arial, helvetica, sans-serif\">Ein wesentlicher Aspekt f\u00fcr das Lernen und Lehren in der &#8222;Offenen Eingangsstufe&#8220; ist das individuelle Lernen und der offene Unterricht. Die Kinder arbeiten an den Inhalten, die sie gerade \u201ebrauchen\u201c. Sie werden dort abgeholt, wo sie stehen und ihren F\u00e4higkeiten entsprechend gef\u00f6rdert und gefordert. Es gibt aber auch gemeinsame Phasen frontalen Unterrichts und Einf\u00fchrungen in der Kleingruppe\u00a0mit den Erst- oder Zweitkl\u00e4sslern.<\/span><\/p>\n<p><span style=\"font-family: arial, helvetica, sans-serif\">Im Schuljahr 2025\/26 haben wir f\u00fcnf Eingangsstufenklassen: die Hunde, die Drachen, die Delfine, die F\u00fcchse und die Ponys.<\/span><\/p>\n<p><span style=\"font-family: arial, helvetica, sans-serif\">Eine Materialliste zum Schulbeginn finden Sie <a href=\"http:\/\/wordpress.nibis.de\/gsneetze\/files\/2018\/07\/Materialliste-1.pdf\">hier<\/a>.<\/span><\/p>\n<p><span style=\"font-family: arial,helvetica,sans-serif\"><strong>3. und 4. Jahrgang<\/strong><\/span><\/p>\n<p><span style=\"font-family: arial, helvetica, sans-serif\">Die dritten und vierten Klassen sind jahrgangshomogene Klassen.<\/span><\/p>\n<p><span style=\"font-family: arial, helvetica, sans-serif\">Nach der Eingangsstufe teilen wir alle Drittkl\u00e4ssler in zwei\u00a0Klassen ein, die die beiden letzten Jahre der Grundschule zusammen bleiben. Zwei der drei Hauptf\u00e4cher (Mathematik, Deutsch und Sachunterricht) werden m\u00f6glichst von der Klassenlehrerin unterrichtet, sowie einige Nebenf\u00e4cher.<\/span><\/p>\n<p><span style=\"font-family: arial, helvetica, sans-serif\">Neu hinzu kommen die F\u00e4cher: Englisch, Textil &amp; Werken. Au\u00dferdem w\u00e4hlen die Sch\u00fclerinnen und Sch\u00fcler verpflichtend eine AG.<\/span><\/p>\n<p><span style=\"font-family: arial, helvetica, sans-serif\">Im Schuljahr 2025\/26 haben wir drei dritte Klassen: die Falken, die Erdm\u00e4nnchen und die Koalas. Au\u00dferdem gibt es zwei vierte Klassen: die Pinguine und die Zebras.<\/span><\/p>\n<p><span style=\"font-family: arial, helvetica, sans-serif\">Weitere Informationen finden Sie <a href=\"http:\/\/wordpress.nibis.de\/gsneetze\/files\/2018\/07\/Schulprogramm_P\u00e4dagogisches_Konzept_der_GS_Neetze_vom_September_2011.pdf\">hier<\/a> in unserem P\u00e4dagogischen Konzept.<\/span><\/p>\n","protected":false},"excerpt":{"rendered":"<p>\u00a0 1. und 2. Jahrgang In der Grundschule Neetze werden die Sch\u00fclerInnen der Klassen 1 und 2 in einer &#8222;Offenen Eingangsstufe&#8220; unterrichtet.\u00a0Diese begann im Schuljahr 2005\/06. Dabei besteht jede Lerngruppe je nach Sch\u00fclerzahl aus einer ausgewogenen Mischung von Erst- und &hellip; <a href=\"https:\/\/wordpress.nibis.de\/gsneetze\/klassenunterricht\/\">Weiterlesen <span class=\"meta-nav\">&rarr;<\/span><\/a><\/p>\n","protected":false},"author":9192573,"featured_media":0,"parent":0,"menu_order":0,"comment_status":"closed","ping_status":"closed","template":"","meta":{"footnotes":""},"class_list":["post-154","page","type-page","status-publish","hentry"],"_links":{"self":[{"href":"https:\/\/wordpress.nibis.de\/gsneetze\/wp-json\/wp\/v2\/pages\/154","targetHints":{"allow":["GET"]}}],"collection":[{"href":"https:\/\/wordpress.nibis.de\/gsneetze\/wp-json\/wp\/v2\/pages"}],"about":[{"href":"https:\/\/wordpress.nibis.de\/gsneetze\/wp-json\/wp\/v2\/types\/page"}],"author":[{"embeddable":true,"href":"https:\/\/wordpress.nibis.de\/gsneetze\/wp-json\/wp\/v2\/users\/9192573"}],"replies":[{"embeddable":true,"href":"https:\/\/wordpress.nibis.de\/gsneetze\/wp-json\/wp\/v2\/comments?post=154"}],"version-history":[{"count":11,"href":"https:\/\/wordpress.nibis.de\/gsneetze\/wp-json\/wp\/v2\/pages\/154\/revisions"}],"predecessor-version":[{"id":1425,"href":"https:\/\/wordpress.nibis.de\/gsneetze\/wp-json\/wp\/v2\/pages\/154\/revisions\/1425"}],"wp:attachment":[{"href":"https:\/\/wordpress.nibis.de\/gsneetze\/wp-json\/wp\/v2\/media?parent=154"}],"curies":[{"name":"wp","href":"https:\/\/api.w.org\/{rel}","templated":true}]}}