{"id":163,"date":"2018-07-29T14:44:33","date_gmt":"2018-07-29T12:44:33","guid":{"rendered":"http:\/\/wordpress.nibis.de\/gsneetze\/?page_id=163"},"modified":"2026-02-21T17:56:02","modified_gmt":"2026-02-21T16:56:02","slug":"unterrichtszeiten","status":"publish","type":"page","link":"https:\/\/wordpress.nibis.de\/gsneetze\/unterrichtszeiten\/","title":{"rendered":"Unterrichtszeiten"},"content":{"rendered":"<p><span style=\"font-family: arial,helvetica,sans-serif\">Der Unterricht an der Grundschule Neetze findet zu folgenden Zeiten statt:<\/span><\/p>\n<table style=\"width: 70.4506%;height: 223px\">\n<tbody>\n<tr style=\"height: 24px\">\n<td style=\"width: 269px;height: 24px\"><span style=\"font-family: arial black,sans-serif\">Fr\u00fchstunde*<br \/>\n<\/span><\/td>\n<td style=\"width: 197px;height: 24px\"><span style=\"font-family: arial,helvetica,sans-serif\">7.30 &#8211; 8.15 Uhr<\/span><\/td>\n<\/tr>\n<tr style=\"height: 24px\">\n<td style=\"width: 269px;height: 24px\"><span style=\"font-family: arial, helvetica, sans-serif\">\u00d6ffnung der Schule<\/span><\/td>\n<td style=\"width: 197px;height: 24px\"><span style=\"font-family: arial,helvetica,sans-serif\">8.05 &#8211; 8.20 Uhr<\/span><\/td>\n<\/tr>\n<tr style=\"height: 24px\">\n<td style=\"width: 269px;height: 24px;text-align: left\"><span style=\"font-family: arial black, sans-serif\">1. Stunde<\/span><\/td>\n<td style=\"width: 197px;height: 24px;text-align: left\"><span style=\"font-family: arial,helvetica,sans-serif\">8.20 &#8211; 9.05 Uhr<\/span><\/td>\n<\/tr>\n<tr style=\"height: 24px\">\n<td style=\"width: 269px;height: 24px;text-align: right\"><span style=\"font-family: arial,helvetica,sans-serif\">Hofpause + Fr\u00fchst\u00fcckszeit<\/span><\/td>\n<td style=\"width: 197px;height: 24px\"><span style=\"font-family: arial,helvetica,sans-serif\">9.05 &#8211; 9.35 Uhr<\/span><\/td>\n<\/tr>\n<tr style=\"height: 24px\">\n<td style=\"width: 269px;height: 24px\"><span style=\"font-family: arial black,sans-serif\">2. Stunde<\/span><\/td>\n<td style=\"width: 197px;height: 24px\"><span style=\"font-family: arial,helvetica,sans-serif\">9.35 &#8211; 10.20 Uhr<\/span><\/td>\n<\/tr>\n<tr style=\"height: 24px\">\n<td style=\"width: 269px;height: 24px\"><span style=\"font-family: arial black,sans-serif\">3. Stunde<\/span><\/td>\n<td style=\"width: 197px;height: 24px\"><span style=\"font-family: arial,helvetica,sans-serif\">10.25 &#8211; 11.10 Uhr<\/span><\/td>\n<\/tr>\n<tr style=\"height: 24px\">\n<td style=\"width: 269px;height: 24px;text-align: right\"><span style=\"font-family: arial,helvetica,sans-serif\">Hofpause<\/span><\/td>\n<td style=\"width: 197px;height: 24px\"><span style=\"font-family: arial,helvetica,sans-serif\">11.10 &#8211; 11.30 Uhr<\/span><\/td>\n<\/tr>\n<tr style=\"height: 24px\">\n<td style=\"width: 269px;height: 24px\"><span style=\"font-family: arial black,sans-serif\">4. Stunde<\/span><\/td>\n<td style=\"width: 197px;height: 24px\"><span style=\"font-family: arial,helvetica,sans-serif\">11.30 &#8211; 12.15 Uhr<\/span><\/td>\n<\/tr>\n<tr style=\"height: 51px\">\n<td style=\"width: 269px;height: 31px\"><span style=\"font-family: arial black,sans-serif\">5. Stunde<\/span><\/td>\n<td style=\"width: 197px;height: 31px\"><span style=\"font-family: arial,helvetica,sans-serif\">12.20 &#8211; 13.05 Uhr<\/span><\/td>\n<\/tr>\n<\/tbody>\n<\/table>\n<p>*<span style=\"font-family: arial, helvetica, sans-serif\">Fr\u00fchstunde: Die 3. und 4. Kl\u00e4ssler haben 1 x in der Woche eine Stunde Unterricht in der Fr\u00fchstunde. Dar\u00fcber hinaus findet hier teilweise der F\u00f6rderunterricht und DAZ statt. Die Schult\u00fcren werden f\u00fcr alle anderen Sch\u00fclerinnen und Sch\u00fcler um 8.05 Uhr ge\u00f6ffnet!<\/span><\/p>\n<p><span style=\"font-family: arial,helvetica,sans-serif\">Die Kernunterrichtszeit in der <span style=\"font-family: arial black,sans-serif\">Eingangsstufe<\/span> ist von 8.20 bis 12.15 Uhr. Zwei Stunden in der Woche werden aber auch hier in der Fr\u00fchstunde und\/oder in der 5. Stunde unterrichtet.<br \/>\nDie F\u00f6rderstunden finden entweder in der Fr\u00fchstunde oder in der 5. Stunde statt.<\/span><br \/>\n<span style=\"font-family: arial,helvetica,sans-serif\">Die Sch\u00fclerinnen und Sch\u00fcler haben 22 regul\u00e4re Wochenstunden. <\/span><\/p>\n<p><span style=\"font-family: arial,helvetica,sans-serif\">Im <span style=\"font-family: arial black,sans-serif\">dritten und vierten Schuljahrgang<\/span> \u00a0haben die Sch\u00fclerinnen und Sch\u00fcler 25 regul\u00e4re Unterrichtsstunden und eine zus\u00e4tzliche AG-Stunde plus F\u00f6rderunterricht, bei Bedarf. Der Unterricht endet um 13.05 Uhr.<\/span><\/p>\n<p><span style=\"font-family: arial,helvetica,sans-serif\">Kinder der Eingangsstufe, die um 12.15 Uhr Unterrichtsschluss haben, k\u00f6nnen bis um 13.05 Uhr in einer <span style=\"font-family: arial black,sans-serif\">Sp\u00e4tbetreuung<span style=\"font-family: arial,helvetica,sans-serif\">,<\/span><\/span> meist auf dem Schulhof, von p\u00e4dagogischen MitarbeiterInnen der Schule betreut werden. Die Tage sind zu Beginn des Halbjahres frei w\u00e4hlbar.<\/span><br \/>\n<span style=\"font-family: arial,helvetica,sans-serif\"><em>Bitte melden Sie Ihr Kind f\u00fcr die Sp\u00e4tbetreuung bei der Klassenlehrerin an<\/em>.<\/span><\/p>\n<p><span style=\"font-family: arial,helvetica,sans-serif\">Im Anschluss an den Unterricht k\u00f6nnen die Kinder aller Klassenstufen nach vorheriger Anmeldung am P\u00e4dagogischen Mittagstisch der Samtgemeinde Ostheide teilnehmen.<br \/>\n(Mehr zum P\u00e4dagogischen Mittagstisch finden Sie <a href=\"http:\/\/wordpress.nibis.de\/gsneetze\/paedagogischer-mittagstisch\/\">hier<\/a>.)<\/span><\/p>\n","protected":false},"excerpt":{"rendered":"<p>Der Unterricht an der Grundschule Neetze findet zu folgenden Zeiten statt: Fr\u00fchstunde* 7.30 &#8211; 8.15 Uhr \u00d6ffnung der Schule 8.05 &#8211; 8.20 Uhr 1. Stunde 8.20 &#8211; 9.05 Uhr Hofpause + Fr\u00fchst\u00fcckszeit 9.05 &#8211; 9.35 Uhr 2. Stunde 9.35 &#8211; &hellip; <a href=\"https:\/\/wordpress.nibis.de\/gsneetze\/unterrichtszeiten\/\">Weiterlesen <span class=\"meta-nav\">&rarr;<\/span><\/a><\/p>\n","protected":false},"author":9192573,"featured_media":0,"parent":0,"menu_order":0,"comment_status":"closed","ping_status":"closed","template":"","meta":{"footnotes":""},"class_list":["post-163","page","type-page","status-publish","hentry"],"_links":{"self":[{"href":"https:\/\/wordpress.nibis.de\/gsneetze\/wp-json\/wp\/v2\/pages\/163","targetHints":{"allow":["GET"]}}],"collection":[{"href":"https:\/\/wordpress.nibis.de\/gsneetze\/wp-json\/wp\/v2\/pages"}],"about":[{"href":"https:\/\/wordpress.nibis.de\/gsneetze\/wp-json\/wp\/v2\/types\/page"}],"author":[{"embeddable":true,"href":"https:\/\/wordpress.nibis.de\/gsneetze\/wp-json\/wp\/v2\/users\/9192573"}],"replies":[{"embeddable":true,"href":"https:\/\/wordpress.nibis.de\/gsneetze\/wp-json\/wp\/v2\/comments?post=163"}],"version-history":[{"count":17,"href":"https:\/\/wordpress.nibis.de\/gsneetze\/wp-json\/wp\/v2\/pages\/163\/revisions"}],"predecessor-version":[{"id":1422,"href":"https:\/\/wordpress.nibis.de\/gsneetze\/wp-json\/wp\/v2\/pages\/163\/revisions\/1422"}],"wp:attachment":[{"href":"https:\/\/wordpress.nibis.de\/gsneetze\/wp-json\/wp\/v2\/media?parent=163"}],"curies":[{"name":"wp","href":"https:\/\/api.w.org\/{rel}","templated":true}]}}