{"id":174,"date":"2018-07-29T15:19:23","date_gmt":"2018-07-29T13:19:23","guid":{"rendered":"http:\/\/wordpress.nibis.de\/gsneetze\/?page_id=174"},"modified":"2020-03-26T11:03:55","modified_gmt":"2020-03-26T10:03:55","slug":"ag","status":"publish","type":"page","link":"https:\/\/wordpress.nibis.de\/gsneetze\/ag\/","title":{"rendered":"AG"},"content":{"rendered":"<p><span style=\"font-family: arial,helvetica,sans-serif\">Jeden Montag werden in der 5. Stunde (12:10 &#8211; 13: 00 Uhr) f\u00fcr alle Dritt- und Viertkl\u00e4ssler verschiedene Arbeitsgemeinschaften angeboten. Diese AGen bieten Kindern die M\u00f6glichkeit, Inhalte selbst zu w\u00e4hlen und ergebnisorientiert ohne Zensuren zu arbeiten. H\u00e4ufig werden AGen aus unterschiedlichen Themenfeldern angeboten, z.B. Werken\/Kunst, Sportspiele, Kochen, Computer, Garten und Basteln mit Naturmaterialien. Die Sch\u00fclerinnen und Sch\u00fcler w\u00e4hlen ihre AG f\u00fcr ein Halbjahr. Die Teilnahme ist verpflichtend und wird im Zeugnis vermerkt.<\/span><\/p>\n<p><span style=\"font-family: arial,helvetica,sans-serif\">Die n\u00e4chste AG-Wahl findet am ersten Montag im neuen Schulhalbjahr statt.<\/span><\/p>\n","protected":false},"excerpt":{"rendered":"<p>Jeden Montag werden in der 5. Stunde (12:10 &#8211; 13: 00 Uhr) f\u00fcr alle Dritt- und Viertkl\u00e4ssler verschiedene Arbeitsgemeinschaften angeboten. Diese AGen bieten Kindern die M\u00f6glichkeit, Inhalte selbst zu w\u00e4hlen und ergebnisorientiert ohne Zensuren zu arbeiten. H\u00e4ufig werden AGen aus &hellip; <a href=\"https:\/\/wordpress.nibis.de\/gsneetze\/ag\/\">Weiterlesen <span class=\"meta-nav\">&rarr;<\/span><\/a><\/p>\n","protected":false},"author":9192573,"featured_media":0,"parent":0,"menu_order":0,"comment_status":"closed","ping_status":"closed","template":"","meta":{"footnotes":""},"class_list":["post-174","page","type-page","status-publish","hentry"],"_links":{"self":[{"href":"https:\/\/wordpress.nibis.de\/gsneetze\/wp-json\/wp\/v2\/pages\/174","targetHints":{"allow":["GET"]}}],"collection":[{"href":"https:\/\/wordpress.nibis.de\/gsneetze\/wp-json\/wp\/v2\/pages"}],"about":[{"href":"https:\/\/wordpress.nibis.de\/gsneetze\/wp-json\/wp\/v2\/types\/page"}],"author":[{"embeddable":true,"href":"https:\/\/wordpress.nibis.de\/gsneetze\/wp-json\/wp\/v2\/users\/9192573"}],"replies":[{"embeddable":true,"href":"https:\/\/wordpress.nibis.de\/gsneetze\/wp-json\/wp\/v2\/comments?post=174"}],"version-history":[{"count":3,"href":"https:\/\/wordpress.nibis.de\/gsneetze\/wp-json\/wp\/v2\/pages\/174\/revisions"}],"predecessor-version":[{"id":910,"href":"https:\/\/wordpress.nibis.de\/gsneetze\/wp-json\/wp\/v2\/pages\/174\/revisions\/910"}],"wp:attachment":[{"href":"https:\/\/wordpress.nibis.de\/gsneetze\/wp-json\/wp\/v2\/media?parent=174"}],"curies":[{"name":"wp","href":"https:\/\/api.w.org\/{rel}","templated":true}]}}