{"id":176,"date":"2018-07-29T15:26:51","date_gmt":"2018-07-29T13:26:51","guid":{"rendered":"http:\/\/wordpress.nibis.de\/gsneetze\/?page_id=176"},"modified":"2025-09-30T11:14:36","modified_gmt":"2025-09-30T09:14:36","slug":"chor","status":"publish","type":"page","link":"https:\/\/wordpress.nibis.de\/gsneetze\/chor\/","title":{"rendered":"Weiterf\u00fchrende Schulen"},"content":{"rendered":"\n<p>Im Sommer wechseln unsere Viertkl\u00e4ssler an eine weiterf\u00fchrende Schule. An dieser Stelle m\u00f6chten wir Sie \u00fcber die verschiedenen Schulen informieren.<\/p>\n\n\n<p>Die <a href=\"https:\/\/wordpress.nibis.de\/gsneetze\/files\/2021\/02\/Pr\u00e4sentation-der-RS-f\u00fcr-die-Grundschulen.pdf\">Realschule Bleckede<\/a> stellt sich in einer Pr\u00e4sentation und auf folgendem <a href=\"https:\/\/padlet.com\/frercks\/w6c903esc4z6npnz\">Padlet<\/a> vor.<\/p>\n<p>Die Links zu weiteren Schulen in Bleckede finden Sie hier:<\/p>\n<p><a href=\"https:\/\/joerg-immendorff-schule.de\/\">Hauptschule Bleckede<\/a><\/p>\n<p><a href=\"https:\/\/gym-bleckede.de\/\">Gymnasium Bleckede<\/a><\/p>\n<p><a href=\"https:\/\/www.kls-schule.de\/\">Kurt-L\u00f6wenstein-Schule<\/a><\/p>\n<p>Hier finden Sie eine Pr\u00e4sentation der <a href=\"https:\/\/wordpress.nibis.de\/gsneetze\/files\/2021\/02\/Pr\u00e4sentation-Fr\u00fchjahr-2021.pdf\">Oberschule Dahlenburg\u00a0<\/a><\/p>\n\n\n<p>Den Link zur IGS L\u00fcneburg gibt es <a href=\"https:\/\/www.igslueneburg.de\/\">hier<\/a>.<\/p>\n","protected":false},"excerpt":{"rendered":"<p>Im Sommer wechseln unsere Viertkl\u00e4ssler an eine weiterf\u00fchrende Schule. An dieser Stelle m\u00f6chten wir Sie \u00fcber die verschiedenen Schulen informieren. Die Realschule Bleckede stellt sich in einer Pr\u00e4sentation und auf folgendem Padlet vor. Die Links zu weiteren Schulen in Bleckede &hellip; <a href=\"https:\/\/wordpress.nibis.de\/gsneetze\/chor\/\">Weiterlesen <span class=\"meta-nav\">&rarr;<\/span><\/a><\/p>\n","protected":false},"author":9192573,"featured_media":0,"parent":0,"menu_order":0,"comment_status":"closed","ping_status":"closed","template":"","meta":{"footnotes":""},"class_list":["post-176","page","type-page","status-publish","hentry"],"_links":{"self":[{"href":"https:\/\/wordpress.nibis.de\/gsneetze\/wp-json\/wp\/v2\/pages\/176","targetHints":{"allow":["GET"]}}],"collection":[{"href":"https:\/\/wordpress.nibis.de\/gsneetze\/wp-json\/wp\/v2\/pages"}],"about":[{"href":"https:\/\/wordpress.nibis.de\/gsneetze\/wp-json\/wp\/v2\/types\/page"}],"author":[{"embeddable":true,"href":"https:\/\/wordpress.nibis.de\/gsneetze\/wp-json\/wp\/v2\/users\/9192573"}],"replies":[{"embeddable":true,"href":"https:\/\/wordpress.nibis.de\/gsneetze\/wp-json\/wp\/v2\/comments?post=176"}],"version-history":[{"count":7,"href":"https:\/\/wordpress.nibis.de\/gsneetze\/wp-json\/wp\/v2\/pages\/176\/revisions"}],"predecessor-version":[{"id":1326,"href":"https:\/\/wordpress.nibis.de\/gsneetze\/wp-json\/wp\/v2\/pages\/176\/revisions\/1326"}],"wp:attachment":[{"href":"https:\/\/wordpress.nibis.de\/gsneetze\/wp-json\/wp\/v2\/media?parent=176"}],"curies":[{"name":"wp","href":"https:\/\/api.w.org\/{rel}","templated":true}]}}