{"id":202,"date":"2018-07-29T16:47:17","date_gmt":"2018-07-29T14:47:17","guid":{"rendered":"http:\/\/wordpress.nibis.de\/gsneetze\/?page_id=202"},"modified":"2020-03-26T11:20:06","modified_gmt":"2020-03-26T10:20:06","slug":"buecherei","status":"publish","type":"page","link":"https:\/\/wordpress.nibis.de\/gsneetze\/buecherei\/","title":{"rendered":"B\u00fccherei"},"content":{"rendered":"<p><span style=\"font-family: arial, helvetica, sans-serif\">Die B\u00fccherei ist<strong> montags<\/strong><\/span><\/p>\n<p><span style=\"font-family: arial, helvetica, sans-serif\">von 7.50 bis 13.15 Uhr f\u00fcr <strong>Grundschulkinder<\/strong> w\u00e4hrend des Schulbetriebes und <\/span><\/p>\n<p><span style=\"font-family: arial, helvetica, sans-serif\">von 16.30 bis 19.00 Uhr f\u00fcr die <strong>\u00d6ffentlichkeit<\/strong> (auch in den Ferien)<\/span><\/p>\n<p><span style=\"font-family: arial, helvetica, sans-serif\">ge\u00f6ffnet.\u00a0<\/span><\/p>\n<p><span style=\"font-family: arial, helvetica, sans-serif\">Die B\u00fccherei befindet sich in der <strong>Aula der Grundschule Neetze<\/strong> (Eingang beim Neubau).<br \/>\n<\/span><\/p>\n<p><span style=\"font-family: arial, helvetica, sans-serif\"><span style=\"font-size: medium\">Die Ausleihe unserer B\u00fccher ist <strong>kostenlos<\/strong>!<\/span><\/span><\/p>\n<p><span style=\"font-family: arial, helvetica, sans-serif;font-size: 14pt\"> Wir freuen uns auf Sie!<\/span><\/p>\n<p><span style=\"font-family: arial, helvetica, sans-serif\">Wir sind eine kleine Schulb\u00fccherei, die nachmittags auch f\u00fcr ALLE ge\u00f6ffnet ist. Mit unseren mittlerweile 5000 Medien bieten wir ein ansprechendes, <img loading=\"lazy\" decoding=\"async\" class=\"alignright size-medium wp-image-315\" src=\"http:\/\/wordpress.nibis.de\/gsneetze\/files\/2018\/08\/100_3096Bcherei1-300x225.jpg\" alt=\"\" width=\"300\" height=\"225\" srcset=\"https:\/\/wordpress.nibis.de\/gsneetze\/files\/2018\/08\/100_3096Bcherei1-300x225.jpg 300w, https:\/\/wordpress.nibis.de\/gsneetze\/files\/2018\/08\/100_3096Bcherei1-768x576.jpg 768w, https:\/\/wordpress.nibis.de\/gsneetze\/files\/2018\/08\/100_3096Bcherei1-800x600.jpg 800w, https:\/\/wordpress.nibis.de\/gsneetze\/files\/2018\/08\/100_3096Bcherei1.jpg 2048w\" sizes=\"auto, (max-width: 300px) 100vw, 300px\" \/>zeitgem\u00e4\u00dfes und nutzergerechtes Angebot, welches von uns kontinuierlich aktuell erweitert wird.<\/span><br \/>\n<span style=\"font-family: arial, helvetica, sans-serif\">Der Bestand der B\u00fccherei umfasst <strong>B\u00fccher f\u00fcr Kindergartenkinder, Grundschulkinder, Jugendliche und Erwachsene.<\/strong><\/span><\/p>\n<p><span style=\"font-family: arial, helvetica, sans-serif\">In den letzten Jahren wurde aus der alten Schulb\u00fccherei durch Initiative des Schulf\u00f6rdervereins die jetzige \u00f6ffentliche Gemeindeb\u00fccherei aufgebaut und stetig erweitert. Unser B\u00fcchereiteam besteht aus rein ehrenamtlichen Mitarbeiterinnen, die Betrieb und Ausbau gew\u00e4hrleisten.<\/span><\/p>\n","protected":false},"excerpt":{"rendered":"<p>Die B\u00fccherei ist montags von 7.50 bis 13.15 Uhr f\u00fcr Grundschulkinder w\u00e4hrend des Schulbetriebes und von 16.30 bis 19.00 Uhr f\u00fcr die \u00d6ffentlichkeit (auch in den Ferien) ge\u00f6ffnet.\u00a0 Die B\u00fccherei befindet sich in der Aula der Grundschule Neetze (Eingang beim &hellip; <a href=\"https:\/\/wordpress.nibis.de\/gsneetze\/buecherei\/\">Weiterlesen <span class=\"meta-nav\">&rarr;<\/span><\/a><\/p>\n","protected":false},"author":9192573,"featured_media":0,"parent":0,"menu_order":0,"comment_status":"closed","ping_status":"closed","template":"","meta":{"footnotes":""},"class_list":["post-202","page","type-page","status-publish","hentry"],"_links":{"self":[{"href":"https:\/\/wordpress.nibis.de\/gsneetze\/wp-json\/wp\/v2\/pages\/202","targetHints":{"allow":["GET"]}}],"collection":[{"href":"https:\/\/wordpress.nibis.de\/gsneetze\/wp-json\/wp\/v2\/pages"}],"about":[{"href":"https:\/\/wordpress.nibis.de\/gsneetze\/wp-json\/wp\/v2\/types\/page"}],"author":[{"embeddable":true,"href":"https:\/\/wordpress.nibis.de\/gsneetze\/wp-json\/wp\/v2\/users\/9192573"}],"replies":[{"embeddable":true,"href":"https:\/\/wordpress.nibis.de\/gsneetze\/wp-json\/wp\/v2\/comments?post=202"}],"version-history":[{"count":11,"href":"https:\/\/wordpress.nibis.de\/gsneetze\/wp-json\/wp\/v2\/pages\/202\/revisions"}],"predecessor-version":[{"id":912,"href":"https:\/\/wordpress.nibis.de\/gsneetze\/wp-json\/wp\/v2\/pages\/202\/revisions\/912"}],"wp:attachment":[{"href":"https:\/\/wordpress.nibis.de\/gsneetze\/wp-json\/wp\/v2\/media?parent=202"}],"curies":[{"name":"wp","href":"https:\/\/api.w.org\/{rel}","templated":true}]}}