{"id":247,"date":"2018-07-30T15:01:18","date_gmt":"2018-07-30T13:01:18","guid":{"rendered":"http:\/\/wordpress.nibis.de\/gsneetze\/?page_id=247"},"modified":"2025-06-10T10:18:58","modified_gmt":"2025-06-10T08:18:58","slug":"umweltschule","status":"publish","type":"page","link":"https:\/\/wordpress.nibis.de\/gsneetze\/umweltschule\/","title":{"rendered":"Umweltschule"},"content":{"rendered":"<p><span style=\"font-family: arial,helvetica,sans-serif\">Seit 1995 wird das Projekt \u201eInternationale Nachhaltigkeitsschule \/ Umweltschule in Europa\u201c in Niedersachsen f\u00fcr alle Schulen angeboten. Es ist mit 470 teilnehmenden Schulen heute das gr\u00f6\u00dfte schulische Netzwerk in unserem Bundesland. In Niedersachsen unterst\u00fctzt das \u201eUmweltschule\u201c-Projekt alle Aktivit\u00e4ten im Sinne einer Bildung f\u00fcr nachhaltige Entwicklung (BNE) mit dem Ziel, Schulqualit\u00e4t und Gestaltungskompetenz zu f\u00f6rdern. Die Schulgemeinschaften der Umweltschulen\/Nachhaltigkeitsschulen verfolgen das Ziel, \u00fcber einen Zeitraum von zwei Jahren durch konkrete Ma\u00dfnahmen die Bereitschaft zu umweltgerechtem Verhalten zu erh\u00f6hen. Die international abgestimmten Themen sind Energie\/Klimaschutz, Recycling\/Abfall, Wasser sowie Mobilit\u00e4t, Fairer Handel und Globales Lernen (vgl. <a href=\"http:\/\/www.eco-schools.org\/\">www.eco-schools.org<\/a>). Unsere Schule ist bereits seit 2001 dabei und seither in jedem Projektzeitraum als &#8222;Internationale Nachhaltigkeitsschule \/ Umweltschule in Europa&#8220; ausgezeichnet worden.<\/span><\/p>\n<p><span style=\"font-family: arial, helvetica, sans-serif\">Unsere aktuellen Projekte besch\u00e4ftigen sich mit den Themen &#8222;Igel&#8220; und &#8222;Insektenhotel&#8220;.<\/span><\/p>\n\n\n<figure class=\"wp-block-image size-full is-resized\"><img loading=\"lazy\" decoding=\"async\" src=\"https:\/\/wordpress.nibis.de\/gsneetze\/files\/2022\/11\/USE_INS_LOGO_2018_small.jpg\" alt=\"\" class=\"wp-image-1114\" width=\"355\" height=\"355\" srcset=\"https:\/\/wordpress.nibis.de\/gsneetze\/files\/2022\/11\/USE_INS_LOGO_2018_small.jpg 500w, https:\/\/wordpress.nibis.de\/gsneetze\/files\/2022\/11\/USE_INS_LOGO_2018_small-300x300.jpg 300w, https:\/\/wordpress.nibis.de\/gsneetze\/files\/2022\/11\/USE_INS_LOGO_2018_small-150x150.jpg 150w\" sizes=\"auto, (max-width: 355px) 100vw, 355px\" \/><\/figure>\n","protected":false},"excerpt":{"rendered":"<p>Seit 1995 wird das Projekt \u201eInternationale Nachhaltigkeitsschule \/ Umweltschule in Europa\u201c in Niedersachsen f\u00fcr alle Schulen angeboten. Es ist mit 470 teilnehmenden Schulen heute das gr\u00f6\u00dfte schulische Netzwerk in unserem Bundesland. In Niedersachsen unterst\u00fctzt das \u201eUmweltschule\u201c-Projekt alle Aktivit\u00e4ten im Sinne &hellip; <a href=\"https:\/\/wordpress.nibis.de\/gsneetze\/umweltschule\/\">Weiterlesen <span class=\"meta-nav\">&rarr;<\/span><\/a><\/p>\n","protected":false},"author":9192573,"featured_media":0,"parent":0,"menu_order":0,"comment_status":"closed","ping_status":"closed","template":"","meta":{"footnotes":""},"class_list":["post-247","page","type-page","status-publish","hentry"],"_links":{"self":[{"href":"https:\/\/wordpress.nibis.de\/gsneetze\/wp-json\/wp\/v2\/pages\/247","targetHints":{"allow":["GET"]}}],"collection":[{"href":"https:\/\/wordpress.nibis.de\/gsneetze\/wp-json\/wp\/v2\/pages"}],"about":[{"href":"https:\/\/wordpress.nibis.de\/gsneetze\/wp-json\/wp\/v2\/types\/page"}],"author":[{"embeddable":true,"href":"https:\/\/wordpress.nibis.de\/gsneetze\/wp-json\/wp\/v2\/users\/9192573"}],"replies":[{"embeddable":true,"href":"https:\/\/wordpress.nibis.de\/gsneetze\/wp-json\/wp\/v2\/comments?post=247"}],"version-history":[{"count":17,"href":"https:\/\/wordpress.nibis.de\/gsneetze\/wp-json\/wp\/v2\/pages\/247\/revisions"}],"predecessor-version":[{"id":1293,"href":"https:\/\/wordpress.nibis.de\/gsneetze\/wp-json\/wp\/v2\/pages\/247\/revisions\/1293"}],"wp:attachment":[{"href":"https:\/\/wordpress.nibis.de\/gsneetze\/wp-json\/wp\/v2\/media?parent=247"}],"curies":[{"name":"wp","href":"https:\/\/api.w.org\/{rel}","templated":true}]}}