{"id":277,"date":"2018-07-30T16:01:52","date_gmt":"2018-07-30T14:01:52","guid":{"rendered":"http:\/\/wordpress.nibis.de\/gsneetze\/?page_id=277"},"modified":"2020-03-27T11:05:38","modified_gmt":"2020-03-27T10:05:38","slug":"unser-schulgarten","status":"publish","type":"page","link":"https:\/\/wordpress.nibis.de\/gsneetze\/unser-schulgarten\/","title":{"rendered":"Unser Schulgarten"},"content":{"rendered":"<p><span style=\"font-family: Arial\">Seit dem Fr\u00fchjahr 2015 haben wir einen Schulgarten. Dieser wurde von den Sch\u00fclerinnen und Sch\u00fclern der Garten-AG angelegt und fortlaufend weiter gepflegt. Zur Zeit gibt es seit Langem einmal keine Garten-AG, da unser Schulgarten auf das Gel\u00e4nde des Schulteiches verlagert wird. Im Zuge der Reaktivierung des Teiches und im Rahmen des aktuellen Umweltprojektes werden dort mit den dritten Klassen neue Beete angelegt. Ab dem n\u00e4chsten Schuljahr wird es dann wie gewohnt wieder eine Garten-AG geben, die im neuen Schulgarten aktiv werden kann. <\/span><\/p>\n<p><span style=\"font-family: Arial\">Da wir in jedem Schulhalbjahr neue Arbeitsgemeinschaften w\u00e4hlen, konnten bisher schon einige Kinder bei der Aussaat, der Pflege der Beete und bei der Ernte von Gem\u00fcse, Kr\u00e4utern und Beeren aktiv sein. <img loading=\"lazy\" decoding=\"async\" class=\"size-medium wp-image-281 aligncenter\" src=\"http:\/\/wordpress.nibis.de\/gsneetze\/files\/2018\/07\/Garten51-300x169.jpg\" alt=\"\" width=\"300\" height=\"169\" srcset=\"https:\/\/wordpress.nibis.de\/gsneetze\/files\/2018\/07\/Garten51-300x169.jpg 300w, https:\/\/wordpress.nibis.de\/gsneetze\/files\/2018\/07\/Garten51.jpg 350w\" sizes=\"auto, (max-width: 300px) 100vw, 300px\" \/><\/span><\/p>\n<p><span style=\"font-family: Arial\">Nach der Kartoffelernte wurde gemeinsam gekocht und gegessen. Viele andere Gem\u00fcse wie Radieschen, Erbsen und M\u00f6hren, sowie Kr\u00e4uter und Erdbeeren wurden direkt vernascht. <\/span><\/p>\n<p><img loading=\"lazy\" decoding=\"async\" class=\"size-medium wp-image-280 aligncenter\" src=\"http:\/\/wordpress.nibis.de\/gsneetze\/files\/2018\/07\/Kartoffeln1-300x169.jpg\" alt=\"\" width=\"300\" height=\"169\" srcset=\"https:\/\/wordpress.nibis.de\/gsneetze\/files\/2018\/07\/Kartoffeln1-300x169.jpg 300w, https:\/\/wordpress.nibis.de\/gsneetze\/files\/2018\/07\/Kartoffeln1.jpg 350w\" sizes=\"auto, (max-width: 300px) 100vw, 300px\" \/><\/p>\n<p><span style=\"font-family: Arial\">So lernten die Kinder den Wachstumskreislauf von der Aussaat bis zur Ernte kennen. Unsere Gartenabf\u00e4lle wurden auf den Kompost gebracht, der im Rahmen eines Projektes f\u00fcr \u201cUmweltschule in Europa\u201c reaktiviert wurde.<\/span><\/p>\n<p><span style=\"font-family: Arial\"><br \/>\n<img loading=\"lazy\" decoding=\"async\" class=\"size-medium wp-image-282 aligncenter\" src=\"http:\/\/wordpress.nibis.de\/gsneetze\/files\/2018\/07\/Gemse1-300x169.jpg\" alt=\"\" width=\"300\" height=\"169\" srcset=\"https:\/\/wordpress.nibis.de\/gsneetze\/files\/2018\/07\/Gemse1-300x169.jpg 300w, https:\/\/wordpress.nibis.de\/gsneetze\/files\/2018\/07\/Gemse1.jpg 350w\" sizes=\"auto, (max-width: 300px) 100vw, 300px\" \/><br \/>\n<\/span><\/p>\n","protected":false},"excerpt":{"rendered":"<p>Seit dem Fr\u00fchjahr 2015 haben wir einen Schulgarten. Dieser wurde von den Sch\u00fclerinnen und Sch\u00fclern der Garten-AG angelegt und fortlaufend weiter gepflegt. Zur Zeit gibt es seit Langem einmal keine Garten-AG, da unser Schulgarten auf das Gel\u00e4nde des Schulteiches verlagert &hellip; <a href=\"https:\/\/wordpress.nibis.de\/gsneetze\/unser-schulgarten\/\">Weiterlesen <span class=\"meta-nav\">&rarr;<\/span><\/a><\/p>\n","protected":false},"author":9192573,"featured_media":0,"parent":0,"menu_order":0,"comment_status":"closed","ping_status":"closed","template":"","meta":{"footnotes":""},"class_list":["post-277","page","type-page","status-publish","hentry"],"_links":{"self":[{"href":"https:\/\/wordpress.nibis.de\/gsneetze\/wp-json\/wp\/v2\/pages\/277","targetHints":{"allow":["GET"]}}],"collection":[{"href":"https:\/\/wordpress.nibis.de\/gsneetze\/wp-json\/wp\/v2\/pages"}],"about":[{"href":"https:\/\/wordpress.nibis.de\/gsneetze\/wp-json\/wp\/v2\/types\/page"}],"author":[{"embeddable":true,"href":"https:\/\/wordpress.nibis.de\/gsneetze\/wp-json\/wp\/v2\/users\/9192573"}],"replies":[{"embeddable":true,"href":"https:\/\/wordpress.nibis.de\/gsneetze\/wp-json\/wp\/v2\/comments?post=277"}],"version-history":[{"count":9,"href":"https:\/\/wordpress.nibis.de\/gsneetze\/wp-json\/wp\/v2\/pages\/277\/revisions"}],"predecessor-version":[{"id":928,"href":"https:\/\/wordpress.nibis.de\/gsneetze\/wp-json\/wp\/v2\/pages\/277\/revisions\/928"}],"wp:attachment":[{"href":"https:\/\/wordpress.nibis.de\/gsneetze\/wp-json\/wp\/v2\/media?parent=277"}],"curies":[{"name":"wp","href":"https:\/\/api.w.org\/{rel}","templated":true}]}}