{"id":288,"date":"2018-07-31T21:12:08","date_gmt":"2018-07-31T19:12:08","guid":{"rendered":"http:\/\/wordpress.nibis.de\/gsneetze\/?page_id=288"},"modified":"2025-09-30T10:57:10","modified_gmt":"2025-09-30T08:57:10","slug":"buckelgraeber","status":"publish","type":"page","link":"https:\/\/wordpress.nibis.de\/gsneetze\/buckelgraeber\/","title":{"rendered":"Wir geben Insekten ein neues Zuhause"},"content":{"rendered":"<p>Durch einen Zeitungsartikel und einen Film konnten die Kinder erfahren, dass Insekten eine gro\u00dfe Bedeutung f\u00fcr die Menschen haben und welche negativen Folgen das Insektensterben hat.<\/p>\n<p>Daraufhin haben wir uns n\u00e4her mit dem Thema Insekten besch\u00e4ftigt und eine Expertin vom Schulbiologiezentrum eingeladen. Mit ihrer Hilfe haben die Kinder die vielf\u00e4ltige Welt der Insekten kennengelernt und wurden zu Insektenforschern und Insektenforscherinnen.<\/p>\n<p>Dabei wurde klar, dass Insekten geeignete Lebensr\u00e4ume ben\u00f6tigen, diese aber immer weniger vorhanden sind. Die Kinder wollten daraufhin etwas zum \u00dcberleben der Insekten beitragen.<\/p>\n<p>Herr Stilke vom BUND kam zu uns in die Schule. Gemeinsam mit ihm haben die Kinder zun\u00e4chst Nisthilfen in der Dose erstellt. So konnte jedes Kind ein erstes Zuhause f\u00fcr die Insekten im eigenen Garten oder auf dem eigenen Balkon aufh\u00e4ngen.<\/p>\n<p>Anschlie\u00dfend wurde mit beiden dritten Klassen jeweils eine Kachel f\u00fcr unser Insektenhotel gebaut, welches in Zukunft weiter wachsen soll. Die Kacheln wurden auf unserem Teichgel\u00e4nde mit Schulgarten aufgeh\u00e4ngt. Dieser Platz bietet sich an, da die Insekten in diesem Kleinbiotop eine Vielfalt an Nahrung finden.<\/p>\n<p>Bei der Arbeit\u00a0 zum Bau der Kacheln haben die Kinder erfahren, dass unterschiedliche Insekten unterschiedliche Lebensr\u00e4ume ben\u00f6tigen. Daraufhin hat sich jedes Kind n\u00e4her mit einem Insekt besch\u00e4ftigt, im Internet und in B\u00fcchern dazu recherchiert, einen Steckbrief angelegt und die Klasse durch einen Vortrag informiert.<\/p>\n<p>Herr Stilke hat uns darauf aufmerksam gemacht, dass es auf unserem Teichgel\u00e4nde einen Platz gibt, der sich besonders f\u00fcr die Anlage eines Sandariums anbietet. Die Garten-AG wird sich im Herbst mit der Umsetzung besch\u00e4ftigen.<\/p>\n<p><img loading=\"lazy\" decoding=\"async\" class=\"size-medium wp-image-1314 aligncenter\" src=\"https:\/\/wordpress.nibis.de\/gsneetze\/files\/2025\/09\/Insektenhotel-300x225.jpg\" alt=\"\" width=\"300\" height=\"225\" srcset=\"https:\/\/wordpress.nibis.de\/gsneetze\/files\/2025\/09\/Insektenhotel-300x225.jpg 300w, https:\/\/wordpress.nibis.de\/gsneetze\/files\/2025\/09\/Insektenhotel.jpg 320w\" sizes=\"auto, (max-width: 300px) 100vw, 300px\" \/><\/p>\n<p><em>Die Nieders\u00e4chsische Bingo-Umweltstiftung f\u00f6rdert Umwelt- und Naturschutzprojekte sowie Projekte zugunsten der Entwicklungszusammenarbeit und der Denkmalpflege. Die Stiftung finanziert sich aus der Gl\u00fccksspielabgabe und vor allem aus Einnahmen der Bingo-Umweltlotterie. Weitere Informationen unter<\/em>\u00a0<a href=\"http:\/\/www.bingo-umweltstiftung.de\/\">www.bingo-umweltstiftung.de<\/a>.<\/p>\n<p><img loading=\"lazy\" decoding=\"async\" class=\"size-medium wp-image-948 alignright\" src=\"https:\/\/wordpress.nibis.de\/gsneetze\/files\/2020\/07\/image-300x200.png\" alt=\"\" width=\"300\" height=\"200\" srcset=\"https:\/\/wordpress.nibis.de\/gsneetze\/files\/2020\/07\/image-300x200.png 300w, https:\/\/wordpress.nibis.de\/gsneetze\/files\/2020\/07\/image.png 343w\" sizes=\"auto, (max-width: 300px) 100vw, 300px\" \/><\/p>\n\n","protected":false},"excerpt":{"rendered":"<p>Durch einen Zeitungsartikel und einen Film konnten die Kinder erfahren, dass Insekten eine gro\u00dfe Bedeutung f\u00fcr die Menschen haben und welche negativen Folgen das Insektensterben hat. Daraufhin haben wir uns n\u00e4her mit dem Thema Insekten besch\u00e4ftigt und eine Expertin vom &hellip; <a href=\"https:\/\/wordpress.nibis.de\/gsneetze\/buckelgraeber\/\">Weiterlesen <span class=\"meta-nav\">&rarr;<\/span><\/a><\/p>\n","protected":false},"author":9192573,"featured_media":0,"parent":0,"menu_order":0,"comment_status":"closed","ping_status":"closed","template":"","meta":{"footnotes":""},"class_list":["post-288","page","type-page","status-publish","hentry"],"_links":{"self":[{"href":"https:\/\/wordpress.nibis.de\/gsneetze\/wp-json\/wp\/v2\/pages\/288","targetHints":{"allow":["GET"]}}],"collection":[{"href":"https:\/\/wordpress.nibis.de\/gsneetze\/wp-json\/wp\/v2\/pages"}],"about":[{"href":"https:\/\/wordpress.nibis.de\/gsneetze\/wp-json\/wp\/v2\/types\/page"}],"author":[{"embeddable":true,"href":"https:\/\/wordpress.nibis.de\/gsneetze\/wp-json\/wp\/v2\/users\/9192573"}],"replies":[{"embeddable":true,"href":"https:\/\/wordpress.nibis.de\/gsneetze\/wp-json\/wp\/v2\/comments?post=288"}],"version-history":[{"count":7,"href":"https:\/\/wordpress.nibis.de\/gsneetze\/wp-json\/wp\/v2\/pages\/288\/revisions"}],"predecessor-version":[{"id":1315,"href":"https:\/\/wordpress.nibis.de\/gsneetze\/wp-json\/wp\/v2\/pages\/288\/revisions\/1315"}],"wp:attachment":[{"href":"https:\/\/wordpress.nibis.de\/gsneetze\/wp-json\/wp\/v2\/media?parent=288"}],"curies":[{"name":"wp","href":"https:\/\/api.w.org\/{rel}","templated":true}]}}