{"id":299,"date":"2018-07-31T21:28:22","date_gmt":"2018-07-31T19:28:22","guid":{"rendered":"http:\/\/wordpress.nibis.de\/gsneetze\/?page_id=299"},"modified":"2024-04-24T12:08:12","modified_gmt":"2024-04-24T10:08:12","slug":"insektenhotel","status":"publish","type":"page","link":"https:\/\/wordpress.nibis.de\/gsneetze\/insektenhotel\/","title":{"rendered":"Beerenpaten f\u00fcr den Schulgarten"},"content":{"rendered":"<p>Seit vielen Jahren sind wir als Grundschule Neetze \u201eUmweltschule in Europa\u201c. Alle zwei Jahre erhalten wir das Zertifikat neu, wenn wir es schaffen in jedem Jahr ein Umweltprojekt auf die Beine zu stellen. Traditionell machen dies bei uns die dritten Klassen mit den entsprechenden Fachlehrerinnen im Sachunterricht.<\/p>\n<p>In diesem Schuljahr 2023\/2024 haben unsere Drittkl\u00e4sslerinnen und Drittkl\u00e4ssler das Projekt \u201eBeerenpaten f\u00fcr den Schulgarten\u201c initiiert und ausgef\u00fchrt.<\/p>\n<p>Zuerst wurden auf unserer Schulweihnachtsfeier im Dezember spendenwillige Eltern, Gro\u00dfeltern, Tanten, Onkel und andere unseren Sch\u00fclern nahestehende Personen angesprochen und von unserem Projekt \u00fcberzeugt.<\/p>\n<p>Diese Personen erhielten dann im Januar einen Briefumschlag mit der Bitte einen beliebigen Betrag f\u00fcr das Projekt zu spenden, so kamen insgesamt stolze 318 Euro zusammen.<\/p>\n<p>Die Sch\u00fclerinnen und Sch\u00fcler der dritten Klassen hatten sich im Sachunterricht bereits schlau gemacht, Informationsplakate erstellt und Kontakt zum BUND f\u00fcr Naturschutz aufgenommen. Herr Schulze vom BUND kam extra aus Radbruch angereist, um uns bei unserem Vorhaben mit Rat und Tat zu unterst\u00fctzen.<\/p>\n<p>So konnte es dann Ende Februar losgehen: \u201eAb ins Beet!\u201c.<\/p>\n<p>Zuerst musste das Beet f\u00fcr die neuen Beerenpflanzen angelegt werden, das war schon harte Arbeit! Anschlie\u00dfend wurden mit \u00dcberlegung und den passenden Abst\u00e4nden die L\u00f6cher f\u00fcr die Pflanzen ausgehoben. Diese hatten wir vorab in lokalen G\u00e4rtnereien bestellt und gekauft.<\/p>\n<p>Anschlie\u00dfend wurde das Beet mit Pappe abgedeckt, damit das \u201eKraut\u201c rund um die neuen Pflanzen uns das G\u00e4rtnerleben nicht so schwer macht, au\u00dferdem sorgt die feuchtwarme Atmosph\u00e4re unter der Pappe daf\u00fcr, dass sich W\u00fcrmer und Mikroorganismen in der Erde so richtig wohlf\u00fchlen, dies wiederum kommt auch unseren Pflanzen zugute.<\/p>\n<p>Zum Schluss wurde das Beet mit Mulch abgedeckt.<\/p>\n<p>Nun k\u00f6nnen wir nur warten, manchmal ein wenig gie\u00dfen und hoffen, dass wir in Zukunft viele gesunde Beeren ernten d\u00fcrfen \u2013 und vorher haben die Insekten auch etwas davon, wenn die Str\u00e4ucher n\u00e4mlich bl\u00fchen, k\u00f6nnen sie Nektar und Pollen f\u00fcr ihre Ern\u00e4hrung sammeln.<\/p>\n<p>Zuk\u00fcnftig wird die Pflege der Beenstr\u00e4ucher von den Kindern der Garten-AG \u00fcbernommen. Denn die Str\u00e4ucher wachsen viele Jahre lang und m\u00fcssen darum auch immer gepflegt werden.<\/p>\n","protected":false},"excerpt":{"rendered":"<p>Seit vielen Jahren sind wir als Grundschule Neetze \u201eUmweltschule in Europa\u201c. Alle zwei Jahre erhalten wir das Zertifikat neu, wenn wir es schaffen in jedem Jahr ein Umweltprojekt auf die Beine zu stellen. Traditionell machen dies bei uns die dritten &hellip; <a href=\"https:\/\/wordpress.nibis.de\/gsneetze\/insektenhotel\/\">Weiterlesen <span class=\"meta-nav\">&rarr;<\/span><\/a><\/p>\n","protected":false},"author":9192573,"featured_media":0,"parent":0,"menu_order":0,"comment_status":"closed","ping_status":"closed","template":"","meta":{"footnotes":""},"class_list":["post-299","page","type-page","status-publish","hentry"],"_links":{"self":[{"href":"https:\/\/wordpress.nibis.de\/gsneetze\/wp-json\/wp\/v2\/pages\/299","targetHints":{"allow":["GET"]}}],"collection":[{"href":"https:\/\/wordpress.nibis.de\/gsneetze\/wp-json\/wp\/v2\/pages"}],"about":[{"href":"https:\/\/wordpress.nibis.de\/gsneetze\/wp-json\/wp\/v2\/types\/page"}],"author":[{"embeddable":true,"href":"https:\/\/wordpress.nibis.de\/gsneetze\/wp-json\/wp\/v2\/users\/9192573"}],"replies":[{"embeddable":true,"href":"https:\/\/wordpress.nibis.de\/gsneetze\/wp-json\/wp\/v2\/comments?post=299"}],"version-history":[{"count":6,"href":"https:\/\/wordpress.nibis.de\/gsneetze\/wp-json\/wp\/v2\/pages\/299\/revisions"}],"predecessor-version":[{"id":1245,"href":"https:\/\/wordpress.nibis.de\/gsneetze\/wp-json\/wp\/v2\/pages\/299\/revisions\/1245"}],"wp:attachment":[{"href":"https:\/\/wordpress.nibis.de\/gsneetze\/wp-json\/wp\/v2\/media?parent=299"}],"curies":[{"name":"wp","href":"https:\/\/api.w.org\/{rel}","templated":true}]}}