{"id":323,"date":"2018-08-01T22:43:30","date_gmt":"2018-08-01T20:43:30","guid":{"rendered":"http:\/\/wordpress.nibis.de\/gsneetze\/?page_id=323"},"modified":"2022-03-01T10:57:36","modified_gmt":"2022-03-01T09:57:36","slug":"zirkus","status":"publish","type":"page","link":"https:\/\/wordpress.nibis.de\/gsneetze\/zirkus\/","title":{"rendered":"Zirkus"},"content":{"rendered":"<p><span style=\"font-family: arial,helvetica,sans-serif\"><img loading=\"lazy\" decoding=\"async\" class=\"aligncenter size-medium wp-image-495\" src=\"http:\/\/wordpress.nibis.de\/gsneetze\/files\/2018\/08\/Zirkusprojekttage1-197x300.jpg\" alt=\"\" width=\"197\" height=\"300\" srcset=\"https:\/\/wordpress.nibis.de\/gsneetze\/files\/2018\/08\/Zirkusprojekttage1-197x300.jpg 197w, https:\/\/wordpress.nibis.de\/gsneetze\/files\/2018\/08\/Zirkusprojekttage1-393x600.jpg 393w, https:\/\/wordpress.nibis.de\/gsneetze\/files\/2018\/08\/Zirkusprojekttage1.jpg 450w\" sizes=\"auto, (max-width: 197px) 100vw, 197px\" \/>Alle vier Jahre ist es so weit. Dann\u00a0stellen wir mit den Kindern der Grundschule Neetze ein Zirkusprojekt auf die Beine.<\/span><\/p>\n<p><span style=\"font-family: arial,helvetica,sans-serif\">Es ist ein gro\u00dfes und beeindruckendes Ereignis eine Woche lang mit echten Zirkusk\u00fcnstlern Nummern einzustudieren, in echten Kost\u00fcmen und im richtigen Zirkuszelt das Publikum zu verzaubern. Nicht wenige Sch\u00fclerinnen und Sch\u00fcler wachsen dabei \u00fcber sich hinaus.<\/span><\/p>\n<p><span style=\"font-family: arial,helvetica,sans-serif\"><img loading=\"lazy\" decoding=\"async\" class=\"alignright size-medium wp-image-324\" src=\"http:\/\/wordpress.nibis.de\/gsneetze\/files\/2018\/08\/Zirkus_16_Zauberer_11-300x169.jpg\" alt=\"\" width=\"300\" height=\"169\" srcset=\"https:\/\/wordpress.nibis.de\/gsneetze\/files\/2018\/08\/Zirkus_16_Zauberer_11-300x169.jpg 300w, https:\/\/wordpress.nibis.de\/gsneetze\/files\/2018\/08\/Zirkus_16_Zauberer_11-768x432.jpg 768w, https:\/\/wordpress.nibis.de\/gsneetze\/files\/2018\/08\/Zirkus_16_Zauberer_11-800x450.jpg 800w, https:\/\/wordpress.nibis.de\/gsneetze\/files\/2018\/08\/Zirkus_16_Zauberer_11.jpg 1024w\" sizes=\"auto, (max-width: 300px) 100vw, 300px\" \/><\/span><span style=\"font-family: arial,helvetica,sans-serif\">Ende Mai 2016\u00a0haben wir zuletzt mit dem<strong> Zirkus \u201eLaLuna\u201c\u00a0<\/strong>\u00a0diese Projektwoche durchgef\u00fchrt, die am Sonntag mit dem Aufbau des Zirkuszeltes beim Sportplatz in Neetze begann und Freitagabend mit\u00a0dessen Abbau endete. Das Zirkusprojekt erlaubte\u00a0unseren Sch\u00fclern nicht nur\u00a0einen Einblick in die Zirkuswelt, sondern gab\u00a0ihnen auch die Gelegenheit, eigene F\u00e4higkeiten und Grenzen kennen zu lernen. Zweieinhalb Tage lang\u00a0wurde intensiv geprobt, um dann an zwei Abenden im Zirkuszelt\u00a0aufzutreten. Die Kinder zeigten sich sportlich, phantasievoll, witzig, gef\u00e4hrlich, mutig, elegant oder charmant. Jeder\u00a0fand seine Rolle und hatte im Projektzirkus die Chance, seine besonderen St\u00e4rken kennen zu lernen und Anerkennung zu erfahren. Die Kinder haben gemeinsam etwas ganz Besonderes gestalten k\u00f6nnen und gemerkt, dass es dabei auf Zuverl\u00e4ssigkeit, Teamf\u00e4higkeit, Ausdauer und gegenseitiges Vertrauen ankommt.<\/span><\/p>\n<p><span style=\"font-family: arial,helvetica,sans-serif\">Wir freuen uns schon auf das n\u00e4chste Mal. <\/span><\/p>\n<p><strong>Leider musste der Zirkus im Jahr 2020 ausfallen.\u00a0<\/strong><\/p>\n","protected":false},"excerpt":{"rendered":"<p>Alle vier Jahre ist es so weit. Dann\u00a0stellen wir mit den Kindern der Grundschule Neetze ein Zirkusprojekt auf die Beine. Es ist ein gro\u00dfes und beeindruckendes Ereignis eine Woche lang mit echten Zirkusk\u00fcnstlern Nummern einzustudieren, in echten Kost\u00fcmen und im &hellip; <a href=\"https:\/\/wordpress.nibis.de\/gsneetze\/zirkus\/\">Weiterlesen <span class=\"meta-nav\">&rarr;<\/span><\/a><\/p>\n","protected":false},"author":9192573,"featured_media":0,"parent":0,"menu_order":0,"comment_status":"closed","ping_status":"closed","template":"","meta":{"footnotes":""},"class_list":["post-323","page","type-page","status-publish","hentry"],"_links":{"self":[{"href":"https:\/\/wordpress.nibis.de\/gsneetze\/wp-json\/wp\/v2\/pages\/323","targetHints":{"allow":["GET"]}}],"collection":[{"href":"https:\/\/wordpress.nibis.de\/gsneetze\/wp-json\/wp\/v2\/pages"}],"about":[{"href":"https:\/\/wordpress.nibis.de\/gsneetze\/wp-json\/wp\/v2\/types\/page"}],"author":[{"embeddable":true,"href":"https:\/\/wordpress.nibis.de\/gsneetze\/wp-json\/wp\/v2\/users\/9192573"}],"replies":[{"embeddable":true,"href":"https:\/\/wordpress.nibis.de\/gsneetze\/wp-json\/wp\/v2\/comments?post=323"}],"version-history":[{"count":7,"href":"https:\/\/wordpress.nibis.de\/gsneetze\/wp-json\/wp\/v2\/pages\/323\/revisions"}],"predecessor-version":[{"id":1075,"href":"https:\/\/wordpress.nibis.de\/gsneetze\/wp-json\/wp\/v2\/pages\/323\/revisions\/1075"}],"wp:attachment":[{"href":"https:\/\/wordpress.nibis.de\/gsneetze\/wp-json\/wp\/v2\/media?parent=323"}],"curies":[{"name":"wp","href":"https:\/\/api.w.org\/{rel}","templated":true}]}}