{"id":328,"date":"2018-08-01T22:56:29","date_gmt":"2018-08-01T20:56:29","guid":{"rendered":"http:\/\/wordpress.nibis.de\/gsneetze\/?page_id=328"},"modified":"2026-02-21T18:09:55","modified_gmt":"2026-02-21T17:09:55","slug":"sport","status":"publish","type":"page","link":"https:\/\/wordpress.nibis.de\/gsneetze\/sport\/","title":{"rendered":"Sport"},"content":{"rendered":"<p>Um bei Kindern den Aufbau k\u00f6rperlicher Ausdauer, altersgerechter K\u00f6rperkraft und Koordinationsf\u00e4higkeit zu f\u00f6rdern und fordern, findet in der Grundschule Neetze ein abwechslungsreicher Sportunterricht statt. Die Angebote setzen sich aus vielf\u00e4ltigen didaktischen Bereichen zusammen, sind mehrfach erprobt und weiterentwickelt. Die Stunden sind so offen und selbst differenzierend angelegt, dass sich im Normalfall alle Kinder sinnvoll mit den sportlichen Angeboten besch\u00e4ftigen k\u00f6nnen \u2013 egal ob Sportskanone oder Couch-Potato.<\/p>\n<p>Zwei Stunden in der Woche steht jeder Klasse daf\u00fcr die dreifach Turnhalle, gegen\u00fcber der Grundschule, zur Verf\u00fcgung.<\/p>\n<p><strong>Low T-Ball<\/strong><\/p>\n<p>Bereits einige Male fand unser Low T-Ball Turnier statt.<br \/>Diese Turniere wurden gemeinsam mit der Tennisabteilung des TuS Neetze organisiert und ausgetragen.<\/p>\n<p>Beim Spiel Low T-Ball handelt es sich um ein R\u00fcckschlagspiel bei dem ein gro\u00dfer Ball mit einem Schl\u00e4ger unter einem Brett hindurch in das gegnerische Feld geschlagen werden soll. Dieses Spiel hat einen hohen Anreiz f\u00fcr die Kinder und ist sehr viel leichter zu erlernen als Tennis. Uns ist wichtig, dass alle Kinder in ihrer Grundschulzeit regelm\u00e4\u00dfig an einem recht leicht zu spielenden Turnier teilnehmen und Erfahrungen machen in Bereichen wie: Vergleichen\/Sieg\/Niederlage<\/p>\n<p><strong>\u00a0<\/strong><strong>Sportfest<\/strong><\/p>\n<p>In der Regel richten wir, mit viel Engagement und Einsatzbereitschaft der Eltern, j\u00e4hrlich ein Sport- und Spielfest inklusive der Bundesjugendspiele f\u00fcr die Kinder aus. Hierbei d\u00fcrfen wir f\u00fcr unsere sportlichen Aktionen den Neetzer Sportplatz benutzen. Die Sch\u00fcler k\u00f6nnen hierbei ihre Sportlichkeit und Ausdauer untereinander messen, als auch an abwechslungsreichen Alternativstationen ihre Geschicklichkeit und ihren Teamgeist unter Beweis stellen. Findet ein gro\u00dfes Schulfest statt, entf\u00e4llt das Sportfest.<\/p>\n<p><strong>\u00a0<\/strong><strong>Sponsorenlauf <\/strong><\/p>\n<p>Ungef\u00e4hr alle vier Jahre organisiert die Grundschule Neetze einen gro\u00dfen Spendenlauf. Dabei laufen alle Kinder auf dem Sportplatz ca. 350m\u2013Runden und sammeln im Vorfeld dazu eigene Sponsoren, die ihre gelaufenen Runden honorieren. Das dadurch eingesammelte Geld wird zum einen f\u00fcr etwas Schulinternes ausgegeben (2018: Kletterger\u00fcst; 2025: Umweltkiste) aber wir verwenden auch immer einen Teil, um ein Sozialprojekt zu unterst\u00fctzen. (2018: Favela da Pas in Brasilien; 2025: Igelhilfe)<\/p>\n<p><strong>\u00a0<\/strong><strong>Schwimmwoche <\/strong><\/p>\n<p>Jedes Jahr kurz vor den Sommerferien fahren die Dritt- und Viertkl\u00e4ssler zum Schwimmunterricht f\u00fcr eine Woche oder f\u00fcr f\u00fcnf einzelne Tage in das Freibad Alt Garge.<br \/>Hier kann mithilfe der SportlehrerInnen das Schwimmen erlernt werden, bzw. weiter trainiert und so auf die Schwimmabzeichen vorbereitet werden.<\/p>\n<p><strong>Tanzwoche<\/strong><\/p>\n\n\n<p>Wir konnten mit den Kindern vor den Osterferien im M\u00e4rz 2022 eine tolle Tanzwoche erleben. Dazu haben wir das Unternehmen &#8222;Wir bewegen Schule&#8220; eingeladen, die mit drei Tanzp\u00e4dagogen eine Woche lang jeden Tag 90 Minuten mit jeder Klasse T\u00e4nze einge\u00fcbt haben.&nbsp;<\/p>\n\n\n\n<p>Dabei stand neben der Freude an Bewegung und dem Erlernen von kleinen Choreographien auch die Entwicklung von Selbstbewusstsein, Teamgeist und der Zusammenhalt in den Klassen im Vordergrund.&nbsp;<\/p>\n\n\n\n<p>Am Ende der Woche durften die Kinder ihr K\u00f6nnen bei einer Vorf\u00fchrung ihren Eltern unter gro\u00dfem Applaus freudig pr\u00e4sentieren.<\/p>\n\n\n\n<p>Wir blicken auf eine fr\u00f6hliche Woche zur\u00fcck und freuen uns darauf, wenn wir so ein Erlebnis nochmal haben d\u00fcrfen.<\/p>\n","protected":false},"excerpt":{"rendered":"<p>Um bei Kindern den Aufbau k\u00f6rperlicher Ausdauer, altersgerechter K\u00f6rperkraft und Koordinationsf\u00e4higkeit zu f\u00f6rdern und fordern, findet in der Grundschule Neetze ein abwechslungsreicher Sportunterricht statt. Die Angebote setzen sich aus vielf\u00e4ltigen didaktischen Bereichen zusammen, sind mehrfach erprobt und weiterentwickelt. Die Stunden &hellip; <a href=\"https:\/\/wordpress.nibis.de\/gsneetze\/sport\/\">Weiterlesen <span class=\"meta-nav\">&rarr;<\/span><\/a><\/p>\n","protected":false},"author":9192573,"featured_media":0,"parent":0,"menu_order":0,"comment_status":"closed","ping_status":"closed","template":"","meta":{"footnotes":""},"class_list":["post-328","page","type-page","status-publish","hentry"],"_links":{"self":[{"href":"https:\/\/wordpress.nibis.de\/gsneetze\/wp-json\/wp\/v2\/pages\/328","targetHints":{"allow":["GET"]}}],"collection":[{"href":"https:\/\/wordpress.nibis.de\/gsneetze\/wp-json\/wp\/v2\/pages"}],"about":[{"href":"https:\/\/wordpress.nibis.de\/gsneetze\/wp-json\/wp\/v2\/types\/page"}],"author":[{"embeddable":true,"href":"https:\/\/wordpress.nibis.de\/gsneetze\/wp-json\/wp\/v2\/users\/9192573"}],"replies":[{"embeddable":true,"href":"https:\/\/wordpress.nibis.de\/gsneetze\/wp-json\/wp\/v2\/comments?post=328"}],"version-history":[{"count":10,"href":"https:\/\/wordpress.nibis.de\/gsneetze\/wp-json\/wp\/v2\/pages\/328\/revisions"}],"predecessor-version":[{"id":1429,"href":"https:\/\/wordpress.nibis.de\/gsneetze\/wp-json\/wp\/v2\/pages\/328\/revisions\/1429"}],"wp:attachment":[{"href":"https:\/\/wordpress.nibis.de\/gsneetze\/wp-json\/wp\/v2\/media?parent=328"}],"curies":[{"name":"wp","href":"https:\/\/api.w.org\/{rel}","templated":true}]}}