{"id":349,"date":"2018-08-01T23:46:53","date_gmt":"2018-08-01T21:46:53","guid":{"rendered":"http:\/\/wordpress.nibis.de\/gsneetze\/?page_id=349"},"modified":"2025-09-30T11:15:55","modified_gmt":"2025-09-30T09:15:55","slug":"349-2","status":"publish","type":"page","link":"https:\/\/wordpress.nibis.de\/gsneetze\/","title":{"rendered":"Startseite"},"content":{"rendered":"<h1 style=\"text-align: center\"><span style=\"font-family: 'arial black', sans-serif\">Herzlich willkommen<br>an der Grundschule Neetze<\/span><\/h1>\n<p><img loading=\"lazy\" decoding=\"async\" class=\"aligncenter wp-image-459 size-medium\" src=\"http:\/\/wordpress.nibis.de\/gsneetze\/files\/2018\/08\/Schulefoto1-300x225.jpg\" alt=\"\" width=\"300\" height=\"225\" srcset=\"https:\/\/wordpress.nibis.de\/gsneetze\/files\/2018\/08\/Schulefoto1-300x225.jpg 300w, https:\/\/wordpress.nibis.de\/gsneetze\/files\/2018\/08\/Schulefoto1.jpg 560w\" sizes=\"auto, (max-width: 300px) 100vw, 300px\" \/><\/p>\n<p><span style=\"font-family: arial, helvetica, sans-serif\">Die Grundschule Neetze ist eine <em>Verl\u00e4ssliche Grundschule<\/em> (derzeit 180 Sch\u00fclerinnen und Sch\u00fclern) mit <em>jahrgangs\u00fcbergreifender Eingangsstufe<\/em> und <em>P\u00e4dagogischem<\/em> <em>Mittagstisch<\/em> mit einer Betreuungszeit bis 17 Uhr.<\/span><\/p>\n<p><img loading=\"lazy\" decoding=\"async\" class=\"aligncenter size-thumbnail wp-image-246\" src=\"http:\/\/wordpress.nibis.de\/gsneetze\/files\/2018\/07\/Logo-Umweltschule1-150x150.png\" alt=\"\" width=\"150\" height=\"150\" srcset=\"https:\/\/wordpress.nibis.de\/gsneetze\/files\/2018\/07\/Logo-Umweltschule1-150x150.png 150w, https:\/\/wordpress.nibis.de\/gsneetze\/files\/2018\/07\/Logo-Umweltschule1.png 200w\" sizes=\"auto, (max-width: 150px) 100vw, 150px\" \/><\/p>\n<p><span style=\"font-family: arial, helvetica, sans-serif\">Unsere Schule ist Teilnehmer der Umweltschulen in Europa\/ Internationale Agenda 21- Schule.<\/span><\/p>\n<p style=\"text-align: center\"><span style=\"font-family: georgia, palatino, serif\"><a href=\"http:\/\/wordpress.nibis.de\/gsneetze\/impressum\/\">Impressum <\/a><\/span><\/p>\n\n\n<div class=\"wp-block-group\"><div class=\"wp-block-group__inner-container is-layout-flow wp-block-group-is-layout-flow\"><\/div><\/div>\n","protected":false},"excerpt":{"rendered":"<p>Herzlich willkommenan der Grundschule Neetze Die Grundschule Neetze ist eine Verl\u00e4ssliche Grundschule (derzeit 180 Sch\u00fclerinnen und Sch\u00fclern) mit jahrgangs\u00fcbergreifender Eingangsstufe und P\u00e4dagogischem Mittagstisch mit einer Betreuungszeit bis 17 Uhr. Unsere Schule ist Teilnehmer der Umweltschulen in Europa\/ Internationale Agenda 21- &hellip; <a href=\"https:\/\/wordpress.nibis.de\/gsneetze\/\">Weiterlesen <span class=\"meta-nav\">&rarr;<\/span><\/a><\/p>\n","protected":false},"author":9192573,"featured_media":0,"parent":0,"menu_order":0,"comment_status":"closed","ping_status":"closed","template":"","meta":{"footnotes":""},"class_list":["post-349","page","type-page","status-publish","hentry"],"_links":{"self":[{"href":"https:\/\/wordpress.nibis.de\/gsneetze\/wp-json\/wp\/v2\/pages\/349","targetHints":{"allow":["GET"]}}],"collection":[{"href":"https:\/\/wordpress.nibis.de\/gsneetze\/wp-json\/wp\/v2\/pages"}],"about":[{"href":"https:\/\/wordpress.nibis.de\/gsneetze\/wp-json\/wp\/v2\/types\/page"}],"author":[{"embeddable":true,"href":"https:\/\/wordpress.nibis.de\/gsneetze\/wp-json\/wp\/v2\/users\/9192573"}],"replies":[{"embeddable":true,"href":"https:\/\/wordpress.nibis.de\/gsneetze\/wp-json\/wp\/v2\/comments?post=349"}],"version-history":[{"count":96,"href":"https:\/\/wordpress.nibis.de\/gsneetze\/wp-json\/wp\/v2\/pages\/349\/revisions"}],"predecessor-version":[{"id":1327,"href":"https:\/\/wordpress.nibis.de\/gsneetze\/wp-json\/wp\/v2\/pages\/349\/revisions\/1327"}],"wp:attachment":[{"href":"https:\/\/wordpress.nibis.de\/gsneetze\/wp-json\/wp\/v2\/media?parent=349"}],"curies":[{"name":"wp","href":"https:\/\/api.w.org\/{rel}","templated":true}]}}