{"id":368,"date":"2018-08-03T18:28:02","date_gmt":"2018-08-03T16:28:02","guid":{"rendered":"http:\/\/wordpress.nibis.de\/gsneetze\/?page_id=368"},"modified":"2020-03-24T10:58:08","modified_gmt":"2020-03-24T09:58:08","slug":"gremien","status":"publish","type":"page","link":"https:\/\/wordpress.nibis.de\/gsneetze\/gremien\/","title":{"rendered":"Gremien"},"content":{"rendered":"<p style=\"text-align: center\"><span style=\"font-family: arial,helvetica,sans-serif;font-size: 18pt\">Wir an der Grundschule Neetze freuen uns \u00fcber Mitgestaltung auf allen Ebenen.<\/span><\/p>\n<p><span style=\"font-family: arial,helvetica,sans-serif\"><span style=\"font-family: arial black,sans-serif\">Eltern<\/span> k\u00f6nnen an verschiedenen Stellen mitwirken und sich einbringen:<\/span><\/p>\n<ul>\n<li><span style=\"font-family: arial,helvetica,sans-serif\"><span style=\"font-family: arial black,sans-serif\">Elternvertretung der Klassen<\/span><br \/>\nSie werden bei der Klassenelternversammlung (Elternabend) gew\u00e4hlt und vertreten die Belange der Klassenelternschaft beim <span style=\"font-family: arial black,sans-serif\">Schulelternrat<\/span>.<\/span><br \/>\n<span style=\"font-family: arial,helvetica,sans-serif\">Au\u00dferdem vertreten sie Sch\u00fclerinnen, Sch\u00fcler und Eltern bei Klassen- und Zeugniskonferenzen. Mehr zur Arbeit des Schulelternrats finden Sie <a href=\"http:\/\/wordpress.nibis.de\/gsneetze\/schulelternrat\/\">hier<\/a>.<\/span><\/li>\n<li><span style=\"font-family: arial black,sans-serif\">Fachkonferenzen<\/span><br \/>\n<span style=\"font-family: arial,helvetica,sans-serif\">Bei den halbj\u00e4hrlich stattfindenden Fachkonferenzen sitzen\u00a0drei geladene Vertreter der Elternschaft bei und erhalten dabei Einblicke in die fachbezogenen Arbeitspl\u00e4ne, Methoden, geplante Projekte und Anschaffungen.<\/span><\/li>\n<li><span style=\"font-family: arial black,sans-serif\">Schulvorstand<\/span><br \/>\n<span style=\"font-family: arial,helvetica,sans-serif\">Zur eigenverantwortlichen Schule geh\u00f6rt die Einberufung eines Schulvorstandes (NSchG \u00a738a und b). Dort arbeiten ca. zwei- bis viermal im Jahr die Schulleitung, eine Abordnung der Lehrkr\u00e4fte und einige gew\u00e4hlte Eltern mit dem Ziel, die Qualit\u00e4tsentwicklung an der Schule zu gestalten. Mehr zu den Aufgaben und der Zusammensetzung\u00a0sowie weitere\u00a0Informationen zum Schulvorstand finden Sie <a href=\"http:\/\/wordpress.nibis.de\/gsneetze\/schulvorstand\/\">hier<\/a>.<br \/>\n<\/span><\/li>\n<li><span style=\"font-family: arial black,sans-serif\">F\u00f6rderverein<\/span><br \/>\n<span style=\"font-family: arial,helvetica,sans-serif\">Alle Eltern der Grundschule Neetze sind herzlich eingeladen, Mitglied des F\u00f6rdervereins zu werden. Mehr Informationen dazu finden Sie <a href=\"http:\/\/wordpress.nibis.de\/gsneetze\/foerderverein\/\">hier<\/a>.<br \/>\n<\/span><\/li>\n<\/ul>\n<p><span style=\"font-family: arial,helvetica,sans-serif\">Auch die <span style=\"font-family: arial black,sans-serif\">Sch\u00fclerinnen und Sch\u00fcler<\/span> haben Mitspracherechte. Hierzu gibt es folgende Gremien: <\/span><\/p>\n<ul>\n<li><span style=\"font-family: arial black,sans-serif\">Klassenrat:<\/span><br \/>\n<span style=\"font-family: arial,helvetica,sans-serif\">Freitags in der 5. Stunde h\u00e4lt jede Klasse einen Klassenrat ab. Es werden Besonderheiten der vergangenen und folgenden Woche besprochen, Konflikte er\u00f6rtert, L\u00f6sungen gesucht und positive Verhaltens\u00e4nderungen hervorgehoben. In dieser Zeit haben die Kinder auch die M\u00f6glichkeit klassen\u00fcbergreifende Konflikte zu besprechen. <\/span><span style=\"font-family: arial,helvetica,sans-serif\">Im Klassenrat werden auch die <span style=\"font-family: arial black,sans-serif\">Klassensprecher<\/span> als Vertreter der Klasse gew\u00e4hlt.<br \/>\n<\/span><\/li>\n<li><span style=\"font-family: arial black,sans-serif\">Klassensprecher:<\/span><br \/>\n<span style=\"font-family: arial,helvetica,sans-serif\">In jeder Klasse werden zu Beginn des Schuljahres KlassensprecherInnen gew\u00e4hlt; in der Regel ein Junge und ein M\u00e4dchen. Diese leiten u.U. den Klassenrat, sind Ansprechpartner f\u00fcr Mitsch\u00fcler, \u00fcbernehmen bestimmte Aufgaben und Verantwortung und vertreten die Anliegen ihrer Klasse im Sch\u00fclerparlament.<\/span><\/li>\n<li><span style=\"font-family: arial black,sans-serif\">Sch\u00fclerparlament:<\/span><br \/>\n<span style=\"font-family: arial,helvetica,sans-serif\">Das Sch\u00fclerparlament trifft sich zu besonderen Anl\u00e4ssen um gr\u00f6\u00dfere Schulvorhaben (z.B. Schwimmausflug, Faschingsfest, Schulfest) zu planen oder wichtige Vorkommnisse der Schule zu besprechen. Es setzt sich zusammen aus den KlassensprecherInnen der acht Klassen und ein oder zwei Lehrkr\u00e4ften.\u00a0<\/span><br \/>\n<span style=\"font-family: arial,helvetica,sans-serif\">In diesem Schuljahr wird es voraussichtlich wieder ein\u00a0Sch\u00fclerparlament geben.<\/span><\/li>\n<\/ul>\n","protected":false},"excerpt":{"rendered":"<p>Wir an der Grundschule Neetze freuen uns \u00fcber Mitgestaltung auf allen Ebenen. Eltern k\u00f6nnen an verschiedenen Stellen mitwirken und sich einbringen: Elternvertretung der Klassen Sie werden bei der Klassenelternversammlung (Elternabend) gew\u00e4hlt und vertreten die Belange der Klassenelternschaft beim Schulelternrat. Au\u00dferdem &hellip; <a href=\"https:\/\/wordpress.nibis.de\/gsneetze\/gremien\/\">Weiterlesen <span class=\"meta-nav\">&rarr;<\/span><\/a><\/p>\n","protected":false},"author":9192573,"featured_media":0,"parent":0,"menu_order":0,"comment_status":"closed","ping_status":"closed","template":"","meta":{"footnotes":""},"class_list":["post-368","page","type-page","status-publish","hentry"],"_links":{"self":[{"href":"https:\/\/wordpress.nibis.de\/gsneetze\/wp-json\/wp\/v2\/pages\/368","targetHints":{"allow":["GET"]}}],"collection":[{"href":"https:\/\/wordpress.nibis.de\/gsneetze\/wp-json\/wp\/v2\/pages"}],"about":[{"href":"https:\/\/wordpress.nibis.de\/gsneetze\/wp-json\/wp\/v2\/types\/page"}],"author":[{"embeddable":true,"href":"https:\/\/wordpress.nibis.de\/gsneetze\/wp-json\/wp\/v2\/users\/9192573"}],"replies":[{"embeddable":true,"href":"https:\/\/wordpress.nibis.de\/gsneetze\/wp-json\/wp\/v2\/comments?post=368"}],"version-history":[{"count":7,"href":"https:\/\/wordpress.nibis.de\/gsneetze\/wp-json\/wp\/v2\/pages\/368\/revisions"}],"predecessor-version":[{"id":807,"href":"https:\/\/wordpress.nibis.de\/gsneetze\/wp-json\/wp\/v2\/pages\/368\/revisions\/807"}],"wp:attachment":[{"href":"https:\/\/wordpress.nibis.de\/gsneetze\/wp-json\/wp\/v2\/media?parent=368"}],"curies":[{"name":"wp","href":"https:\/\/api.w.org\/{rel}","templated":true}]}}