{"id":376,"date":"2018-08-03T20:01:03","date_gmt":"2018-08-03T18:01:03","guid":{"rendered":"http:\/\/wordpress.nibis.de\/gsneetze\/?page_id=376"},"modified":"2025-09-02T12:33:05","modified_gmt":"2025-09-02T10:33:05","slug":"infos-fuer-eltern","status":"publish","type":"page","link":"https:\/\/wordpress.nibis.de\/gsneetze\/infos-fuer-eltern\/","title":{"rendered":"Wichtige Infos f\u00fcr Eltern"},"content":{"rendered":"<p><span style=\"font-family: arial black,sans-serif\">Krankmeldungen<\/span><\/p>\n<ul>\n<li><span style=\"font-family: arial,helvetica,sans-serif\">Bitte benachrichtigen Sie im Krankheitsfall Ihres Kindes gleich morgens ein anderes Kind aus der Klasse, das Ihr krankes\u00a0Kind bei der Lehrkraft abmeldet. Der Anrufbeantworter der Schule kann nicht immer zeitnah abgeh\u00f6rt werden. <\/span><br \/>\n<span style=\"font-family: arial,helvetica,sans-serif\">Eine schriftliche Entschuldigung muss sp\u00e4ter nachgereicht werden.<\/span><\/li>\n<\/ul>\n<p><span style=\"font-family: arial black,sans-serif\">Unfall oder\u00a0Krankheit\u00a0in der Schule<\/span><\/p>\n<ul>\n<li><span style=\"font-family: arial,helvetica,sans-serif\">Sollte Ihr Kind im Laufe des Schultages einen Unfall erleiden oder eindeutige\u00a0Krankheitssymptome zeigen, wird\u00a0sich eine Lehrkraft telefonisch mit Ihnen in Verbindung setzen.<br \/>\n<span style=\"font-family: arial black,sans-serif\">Bitte beachten Sie, dass die in der Schule abgegebenen Notfallnummern immer aktuell sind.<\/span><\/span><\/li>\n<\/ul>\n<p><span style=\"font-family: arial black,sans-serif\">Beurlaubung<\/span><\/p>\n<ul>\n<li><span style=\"font-family: arial,helvetica,sans-serif\">Soll Ihr Kind aufgrund au\u00dfergew\u00f6hnlicher famili\u00e4rer Ereignisse beurlaubt werden, sprechen Sie bitte rechtzeitig mit der Klassenlehrerin. Eine schriftliche Entschuldigung muss nachgereicht werden. Beurlaubungen die \u00fcber einen Tag hinaus gehen, m\u00fcssen bei der Schulleitung schriftlich beantragt werden und k\u00f6nnen nur einmalig w\u00e4hrend der gesamten Grundschulzeit genehmigt werden. <\/span><br \/>\n<span style=\"font-family: arial,helvetica,sans-serif\">Beurlaubungen angrenzend an die Schulferien\u00a0d\u00fcrfen nicht erteilt werden. <\/span><\/li>\n<\/ul>\n<p><span style=\"font-family: arial black,sans-serif\">\u00d6ffnung der T\u00fcren am Morgen<\/span><\/p>\n<ul>\n<li><span style=\"font-family: arial,helvetica,sans-serif\">F\u00fcr Kinder, die zur Fr\u00fchstunde Unterricht haben und jene, die f\u00fcr die Fr\u00fchbetreuung angemeldet sind, ist die Eingangst\u00fcr zum Schulhof ab 7.20 Uhr ge\u00f6ffnet. Die anderen Schult\u00fcren \u00f6ffnen erst um 8.05 Uhr. Kinder, die um 8.20 Uhr Unterrichtsbeginn haben, werden gebeten, nicht vor 8.05 Uhr zu kommen, da sie vorher nicht beaufsichtigt werden k\u00f6nnen.<\/span><\/li>\n<\/ul>\n<p><span style=\"font-family: arial black,sans-serif\">Bringen und Abholen<\/span><\/p>\n<ul>\n<li><span style=\"font-family: arial,helvetica,sans-serif\">Falls Sie Ihr Kind nach Unterrichtsschluss direkt an der Schule abholen wollen, warten Sie bitte unten an den Eingangst\u00fcren. In unseren Schulfluren sind Einzelarbeitspl\u00e4tze eingerichtet, und die Anwesenheit von wartenden Eltern beeintr\u00e4chtigt das konzentrierte Arbeiten.<br \/>\nDa es an unserer Schule das <span style=\"font-family: arial black,sans-serif\">Projekt &#8222;Sicher zu Fu\u00df zur Schule&#8220;<\/span> gibt, m\u00f6chten wir Sie bitten, Ihre Kinder zu Fu\u00df zu schicken, sofern die Entfernung dies zul\u00e4sst.<br \/>\nMehr zum Projekt finden\u00a0Sie <a href=\"https:\/\/wordpress.nibis.de\/gsneetze\/sicher-zur-schule-wir-lernen-das\/\">hier<\/a>.<br \/>\n<\/span><\/li>\n<li><span style=\"font-family: arial, helvetica, sans-serif\">Falls Sie Ihr Kind vor Unterrichtsbeginn bis zur Schule bringen m\u00f6chten, gehen Sie bitte auch hierbei nur bis zu den Eingangst\u00fcren mit.\u00a0<\/span><\/li>\n<\/ul>\n<p><span style=\"font-family: arial black,sans-serif\">Witterungsbedingter Schulausfall<\/span><\/p>\n<ul>\n<li><span style=\"font-family: arial,helvetica,sans-serif\">Bei beh\u00f6rdlich angeordneten Schulausf\u00e4llen, wie z.B. bei Glatteis\u00a0sollte Ihr Kind zu Hause bleiben. Bitte beachten Sie, dass der Sch\u00fclertransport dann h\u00e4ufig\u00a0nicht gew\u00e4hrleistet werden kann.<\/span><br \/>\n<span style=\"font-family: arial,helvetica,sans-serif\">Verbindliche\u00a0Informationen zum Schulausfall erhalten Sie bei der <a href=\"http:\/\/www.vmz-niedersachsen.de\/wissenswertes\/schulausfall\/\" target=\"_blank\" rel=\"noopener noreferrer\">VMZ Niedersachsen<\/a>.<\/span><br \/>\n<span style=\"font-family: arial,helvetica,sans-serif\">In der Schule gibt es jedoch immer auch eine Notbetreuung.<\/span><\/li>\n<\/ul>\n<p><span style=\"font-family: arial black,sans-serif\">Handys<\/span><\/p>\n<ul>\n<li><span style=\"font-family: arial,helvetica,sans-serif\">Wir lehnen in\u00a0unserer Schule eine Handynutzung durch die Kinder ab. Daf\u00fcr gibt es viele verschiedene Gr\u00fcnde.\u00a0Ihr Kind wird bei uns gut beaufsichtigt, und im Krankheitsfall, bei Nichteintreffen in der Schule am Morgen und beim Verpassen des Schulbusses am Mittag werden Sie informiert.\u00a0Die Schule lehnt jeglichen Haftungsanspruch bei Verlust\u00a0ab.<br \/>\nSollten Sie aufgrund gesundheitlicher oder pers\u00f6nlicher Gr\u00fcnde Ihr Kind mit einem Handy ausstatten wollen, besprechen Sie dies bitte mit der Klassenlehrerin. Auch andere elektronische Ger\u00e4te, wie mp3-Player oder Fitness-Tracker st\u00f6ren den Schulalltag.<\/span><\/li>\n<\/ul>\n","protected":false},"excerpt":{"rendered":"<p>Krankmeldungen Bitte benachrichtigen Sie im Krankheitsfall Ihres Kindes gleich morgens ein anderes Kind aus der Klasse, das Ihr krankes\u00a0Kind bei der Lehrkraft abmeldet. Der Anrufbeantworter der Schule kann nicht immer zeitnah abgeh\u00f6rt werden. Eine schriftliche Entschuldigung muss sp\u00e4ter nachgereicht werden. &hellip; <a href=\"https:\/\/wordpress.nibis.de\/gsneetze\/infos-fuer-eltern\/\">Weiterlesen <span class=\"meta-nav\">&rarr;<\/span><\/a><\/p>\n","protected":false},"author":9192573,"featured_media":0,"parent":0,"menu_order":0,"comment_status":"closed","ping_status":"closed","template":"","meta":{"footnotes":""},"class_list":["post-376","page","type-page","status-publish","hentry"],"_links":{"self":[{"href":"https:\/\/wordpress.nibis.de\/gsneetze\/wp-json\/wp\/v2\/pages\/376","targetHints":{"allow":["GET"]}}],"collection":[{"href":"https:\/\/wordpress.nibis.de\/gsneetze\/wp-json\/wp\/v2\/pages"}],"about":[{"href":"https:\/\/wordpress.nibis.de\/gsneetze\/wp-json\/wp\/v2\/types\/page"}],"author":[{"embeddable":true,"href":"https:\/\/wordpress.nibis.de\/gsneetze\/wp-json\/wp\/v2\/users\/9192573"}],"replies":[{"embeddable":true,"href":"https:\/\/wordpress.nibis.de\/gsneetze\/wp-json\/wp\/v2\/comments?post=376"}],"version-history":[{"count":13,"href":"https:\/\/wordpress.nibis.de\/gsneetze\/wp-json\/wp\/v2\/pages\/376\/revisions"}],"predecessor-version":[{"id":1307,"href":"https:\/\/wordpress.nibis.de\/gsneetze\/wp-json\/wp\/v2\/pages\/376\/revisions\/1307"}],"wp:attachment":[{"href":"https:\/\/wordpress.nibis.de\/gsneetze\/wp-json\/wp\/v2\/media?parent=376"}],"curies":[{"name":"wp","href":"https:\/\/api.w.org\/{rel}","templated":true}]}}