{"id":407,"date":"2018-08-05T20:17:08","date_gmt":"2018-08-05T18:17:08","guid":{"rendered":"http:\/\/wordpress.nibis.de\/gsneetze\/?page_id=407"},"modified":"2021-03-14T20:04:17","modified_gmt":"2021-03-14T19:04:17","slug":"impressum","status":"publish","type":"page","link":"https:\/\/wordpress.nibis.de\/gsneetze\/impressum\/","title":{"rendered":"Impressum"},"content":{"rendered":"<p><span style=\"font-family: arial black,sans-serif\">Land Niedersachsen<\/span><\/p>\n<p><span style=\"font-family: arial,helvetica,sans-serif\">Das Land Niedersachsen ist eine juristische Person des \u00f6ffentlichen Rechts vertreten durch<\/span><\/p>\n<p><span style=\"font-family: arial,helvetica,sans-serif\">Schulleitung:<br \/>\n<\/span><span style=\"font-family: arial black,sans-serif\">B\u00e4rbel Wildner<\/span><\/p>\n<p><span style=\"font-family: arial,helvetica,sans-serif\">Grundschule Neetze<br \/>\n<\/span><span style=\"font-family: arial,helvetica,sans-serif\">S\u00fcttorfer Weg 17-19<\/span><br \/>\n<span style=\"font-family: arial,helvetica,sans-serif\">21398 Neetze<\/span><br \/>\n<span style=\"font-family: arial,helvetica,sans-serif\">Tel.: 05850\/260<\/span><br \/>\n<span style=\"font-family: arial,helvetica,sans-serif\">Fax:\u00a0 05850\/972092<br \/>\nE-Mail: &#103;&#x73;&#95;&#x6e;&#101;&#x65;&#116;&#x7a;&#101;&#x40;&#116;&#x2d;o&#x6e;l&#x69;n&#x65;&#46;&#x64;e<\/span><\/p>\n<p><span style=\"font-family: arial,helvetica,sans-serif\">Schulische Datenschutzbeauftragte:<br \/>\n<\/span><span style=\"font-family: arial,helvetica,sans-serif\">Gabriele Gruber\u00a0 \u00a0&#103;&#x67;r&#117;&#x62;&#101;&#x72;&#64;&#x67;r&#117;&#x6e;&#100;&#x73;c&#x68;&#x75;&#108;&#x65;-&#x6e;e&#101;&#x74;&#122;&#x65;&#46;&#x64;e<\/span><\/p>\n<p><span style=\"font-family: arial,helvetica,sans-serif\">Verantwortliche f\u00fcr redaktionell-journalistische Angebote i.S. d. \u00a755 Abs. 2 Rundfunkstaatsvertrag:<br \/>\n<\/span><span style=\"font-family: arial,helvetica,sans-serif\">Britta Plath\u00a0 \u00a0 \u00a0 \u00a0&#x62;&#x70;l&#x61;&#116;h&#x40;&#103;r&#x75;&#110;&#x64;&#x73;c&#x68;&#117;l&#x65;&#45;n&#x65;&#101;&#x74;&#x7a;&#101;&#x2e;&#x64;e<br \/>\n<\/span><br \/>\n<span style=\"font-family: arial,helvetica,sans-serif\">Grundschule Neetze<\/span><br \/>\n<span style=\"font-family: arial,helvetica,sans-serif\">S\u00fcttorfer Weg 17-19<\/span><br \/>\n<span style=\"font-family: arial,helvetica,sans-serif\">21398 Neetze<\/span><br \/>\n<span style=\"font-family: arial,helvetica,sans-serif\">Tel. 05850\/260<\/span><\/p>\n<p><span style=\"font-family: arial,helvetica,sans-serif\">Disclaimer<\/span><\/p>\n<p><span style=\"font-family: arial,helvetica,sans-serif\">Diese Website beinhaltet externe Links. Deren Inhalte entziehen sich unserer Einflussnahme, sodass eine Gew\u00e4hr f\u00fcr solche Inhalte von uns nicht \u00fcbernommen werden kann.<\/span><\/p>\n<p><span style=\"font-family: arial,helvetica,sans-serif\">Die Verantwortung liegt stets beim jeweiligen Betreiber der externen Seite. Zum Zeitpunkt der Verkn\u00fcpfung der externen Links waren keine Rechtsverst\u00f6\u00dfe ersichtlich. Das permanente \u00dcberwachen fremder Inhalte auf Rechtsverst\u00f6\u00dfe ohne konkrete Hinweise ist uns nicht zumutbar.<\/span><\/p>\n<p><span style=\"font-family: arial,helvetica,sans-serif\">Sollten wir Kenntnis von Rechtsverletzungen erlangen, werden wir die entsprechenden externen Links unverz\u00fcglich entfernen.<\/span><\/p>\n","protected":false},"excerpt":{"rendered":"<p>Land Niedersachsen Das Land Niedersachsen ist eine juristische Person des \u00f6ffentlichen Rechts vertreten durch Schulleitung: B\u00e4rbel Wildner Grundschule Neetze S\u00fcttorfer Weg 17-19 21398 Neetze Tel.: 05850\/260 Fax:\u00a0 05850\/972092 E-Mail: &#x67;s&#x5f;&#110;e&#x65;&#116;&#x7a;&#101;&#64;&#x74;&#45;&#x6f;&#110;l&#x69;&#110;&#x65;&#x2e;d&#x65; Schulische Datenschutzbeauftragte: Gabriele Gruber\u00a0 \u00a0&#x67;&#103;&#x72;&#x75;b&#x65;&#114;&#x40;&#x67;r&#x75;&#110;&#x64;&#x73;c&#x68;&#117;&#x6c;&#x65;-&#x6e;&#101;&#x65;&#x74;z&#x65;&#46;&#x64;&#x65; Verantwortliche f\u00fcr redaktionell-journalistische Angebote i.S. &hellip; <a href=\"https:\/\/wordpress.nibis.de\/gsneetze\/impressum\/\">Weiterlesen <span class=\"meta-nav\">&rarr;<\/span><\/a><\/p>\n","protected":false},"author":9192573,"featured_media":0,"parent":0,"menu_order":0,"comment_status":"closed","ping_status":"closed","template":"","meta":{"footnotes":""},"class_list":["post-407","page","type-page","status-publish","hentry"],"_links":{"self":[{"href":"https:\/\/wordpress.nibis.de\/gsneetze\/wp-json\/wp\/v2\/pages\/407","targetHints":{"allow":["GET"]}}],"collection":[{"href":"https:\/\/wordpress.nibis.de\/gsneetze\/wp-json\/wp\/v2\/pages"}],"about":[{"href":"https:\/\/wordpress.nibis.de\/gsneetze\/wp-json\/wp\/v2\/types\/page"}],"author":[{"embeddable":true,"href":"https:\/\/wordpress.nibis.de\/gsneetze\/wp-json\/wp\/v2\/users\/9192573"}],"replies":[{"embeddable":true,"href":"https:\/\/wordpress.nibis.de\/gsneetze\/wp-json\/wp\/v2\/comments?post=407"}],"version-history":[{"count":6,"href":"https:\/\/wordpress.nibis.de\/gsneetze\/wp-json\/wp\/v2\/pages\/407\/revisions"}],"predecessor-version":[{"id":1032,"href":"https:\/\/wordpress.nibis.de\/gsneetze\/wp-json\/wp\/v2\/pages\/407\/revisions\/1032"}],"wp:attachment":[{"href":"https:\/\/wordpress.nibis.de\/gsneetze\/wp-json\/wp\/v2\/media?parent=407"}],"curies":[{"name":"wp","href":"https:\/\/api.w.org\/{rel}","templated":true}]}}