{"id":491,"date":"2018-08-19T16:02:31","date_gmt":"2018-08-19T14:02:31","guid":{"rendered":"http:\/\/wordpress.nibis.de\/gsneetze\/?page_id=491"},"modified":"2026-02-21T18:17:26","modified_gmt":"2026-02-21T17:17:26","slug":"gesunde-ernaehrung","status":"publish","type":"page","link":"https:\/\/wordpress.nibis.de\/gsneetze\/gesunde-ernaehrung\/","title":{"rendered":"Gesunde Ern\u00e4hrung"},"content":{"rendered":"<p><span style=\"font-family: arial black,sans-serif\">Fr\u00fchst\u00fccksexperten<\/span><\/p>\n<p><span style=\"font-family: arial,helvetica,sans-serif\">Im Rahmen eines Umweltprojekts besch\u00e4ftigten sich bereits 2007 die dritten Klassen intensiv mit dem Thema Gesunde Ern\u00e4hrung. <\/span><br \/>\n<span style=\"font-family: arial,helvetica,sans-serif\">Hierbei lernten die Kinder die Ern\u00e4hrungspyramide kennen und erfuhren, wie gut es ist, reichlich Obst und Gem\u00fcse zu essen. Ein weiteres wichtiges Thema war der &#8222;umweltbewusste Einkauf&#8220;.\u00a0Zum Abschluss der Einheit wurden die Sch\u00fclerInnen zu <span style=\"font-family: arial black,sans-serif\">Fr\u00fchst\u00fccksexperten<\/span> ausgebildet. Zun\u00e4chst bewerteten sie ihr eigenes Schulfr\u00fchst\u00fcck und konnten f\u00fcr eine ausgewogene Zusammenstellung Pluspunkte sammeln. Danach stellten die Experten ihr Thema den anderen Klassen vor.<br \/>\nMit diesem Thema haben wir damals den Umweltpreis der Samtgemeinde Ostheide gewonnen.<\/span><\/p>\n<p><span style=\"font-family: arial,helvetica,sans-serif\"><br \/>\nSeitdem besch\u00e4ftigt sich weiterhin in jedem Jahr der jeweilige vierte Jahrgang mit dem Thema Gesunde Ern\u00e4hrung. Die Kinder werden in diesem Rahmen allj\u00e4hrlich zu Fr\u00fchst\u00fccksexperten ausgebildet. Sie informieren im Anschluss alle anderen Kinder unserer Schule dar\u00fcber, wie ein gesundes Fr\u00fchst\u00fcck beschaffen sein sollte und warum es wichtig ist, gesund zu essen. Daraufhin sammeln alle Kinder unserer Schule f\u00fcr einen bestimmten Zeitraum Fr\u00fchst\u00fcckspunkte, um den Blick f\u00fcr dieses Thema zu sch\u00e4rfen.\u00a0\u00a0 <\/span><\/p>\n<p><span style=\"font-family: arial black,sans-serif\">Schulobst<\/span><\/p>\n<p><span style=\"font-family: arial,helvetica,sans-serif\">An unserer Schule legen wir Wert auf eine ruhige Fr\u00fchst\u00fcckspause. Die Sch\u00fcler essen nach der Hofpause gemeinsam in ihren Klassen ihr mitgebrachtes Fr\u00fchst\u00fcck. Dabei wird vorgelesen oder sich in entspannter Atmosph\u00e4re unterhalten.<br \/>\n<\/span><span style=\"font-family: arial,helvetica,sans-serif\">Seit dem Somer 2017 nimmt unsere Schule an dem <span style=\"font-family: arial black,sans-serif\">Schulobst und -gem\u00fcse Programm der Europ\u00e4ischen Union<\/span>, finanziert vom Land Niedersachsen, teil. Ziel des Programmes ist es, Kinder f\u00fcr eine gesunde Ern\u00e4hrung zu begeistern. Die Obstkisten bieten eine gro\u00dfe Vielfalt an Obst- und Gem\u00fcsearten. Dadurch lernen die Kinder auch ihnen zun\u00e4chst unbekanntes Obst und Gem\u00fcse kennen und probieren es gern. So gibt es auch mal gelbe M\u00f6hren oder roten Kohlrabi. Gleichzeitig wird das Bewusstsein f\u00fcr regionale und saisonale Verf\u00fcgbarkeit gest\u00e4rkt und diskutiert.<\/span><\/p>\n<p><span style=\"font-family: arial,helvetica,sans-serif\">Das Obst und Gem\u00fcse wird zweimal in der Woche in Klappkisten von der Loewe-Stiftung in L\u00fcneburg an die Schule geliefert und in der Fr\u00fchst\u00fcckspause von den \u00e4lteren Kindern oder den Lehrkr\u00e4ften zubereitet. Die Sch\u00fcler lernen dabei das Schneiden und Anbieten des Obstes nebenher. Wie schneidet man z.B. eine Ananas? <\/span><br \/>\n<span style=\"font-family: arial,helvetica,sans-serif\">Mittlerweile freuen sich alle auf das leckere Obst und Gem\u00fcse und f\u00e4llt es aufgrund von Feiertagen einmal aus, wird es sehr vermisst.<\/span><\/p>\n","protected":false},"excerpt":{"rendered":"<p>Fr\u00fchst\u00fccksexperten Im Rahmen eines Umweltprojekts besch\u00e4ftigten sich bereits 2007 die dritten Klassen intensiv mit dem Thema Gesunde Ern\u00e4hrung. Hierbei lernten die Kinder die Ern\u00e4hrungspyramide kennen und erfuhren, wie gut es ist, reichlich Obst und Gem\u00fcse zu essen. Ein weiteres wichtiges &hellip; <a href=\"https:\/\/wordpress.nibis.de\/gsneetze\/gesunde-ernaehrung\/\">Weiterlesen <span class=\"meta-nav\">&rarr;<\/span><\/a><\/p>\n","protected":false},"author":9192573,"featured_media":0,"parent":0,"menu_order":0,"comment_status":"closed","ping_status":"closed","template":"","meta":{"footnotes":""},"class_list":["post-491","page","type-page","status-publish","hentry"],"_links":{"self":[{"href":"https:\/\/wordpress.nibis.de\/gsneetze\/wp-json\/wp\/v2\/pages\/491","targetHints":{"allow":["GET"]}}],"collection":[{"href":"https:\/\/wordpress.nibis.de\/gsneetze\/wp-json\/wp\/v2\/pages"}],"about":[{"href":"https:\/\/wordpress.nibis.de\/gsneetze\/wp-json\/wp\/v2\/types\/page"}],"author":[{"embeddable":true,"href":"https:\/\/wordpress.nibis.de\/gsneetze\/wp-json\/wp\/v2\/users\/9192573"}],"replies":[{"embeddable":true,"href":"https:\/\/wordpress.nibis.de\/gsneetze\/wp-json\/wp\/v2\/comments?post=491"}],"version-history":[{"count":8,"href":"https:\/\/wordpress.nibis.de\/gsneetze\/wp-json\/wp\/v2\/pages\/491\/revisions"}],"predecessor-version":[{"id":1431,"href":"https:\/\/wordpress.nibis.de\/gsneetze\/wp-json\/wp\/v2\/pages\/491\/revisions\/1431"}],"wp:attachment":[{"href":"https:\/\/wordpress.nibis.de\/gsneetze\/wp-json\/wp\/v2\/media?parent=491"}],"curies":[{"name":"wp","href":"https:\/\/api.w.org\/{rel}","templated":true}]}}