{"id":681,"date":"2019-03-15T18:20:14","date_gmt":"2019-03-15T17:20:14","guid":{"rendered":"https:\/\/wordpress.nibis.de\/gsneetze\/?page_id=681"},"modified":"2024-04-24T11:34:05","modified_gmt":"2024-04-24T09:34:05","slug":"mathematikolympiade","status":"publish","type":"page","link":"https:\/\/wordpress.nibis.de\/gsneetze\/mathematikolympiade\/","title":{"rendered":"Mathematikolympiade"},"content":{"rendered":"\n<p><span style=\"font-family: arial, helvetica, sans-serif\">Jedes Jahr nehmen einige Sch\u00fclerinnen und Sch\u00fcler unserer Schule an der Mathematikolympiade in Niedersachsen teil. Die Mathematikolympiade ist ein Wettbewerb, bei dem die Sch\u00fclerinnen und Sch\u00fcler der 3. und 4. Klassen in Einzelarbeit drei bis sechs komplexe Aufgaben l\u00f6sen m\u00fcssen. Haben sie die notwendige Punktzahl erreicht, qualifizieren sie sich f\u00fcr die n\u00e4chste Runde. Insgesamt gibt es vier Runden. Zum L\u00f6sen der Aufgaben ben\u00f6tigen die Sch\u00fclerinnen und Sch\u00fcler vor allem F\u00e4higkeiten im Bereich des logischen Denkens, der Kombinatorik und des kreativen Umgangs mit Methoden.<\/span><\/p>\n\n\n\n<p><span style=\"font-family: arial, helvetica, sans-serif\">Mehr allgemeine Informationen zur Mathematikoympiade Niedersachsen finden Sie <a href=\"https:\/\/www.mo-ni.de\/\">hier<\/a>.<\/span><\/p>\n<p><span style=\"font-family: arial, helvetica, sans-serif\">An unserer Schule leitet Frau Mienert den Wettbewerb. Jedes Jahr starten ungef\u00e4hr sechs bis acht Sch\u00fclerinnen und Sch\u00fcler aus den dritten und vierten Klassen. Wir freuen uns mit allen Sch\u00fclerinnen und Sch\u00fclern, die die zweite oder sogar die dritte Stufe erreicht haben. Die hohe Komplexit\u00e4t der Aufgaben geht \u00fcber das \u00fcbliche Ma\u00df der im Unterricht behandelten Aufgaben hinaus, von daher: Tolle Leistung! <\/span><br><span style=\"font-family: arial, helvetica, sans-serif\">Auch im letzten Jahr haben wieder einzelne Sch\u00fclerinnen und Sch\u00fcler das Landesfinale erreicht. Eine gro\u00dfartige Leistung! Herzlichen Gl\u00fcckwunsch!<\/span><\/p>\n\n\n\n<div class=\"wp-block-image\"><figure class=\"alignright\"><img loading=\"lazy\" decoding=\"async\" width=\"300\" height=\"225\" src=\"https:\/\/wordpress.nibis.de\/gsneetze\/files\/2019\/03\/Moni18-Plakat-300x225.jpg\" alt=\"\" class=\"wp-image-683\" srcset=\"https:\/\/wordpress.nibis.de\/gsneetze\/files\/2019\/03\/Moni18-Plakat-300x225.jpg 300w, https:\/\/wordpress.nibis.de\/gsneetze\/files\/2019\/03\/Moni18-Plakat.jpg 600w\" sizes=\"auto, (max-width: 300px) 100vw, 300px\" \/><\/figure><\/div>\n\n\n\n<p><span style=\"font-family: arial, helvetica, sans-serif\">Jedes Fr\u00fchjahr werden die erfolgreichen Sch\u00fclerinnen und Sch\u00fcler in einer Siegerehrung mit Urkunden ausgezeichnet. Wir sind gespannt auf die n\u00e4chsten Gewinner!<\/span><\/p>\n","protected":false},"excerpt":{"rendered":"<p>Jedes Jahr nehmen einige Sch\u00fclerinnen und Sch\u00fcler unserer Schule an der Mathematikolympiade in Niedersachsen teil. Die Mathematikolympiade ist ein Wettbewerb, bei dem die Sch\u00fclerinnen und Sch\u00fcler der 3. und 4. Klassen in Einzelarbeit drei bis sechs komplexe Aufgaben l\u00f6sen m\u00fcssen. &hellip; <a href=\"https:\/\/wordpress.nibis.de\/gsneetze\/mathematikolympiade\/\">Weiterlesen <span class=\"meta-nav\">&rarr;<\/span><\/a><\/p>\n","protected":false},"author":9192573,"featured_media":0,"parent":0,"menu_order":0,"comment_status":"closed","ping_status":"closed","template":"","meta":{"footnotes":""},"class_list":["post-681","page","type-page","status-publish","hentry"],"_links":{"self":[{"href":"https:\/\/wordpress.nibis.de\/gsneetze\/wp-json\/wp\/v2\/pages\/681","targetHints":{"allow":["GET"]}}],"collection":[{"href":"https:\/\/wordpress.nibis.de\/gsneetze\/wp-json\/wp\/v2\/pages"}],"about":[{"href":"https:\/\/wordpress.nibis.de\/gsneetze\/wp-json\/wp\/v2\/types\/page"}],"author":[{"embeddable":true,"href":"https:\/\/wordpress.nibis.de\/gsneetze\/wp-json\/wp\/v2\/users\/9192573"}],"replies":[{"embeddable":true,"href":"https:\/\/wordpress.nibis.de\/gsneetze\/wp-json\/wp\/v2\/comments?post=681"}],"version-history":[{"count":7,"href":"https:\/\/wordpress.nibis.de\/gsneetze\/wp-json\/wp\/v2\/pages\/681\/revisions"}],"predecessor-version":[{"id":1230,"href":"https:\/\/wordpress.nibis.de\/gsneetze\/wp-json\/wp\/v2\/pages\/681\/revisions\/1230"}],"wp:attachment":[{"href":"https:\/\/wordpress.nibis.de\/gsneetze\/wp-json\/wp\/v2\/media?parent=681"}],"curies":[{"name":"wp","href":"https:\/\/api.w.org\/{rel}","templated":true}]}}