{"id":741,"date":"2019-09-01T16:15:51","date_gmt":"2019-09-01T14:15:51","guid":{"rendered":"https:\/\/wordpress.nibis.de\/gsneetze\/?page_id=741"},"modified":"2020-03-26T10:04:25","modified_gmt":"2020-03-26T09:04:25","slug":"projektwoche-zum-thema-klimawandel","status":"publish","type":"page","link":"https:\/\/wordpress.nibis.de\/gsneetze\/projektwoche-zum-thema-klimawandel\/","title":{"rendered":"Projektwoche zum Thema Klimawandel"},"content":{"rendered":"\n<p><span style=\"font-family: arial, helvetica, sans-serif\">Im Mai 2019 haben wir unsere Projektwoche zum Thema &#8222;Klimawandel&#8220; durchgef\u00fchrt. Unter verschiedenen Aspekten haben wir uns vor allem handelnd damit auseinander gesetzt, wie wir einen Beitrag zum Klimaschutz leisten k\u00f6nnen.<\/span><\/p>\n<p><span style=\"font-family: arial, helvetica, sans-serif\">Unter vielen verschiedenen Themen konnten die Kinder zwei Schwerpunkte w\u00e4hlen: Fledermausk\u00e4sten bauen, Vom Rollen zum Auto, Papier sch\u00f6pfen, Upcycling, Blumenwiesen anlegen, Musikinstrumente aus M\u00fcll bauen, den Wald entdecken, Wolle f\u00e4rben, Fr\u00fchst\u00fccksnacks, den Schulteich erkunden.<\/span><\/p>\n\n\n\n<p><span style=\"font-family: arial, helvetica, sans-serif\">Im Anschluss an die Projekte w\u00e4hrend des Schulvormittages folgte am Freitag nachmittag ein Tag der offenen T\u00fcr, an dem unsere Projekte vorgestellt wurden. So konnten auch die Eltern und Geschwister unsere fertigen Produkte wie unsere geflochtenen Papierk\u00f6rbe bestaunen oder die Fr\u00fchst\u00fcckssnacks probieren oder selbst aktiv werden und z.B. Papier sch\u00f6pfen.<\/span><\/p>\n\n\n\n<p><\/p>\n","protected":false},"excerpt":{"rendered":"<p>Im Mai 2019 haben wir unsere Projektwoche zum Thema &#8222;Klimawandel&#8220; durchgef\u00fchrt. Unter verschiedenen Aspekten haben wir uns vor allem handelnd damit auseinander gesetzt, wie wir einen Beitrag zum Klimaschutz leisten k\u00f6nnen. Unter vielen verschiedenen Themen konnten die Kinder zwei Schwerpunkte &hellip; <a href=\"https:\/\/wordpress.nibis.de\/gsneetze\/projektwoche-zum-thema-klimawandel\/\">Weiterlesen <span class=\"meta-nav\">&rarr;<\/span><\/a><\/p>\n","protected":false},"author":9192573,"featured_media":0,"parent":0,"menu_order":0,"comment_status":"closed","ping_status":"closed","template":"","meta":{"footnotes":""},"class_list":["post-741","page","type-page","status-publish","hentry"],"_links":{"self":[{"href":"https:\/\/wordpress.nibis.de\/gsneetze\/wp-json\/wp\/v2\/pages\/741","targetHints":{"allow":["GET"]}}],"collection":[{"href":"https:\/\/wordpress.nibis.de\/gsneetze\/wp-json\/wp\/v2\/pages"}],"about":[{"href":"https:\/\/wordpress.nibis.de\/gsneetze\/wp-json\/wp\/v2\/types\/page"}],"author":[{"embeddable":true,"href":"https:\/\/wordpress.nibis.de\/gsneetze\/wp-json\/wp\/v2\/users\/9192573"}],"replies":[{"embeddable":true,"href":"https:\/\/wordpress.nibis.de\/gsneetze\/wp-json\/wp\/v2\/comments?post=741"}],"version-history":[{"count":3,"href":"https:\/\/wordpress.nibis.de\/gsneetze\/wp-json\/wp\/v2\/pages\/741\/revisions"}],"predecessor-version":[{"id":889,"href":"https:\/\/wordpress.nibis.de\/gsneetze\/wp-json\/wp\/v2\/pages\/741\/revisions\/889"}],"wp:attachment":[{"href":"https:\/\/wordpress.nibis.de\/gsneetze\/wp-json\/wp\/v2\/media?parent=741"}],"curies":[{"name":"wp","href":"https:\/\/api.w.org\/{rel}","templated":true}]}}