{"id":90,"date":"2018-05-22T20:57:42","date_gmt":"2018-05-22T18:57:42","guid":{"rendered":"http:\/\/wordpress.nibis.de\/gsneetze\/?page_id=90"},"modified":"2019-02-03T20:35:05","modified_gmt":"2019-02-03T19:35:05","slug":"beratungslehrerin","status":"publish","type":"page","link":"https:\/\/wordpress.nibis.de\/gsneetze\/beratungslehrerin\/","title":{"rendered":"Beratungslehrerin"},"content":{"rendered":"<p style=\"text-align: center\"><strong>Ilka Mielmann <\/strong><strong>ist<\/strong><strong> Beratungslehrerin <\/strong><strong>an der GS Neetze<\/strong><\/p>\n<p style=\"text-align: center\"><strong>\u00a0<\/strong><strong>Bei Kummer und Sorgen sprechen Sie mich an!<\/strong><\/p>\n<p>Ich bin eine Ansprechpartnerin f\u00fcr Sch\u00fcler und Sch\u00fclerinnen, Lehrkr\u00e4fte, Eltern, p\u00e4dagogische Mitarbeiter und Schulleitung.<\/p>\n<p>Nach einer erlassm\u00e4\u00dfig zweij\u00e4hrigen Ausbildung, werde ich in den Bereichen Einzelfallhilfe, Systemberatung, Pr\u00e4vention, Schullaufbahnberatung und bei der F\u00f6rderung einzelner Schulkinder oder Sch\u00fclergruppen (z. B. Konzentrationsgruppe, Aufmerksamkeitstraining) eingesetzt. Therapeutische Ma\u00dfnahmen werden von mir nicht durchgef\u00fchrt. Ich werde mit Aufgaben betraut, die im Rahmen der schulischen M\u00f6glichkeiten innerhalb einer absehbaren Zeit l\u00f6sbar erscheinen.<\/p>\n<p>Ich werde t\u00e4tig, wenn ich:<\/p>\n<ul>\n<li>durch andere Personen in einen bestehenden Beratungsprozess hinzugezogen werde,<\/li>\n<li>von Ratsuchenden einen Beratungsauftrag erhalte,<\/li>\n<li>selbst einen Beratungsbedarf feststelle.<\/li>\n<\/ul>\n<p>Die Beratungst\u00e4tigkeit unterliegt folgenden Prinzipien:<\/p>\n<ul>\n<li>Freiwilligkeit<\/li>\n<li>Vertraulichkeit: Ich unterliege der Schweigepflicht<\/li>\n<li>Unabh\u00e4ngigkeit: Ich bin neutral. Die Beratung ist funktionell unabh\u00e4ngig und erfolgt ohne Weisung oder einen inhaltlichen Auftrag von anderen.<\/li>\n<li>Verantwortlichkeit: Ich begleite den Ratsuchenden auf dem Weg zur Hilfe zur Selbsthilfe.<\/li>\n<\/ul>\n<p>Seit einigen Jahren f\u00fchre ich an unserer Schule das Konfliktlotsenprogramm durch. Nach einer Einf\u00fchrung k\u00f6nnen sich die Drittkl\u00e4ssler f\u00fcr diese T\u00e4tigkeit bewerben. Die 15 Sch\u00fcler und Sch\u00fclerinnen besuchen eine Kompaktausbildung, so dass sie im 4. Schuljahr in den gro\u00dfen Pausen eigenst\u00e4ndig Meinungsverschiedenheiten zwischen Mitsch\u00fclern und Mitsch\u00fclerinnen erfolgreich schlichten k\u00f6nnen.<\/p>\n<p>Meine Sprechzeiten: nach Terminvereinbarung montags und freitags in der 5.Stunde oder nach Absprache<\/p>\n","protected":false},"excerpt":{"rendered":"<p>Ilka Mielmann ist Beratungslehrerin an der GS Neetze \u00a0Bei Kummer und Sorgen sprechen Sie mich an! Ich bin eine Ansprechpartnerin f\u00fcr Sch\u00fcler und Sch\u00fclerinnen, Lehrkr\u00e4fte, Eltern, p\u00e4dagogische Mitarbeiter und Schulleitung. Nach einer erlassm\u00e4\u00dfig zweij\u00e4hrigen Ausbildung, werde ich in den Bereichen &hellip; <a href=\"https:\/\/wordpress.nibis.de\/gsneetze\/beratungslehrerin\/\">Weiterlesen <span class=\"meta-nav\">&rarr;<\/span><\/a><\/p>\n","protected":false},"author":9192573,"featured_media":0,"parent":0,"menu_order":0,"comment_status":"closed","ping_status":"closed","template":"onecolumn-page.php","meta":{"footnotes":""},"class_list":["post-90","page","type-page","status-publish","hentry"],"_links":{"self":[{"href":"https:\/\/wordpress.nibis.de\/gsneetze\/wp-json\/wp\/v2\/pages\/90","targetHints":{"allow":["GET"]}}],"collection":[{"href":"https:\/\/wordpress.nibis.de\/gsneetze\/wp-json\/wp\/v2\/pages"}],"about":[{"href":"https:\/\/wordpress.nibis.de\/gsneetze\/wp-json\/wp\/v2\/types\/page"}],"author":[{"embeddable":true,"href":"https:\/\/wordpress.nibis.de\/gsneetze\/wp-json\/wp\/v2\/users\/9192573"}],"replies":[{"embeddable":true,"href":"https:\/\/wordpress.nibis.de\/gsneetze\/wp-json\/wp\/v2\/comments?post=90"}],"version-history":[{"count":5,"href":"https:\/\/wordpress.nibis.de\/gsneetze\/wp-json\/wp\/v2\/pages\/90\/revisions"}],"predecessor-version":[{"id":620,"href":"https:\/\/wordpress.nibis.de\/gsneetze\/wp-json\/wp\/v2\/pages\/90\/revisions\/620"}],"wp:attachment":[{"href":"https:\/\/wordpress.nibis.de\/gsneetze\/wp-json\/wp\/v2\/media?parent=90"}],"curies":[{"name":"wp","href":"https:\/\/api.w.org\/{rel}","templated":true}]}}