{"id":1736,"date":"2017-03-26T19:08:50","date_gmt":"2017-03-26T17:08:50","guid":{"rendered":"http:\/\/wordpress.nibis.de\/gsneuhof\/?page_id=1736"},"modified":"2025-05-21T17:08:02","modified_gmt":"2025-05-21T15:08:02","slug":"foerderverein","status":"publish","type":"page","link":"https:\/\/wordpress.nibis.de\/gsneuhof\/foerderverein\/","title":{"rendered":"F\u00f6rderverein"},"content":{"rendered":"<p>Die Grundschule Neuhof hat einen F\u00f6rderverein.<\/p>\n<p>Der F\u00f6rderverein freut sich \u00fcber viele Mitglieder.<\/p>\n<p>Hier erhalten Sie die <a href=\"https:\/\/wordpress.nibis.de\/gsneuhof\/files\/2025\/03\/Beitrittserklaerung.pdf\">Beitrittserkl\u00e4rung<\/a>.<\/p>\n<p>Die aktuelle <a href=\"http:\/\/wordpress.nibis.de\/gsneuhof\/files\/2017\/03\/Satzung-20.03.2017.pdf\" target=\"_blank\" rel=\"noopener\">Satzung<\/a> vom 20.03.2017.<\/p>\n","protected":false},"excerpt":{"rendered":"<p>Die Grundschule Neuhof hat einen F\u00f6rderverein. Der F\u00f6rderverein freut sich \u00fcber viele Mitglieder. Hier erhalten Sie die Beitrittserkl\u00e4rung. Die aktuelle Satzung vom 20.03.2017.<\/p>\n","protected":false},"author":781,"featured_media":0,"parent":0,"menu_order":0,"comment_status":"closed","ping_status":"closed","template":"","meta":{"footnotes":""},"class_list":["post-1736","page","type-page","status-publish","hentry"],"_links":{"self":[{"href":"https:\/\/wordpress.nibis.de\/gsneuhof\/wp-json\/wp\/v2\/pages\/1736","targetHints":{"allow":["GET"]}}],"collection":[{"href":"https:\/\/wordpress.nibis.de\/gsneuhof\/wp-json\/wp\/v2\/pages"}],"about":[{"href":"https:\/\/wordpress.nibis.de\/gsneuhof\/wp-json\/wp\/v2\/types\/page"}],"author":[{"embeddable":true,"href":"https:\/\/wordpress.nibis.de\/gsneuhof\/wp-json\/wp\/v2\/users\/781"}],"replies":[{"embeddable":true,"href":"https:\/\/wordpress.nibis.de\/gsneuhof\/wp-json\/wp\/v2\/comments?post=1736"}],"version-history":[{"count":5,"href":"https:\/\/wordpress.nibis.de\/gsneuhof\/wp-json\/wp\/v2\/pages\/1736\/revisions"}],"predecessor-version":[{"id":6274,"href":"https:\/\/wordpress.nibis.de\/gsneuhof\/wp-json\/wp\/v2\/pages\/1736\/revisions\/6274"}],"wp:attachment":[{"href":"https:\/\/wordpress.nibis.de\/gsneuhof\/wp-json\/wp\/v2\/media?parent=1736"}],"curies":[{"name":"wp","href":"https:\/\/api.w.org\/{rel}","templated":true}]}}