{"id":23,"date":"2015-09-16T02:11:03","date_gmt":"2015-09-16T00:11:03","guid":{"rendered":"http:\/\/wordpress.nibis.de\/gsneuhof\/?page_id=23"},"modified":"2025-12-11T12:04:27","modified_gmt":"2025-12-11T11:04:27","slug":"impressum","status":"publish","type":"page","link":"https:\/\/wordpress.nibis.de\/gsneuhof\/impressum\/","title":{"rendered":"Impressum\/ Datenschutzerkl\u00e4rung"},"content":{"rendered":"<div class=\"entry-content\">\n<p><span style=\"font-size: 10pt\">Land Niedersachsen (Diensteanbieter im Sinne des Telemediengesetzes)<\/span><\/p>\n<p><span style=\"font-size: 10pt\">Das Land Niedersachsen ist eine juristische Person des \u00f6ffentlichen Rechts<\/span><br \/>\n<span style=\"font-size: 10pt\"> vertreten durch<\/span><\/p>\n<p><span style=\"font-size: 10pt\">Schulleitung:<\/span><br \/>\n<span style=\"font-size: 10pt\"> Kathrin Berger, Schulleiterin<\/span><\/p>\n<p><span style=\"font-size: 10pt\">Grundschule Neuhof<\/span><br \/>\n<span style=\"font-size: 10pt\"> Klingenbergstra\u00dfe 57<\/span><br \/>\n<span style=\"font-size: 10pt\"> 31139 Hildesheim<\/span><br \/>\n<span style=\"font-size: 10pt\"> Tel.: 05121 301 7650<\/span><br \/>\n<span style=\"font-size: 10pt\"> Fax: 05121 301 7651<\/span><br \/>\n<span style=\"font-size: 10pt\"> E-Mail: <a href=\"&#x6d;&#x61;&#x69;&#108;&#116;o:&#x67;&#x73;&#x2d;&#x6e;&#101;&#117;ho&#x66;&#x40;&#x73;&#99;&#104;&#117;le&#x6e;&#x2d;&#x68;&#105;&#108;de&#x73;&#x68;&#x65;&#x69;&#109;&#46;de\">gs-neuhof(at)schulen-hildesheim.de<\/a><\/span><\/p>\n<p><span style=\"font-size: 10pt\">Disclaimer<\/span><span style=\"font-size: 10pt\">Diese Webseite beinhaltet externe Links. Deren Inhalte entziehen sich unserer Einflussnahme, sodass eine Gew\u00e4hr f\u00fcr solche Inhalte von uns nicht \u00fcbernommen werden kann.<\/span><\/p>\n<p><span style=\"font-size: 10pt\">Die Verantwortung liegt stets beim jeweiligen Betreiber der externen Seiten. Zum Zeitpunkt der Verkn\u00fcpfung der externen Links waren keine Rechtsverst\u00f6\u00dfe ersichtlich. Die permanente \u00dcberwachung fremder Inhalte auf Rechtsverst\u00f6\u00dfe ohne konkrete Hinweise ist uns nicht zumutbar.<\/span><\/p>\n<p><span style=\"font-size: 10pt\">Sollten wir Kenntnis von Rechtsverletzungen erlangen, werden wir die entsprechenden externen Links unverz\u00fcglich entfernen.<\/span><\/p>\n<\/div>\n","protected":false},"excerpt":{"rendered":"<p>Land Niedersachsen (Diensteanbieter im Sinne des Telemediengesetzes) Das Land Niedersachsen ist eine juristische Person des \u00f6ffentlichen Rechts vertreten durch Schulleitung: Kathrin Berger, Schulleiterin Grundschule Neuhof Klingenbergstra\u00dfe 57 31139 Hildesheim Tel.: 05121 301 7650 Fax: 05121 301 7651 E-Mail: gs-neuhof(at)schulen-hildesheim.de DisclaimerDiese &hellip; <a href=\"https:\/\/wordpress.nibis.de\/gsneuhof\/impressum\/\">Weiterlesen <span class=\"meta-nav\">&rarr;<\/span><\/a><\/p>\n","protected":false},"author":777,"featured_media":0,"parent":0,"menu_order":0,"comment_status":"closed","ping_status":"closed","template":"","meta":{"footnotes":""},"class_list":["post-23","page","type-page","status-publish","hentry"],"_links":{"self":[{"href":"https:\/\/wordpress.nibis.de\/gsneuhof\/wp-json\/wp\/v2\/pages\/23","targetHints":{"allow":["GET"]}}],"collection":[{"href":"https:\/\/wordpress.nibis.de\/gsneuhof\/wp-json\/wp\/v2\/pages"}],"about":[{"href":"https:\/\/wordpress.nibis.de\/gsneuhof\/wp-json\/wp\/v2\/types\/page"}],"author":[{"embeddable":true,"href":"https:\/\/wordpress.nibis.de\/gsneuhof\/wp-json\/wp\/v2\/users\/777"}],"replies":[{"embeddable":true,"href":"https:\/\/wordpress.nibis.de\/gsneuhof\/wp-json\/wp\/v2\/comments?post=23"}],"version-history":[{"count":8,"href":"https:\/\/wordpress.nibis.de\/gsneuhof\/wp-json\/wp\/v2\/pages\/23\/revisions"}],"predecessor-version":[{"id":6661,"href":"https:\/\/wordpress.nibis.de\/gsneuhof\/wp-json\/wp\/v2\/pages\/23\/revisions\/6661"}],"wp:attachment":[{"href":"https:\/\/wordpress.nibis.de\/gsneuhof\/wp-json\/wp\/v2\/media?parent=23"}],"curies":[{"name":"wp","href":"https:\/\/api.w.org\/{rel}","templated":true}]}}