{"id":2848,"date":"2018-09-27T20:40:39","date_gmt":"2018-09-27T18:40:39","guid":{"rendered":"http:\/\/wordpress.nibis.de\/gsneuhof\/?page_id=2848"},"modified":"2018-09-27T20:52:14","modified_gmt":"2018-09-27T18:52:14","slug":"unterstuetzung-des-foerdervereins","status":"publish","type":"page","link":"https:\/\/wordpress.nibis.de\/gsneuhof\/unterstuetzung-des-foerdervereins\/","title":{"rendered":"Unterst\u00fctzung des F\u00f6rdervereins"},"content":{"rendered":"<p>Der F\u00f6rderverein tut unserer Schule viel Gutes.<\/p>\n","protected":false},"excerpt":{"rendered":"<p>Der F\u00f6rderverein tut unserer Schule viel Gutes.<\/p>\n","protected":false},"author":781,"featured_media":0,"parent":0,"menu_order":0,"comment_status":"closed","ping_status":"closed","template":"","meta":{"footnotes":""},"class_list":["post-2848","page","type-page","status-publish","hentry"],"_links":{"self":[{"href":"https:\/\/wordpress.nibis.de\/gsneuhof\/wp-json\/wp\/v2\/pages\/2848","targetHints":{"allow":["GET"]}}],"collection":[{"href":"https:\/\/wordpress.nibis.de\/gsneuhof\/wp-json\/wp\/v2\/pages"}],"about":[{"href":"https:\/\/wordpress.nibis.de\/gsneuhof\/wp-json\/wp\/v2\/types\/page"}],"author":[{"embeddable":true,"href":"https:\/\/wordpress.nibis.de\/gsneuhof\/wp-json\/wp\/v2\/users\/781"}],"replies":[{"embeddable":true,"href":"https:\/\/wordpress.nibis.de\/gsneuhof\/wp-json\/wp\/v2\/comments?post=2848"}],"version-history":[{"count":2,"href":"https:\/\/wordpress.nibis.de\/gsneuhof\/wp-json\/wp\/v2\/pages\/2848\/revisions"}],"predecessor-version":[{"id":2857,"href":"https:\/\/wordpress.nibis.de\/gsneuhof\/wp-json\/wp\/v2\/pages\/2848\/revisions\/2857"}],"wp:attachment":[{"href":"https:\/\/wordpress.nibis.de\/gsneuhof\/wp-json\/wp\/v2\/media?parent=2848"}],"curies":[{"name":"wp","href":"https:\/\/api.w.org\/{rel}","templated":true}]}}