{"id":2851,"date":"2018-09-27T20:47:39","date_gmt":"2018-09-27T18:47:39","guid":{"rendered":"http:\/\/wordpress.nibis.de\/gsneuhof\/?page_id=2851"},"modified":"2021-04-15T11:48:04","modified_gmt":"2021-04-15T09:48:04","slug":"pausenausleihe","status":"publish","type":"page","link":"https:\/\/wordpress.nibis.de\/gsneuhof\/pausenausleihe\/","title":{"rendered":"Pausenausleihe"},"content":{"rendered":"<div class=\"moz-text-flowed\" lang=\"x-unicode\">Dank der Unterst\u00fctzung des F\u00f6rdervereins konnten wir wieder neue Spielzeuge f\u00fcr die Pause anschaffen. Die 4. Klasse hat hat au\u00dferdem gr\u00fcndlich aufger\u00e4umt und die H\u00fctte sauber gemacht, so dass ab September in den Pausen und in der Betreuung wieder Spielzeuge ausgeliehen werden k\u00f6nnen.<\/div>\n<div lang=\"x-unicode\">Anmerkung in Coronazeiten: Leider darf aufgrund der Bestimmungen zur Zeit in den Pausen nichts ausgeliehen werden.<\/div>\n<div lang=\"x-unicode\"><\/div>\n<p lang=\"x-unicode\">\n","protected":false},"excerpt":{"rendered":"<p>Dank der Unterst\u00fctzung des F\u00f6rdervereins konnten wir wieder neue Spielzeuge f\u00fcr die Pause anschaffen. Die 4. Klasse hat hat au\u00dferdem gr\u00fcndlich aufger\u00e4umt und die H\u00fctte sauber gemacht, so dass ab September in den Pausen und in der Betreuung wieder Spielzeuge &hellip; <a href=\"https:\/\/wordpress.nibis.de\/gsneuhof\/pausenausleihe\/\">Weiterlesen <span class=\"meta-nav\">&rarr;<\/span><\/a><\/p>\n","protected":false},"author":781,"featured_media":0,"parent":0,"menu_order":0,"comment_status":"closed","ping_status":"closed","template":"","meta":{"footnotes":""},"class_list":["post-2851","page","type-page","status-publish","hentry"],"_links":{"self":[{"href":"https:\/\/wordpress.nibis.de\/gsneuhof\/wp-json\/wp\/v2\/pages\/2851","targetHints":{"allow":["GET"]}}],"collection":[{"href":"https:\/\/wordpress.nibis.de\/gsneuhof\/wp-json\/wp\/v2\/pages"}],"about":[{"href":"https:\/\/wordpress.nibis.de\/gsneuhof\/wp-json\/wp\/v2\/types\/page"}],"author":[{"embeddable":true,"href":"https:\/\/wordpress.nibis.de\/gsneuhof\/wp-json\/wp\/v2\/users\/781"}],"replies":[{"embeddable":true,"href":"https:\/\/wordpress.nibis.de\/gsneuhof\/wp-json\/wp\/v2\/comments?post=2851"}],"version-history":[{"count":6,"href":"https:\/\/wordpress.nibis.de\/gsneuhof\/wp-json\/wp\/v2\/pages\/2851\/revisions"}],"predecessor-version":[{"id":4372,"href":"https:\/\/wordpress.nibis.de\/gsneuhof\/wp-json\/wp\/v2\/pages\/2851\/revisions\/4372"}],"wp:attachment":[{"href":"https:\/\/wordpress.nibis.de\/gsneuhof\/wp-json\/wp\/v2\/media?parent=2851"}],"curies":[{"name":"wp","href":"https:\/\/api.w.org\/{rel}","templated":true}]}}