{"id":5018,"date":"2022-06-24T12:55:51","date_gmt":"2022-06-24T10:55:51","guid":{"rendered":"https:\/\/wordpress.nibis.de\/gsneuhof\/?page_id=5018"},"modified":"2022-06-24T13:02:47","modified_gmt":"2022-06-24T11:02:47","slug":"spende-der-roland-loge","status":"publish","type":"page","link":"https:\/\/wordpress.nibis.de\/gsneuhof\/spende-der-roland-loge\/","title":{"rendered":"Spende der Roland Loge"},"content":{"rendered":"\n<p>Die Hildesheimer Roland Loge geh\u00f6rt zu der gemeinn\u00fctzigen Organisation &#8222;Odd Fellows&#8220;.<\/p>\n<p>Auf Anregung von Herrn Oelkers hat die Roland Loge dem F\u00f6rderverein der Grundschule Neuhof 1000\u20ac gespendet. Mit diesem Geld sollen besonders die aus der Ukraine gefl\u00fcchteten Sch\u00fcler der Grundschule unterst\u00fctzt werden.&nbsp;<\/p>\n<p>Heute fand die offizielle Scheck\u00fcbergabe der Spende statt.<\/p>\n\n\n\n<figure class=\"wp-block-image size-large is-resized is-style-default\"><img loading=\"lazy\" decoding=\"async\" src=\"https:\/\/wordpress.nibis.de\/gsneuhof\/files\/2022\/06\/Scheckuebergabe-Rolandloge-800x533.jpg\" alt=\"\" class=\"wp-image-5019\" width=\"673\" height=\"448\" srcset=\"https:\/\/wordpress.nibis.de\/gsneuhof\/files\/2022\/06\/Scheckuebergabe-Rolandloge-800x533.jpg 800w, https:\/\/wordpress.nibis.de\/gsneuhof\/files\/2022\/06\/Scheckuebergabe-Rolandloge-300x200.jpg 300w, https:\/\/wordpress.nibis.de\/gsneuhof\/files\/2022\/06\/Scheckuebergabe-Rolandloge-768x512.jpg 768w, https:\/\/wordpress.nibis.de\/gsneuhof\/files\/2022\/06\/Scheckuebergabe-Rolandloge-1536x1024.jpg 1536w, https:\/\/wordpress.nibis.de\/gsneuhof\/files\/2022\/06\/Scheckuebergabe-Rolandloge.jpg 1800w\" sizes=\"auto, (max-width: 673px) 100vw, 673px\" \/><figcaption>Herr Wuttke (Vorsitzender der Roland Loge), Herr Oelkers, <br>Frau Steinicke und Frau Sickfeld bei der Scheck\u00fcbergabe<\/figcaption><\/figure>\n\n\n\n<figure class=\"wp-block-gallery has-nested-images columns-default is-cropped wp-block-gallery-1 is-layout-flex wp-block-gallery-is-layout-flex\">\n<figure class=\"wp-block-image size-large is-style-default\"><img loading=\"lazy\" decoding=\"async\" width=\"800\" height=\"555\" data-id=\"5022\" src=\"https:\/\/wordpress.nibis.de\/gsneuhof\/files\/2022\/06\/Foerderung-Ukkraine-2-800x555.jpg\" alt=\"\" class=\"wp-image-5022\" srcset=\"https:\/\/wordpress.nibis.de\/gsneuhof\/files\/2022\/06\/Foerderung-Ukkraine-2-800x555.jpg 800w, https:\/\/wordpress.nibis.de\/gsneuhof\/files\/2022\/06\/Foerderung-Ukkraine-2-300x208.jpg 300w, https:\/\/wordpress.nibis.de\/gsneuhof\/files\/2022\/06\/Foerderung-Ukkraine-2-768x532.jpg 768w, https:\/\/wordpress.nibis.de\/gsneuhof\/files\/2022\/06\/Foerderung-Ukkraine-2-1536x1065.jpg 1536w, https:\/\/wordpress.nibis.de\/gsneuhof\/files\/2022\/06\/Foerderung-Ukkraine-2.jpg 1731w\" sizes=\"auto, (max-width: 800px) 100vw, 800px\" \/><\/figure>\n\n\n\n<figure class=\"wp-block-image size-large is-style-default\"><img loading=\"lazy\" decoding=\"async\" width=\"593\" height=\"600\" data-id=\"5023\" src=\"https:\/\/wordpress.nibis.de\/gsneuhof\/files\/2022\/06\/Foerderung-Ukraine-1-593x600.jpg\" alt=\"\" class=\"wp-image-5023\" srcset=\"https:\/\/wordpress.nibis.de\/gsneuhof\/files\/2022\/06\/Foerderung-Ukraine-1-593x600.jpg 593w, https:\/\/wordpress.nibis.de\/gsneuhof\/files\/2022\/06\/Foerderung-Ukraine-1-296x300.jpg 296w, https:\/\/wordpress.nibis.de\/gsneuhof\/files\/2022\/06\/Foerderung-Ukraine-1-768x778.jpg 768w, https:\/\/wordpress.nibis.de\/gsneuhof\/files\/2022\/06\/Foerderung-Ukraine-1.jpg 1200w\" sizes=\"auto, (max-width: 593px) 100vw, 593px\" \/><\/figure>\n<\/figure>\n\n\n\n<p>Hier sehen Sie speziell angeschafftes Material, mit dem die ukrainischen Kinder gut arbeiten k\u00f6nnen. Dieses konnte mit den Spendengeldern von der Schule schnell und unb\u00fcrokratisch\u00a0 angeschafft werden.<\/p>\n<p>Wir danken der Roland Loge f\u00fcr die gro\u00dfz\u00fcgige Spende!!!<\/p>\n\n\n\n<p>Text: Frau Kunold\/ Bild: Frau Steinicke<\/p>\n","protected":false},"excerpt":{"rendered":"<p>Die Hildesheimer Roland Loge geh\u00f6rt zu der gemeinn\u00fctzigen Organisation &#8222;Odd Fellows&#8220;. Auf Anregung von Herrn Oelkers hat die Roland Loge dem F\u00f6rderverein der Grundschule Neuhof 1000\u20ac gespendet. Mit diesem Geld sollen besonders die aus der Ukraine gefl\u00fcchteten Sch\u00fcler der Grundschule &hellip; <a href=\"https:\/\/wordpress.nibis.de\/gsneuhof\/spende-der-roland-loge\/\">Weiterlesen <span class=\"meta-nav\">&rarr;<\/span><\/a><\/p>\n","protected":false},"author":781,"featured_media":0,"parent":0,"menu_order":0,"comment_status":"closed","ping_status":"closed","template":"","meta":{"footnotes":""},"class_list":["post-5018","page","type-page","status-publish","hentry"],"_links":{"self":[{"href":"https:\/\/wordpress.nibis.de\/gsneuhof\/wp-json\/wp\/v2\/pages\/5018","targetHints":{"allow":["GET"]}}],"collection":[{"href":"https:\/\/wordpress.nibis.de\/gsneuhof\/wp-json\/wp\/v2\/pages"}],"about":[{"href":"https:\/\/wordpress.nibis.de\/gsneuhof\/wp-json\/wp\/v2\/types\/page"}],"author":[{"embeddable":true,"href":"https:\/\/wordpress.nibis.de\/gsneuhof\/wp-json\/wp\/v2\/users\/781"}],"replies":[{"embeddable":true,"href":"https:\/\/wordpress.nibis.de\/gsneuhof\/wp-json\/wp\/v2\/comments?post=5018"}],"version-history":[{"count":6,"href":"https:\/\/wordpress.nibis.de\/gsneuhof\/wp-json\/wp\/v2\/pages\/5018\/revisions"}],"predecessor-version":[{"id":5032,"href":"https:\/\/wordpress.nibis.de\/gsneuhof\/wp-json\/wp\/v2\/pages\/5018\/revisions\/5032"}],"wp:attachment":[{"href":"https:\/\/wordpress.nibis.de\/gsneuhof\/wp-json\/wp\/v2\/media?parent=5018"}],"curies":[{"name":"wp","href":"https:\/\/api.w.org\/{rel}","templated":true}]}}