{"id":5422,"date":"2023-04-23T08:57:23","date_gmt":"2023-04-23T06:57:23","guid":{"rendered":"https:\/\/wordpress.nibis.de\/gsneuhof\/?page_id=5422"},"modified":"2023-04-23T08:57:23","modified_gmt":"2023-04-23T06:57:23","slug":"die-klasse-1a-besucht-die-buecherei-in-der-laemmerweide","status":"publish","type":"page","link":"https:\/\/wordpress.nibis.de\/gsneuhof\/die-klasse-1a-besucht-die-buecherei-in-der-laemmerweide\/","title":{"rendered":"Die Klasse 1a besucht die B\u00fccherei in der L\u00e4mmerweide"},"content":{"rendered":"\n\n\n<p>An einem sonnigen Mittwochvormittag besuchten wir die B\u00fccherei in der L\u00e4mmerweide.<\/p>\n\n\n\n<p>Frau Remmer zeigte uns die verschiedenen Kinderb\u00fccher und spielte ein <em>B\u00fccher-Memory<\/em> mit uns. Wir durften uns B\u00fccher zum Anschauen und Lesen aus den Regalen nehmen. Dann sa\u00dfen wir auf ganz bequemen Sitzkissen, die wie Baumscheiben aussahen.<\/p>\n\n\n\n<p>Sp\u00e4ter bekamen wir noch etwas aus einem Buch vorgelesen. Das fanden alle richtig toll.<\/p>\n\n\n\n<p><\/p>\n\n\n\n<figure class=\"wp-block-image size-large is-resized is-style-default\"><img loading=\"lazy\" decoding=\"async\" src=\"https:\/\/wordpress.nibis.de\/gsneuhof\/files\/2023\/04\/20230419_105335-450x600.jpg\" alt=\"\" class=\"wp-image-5423\" width=\"373\" height=\"497\" srcset=\"https:\/\/wordpress.nibis.de\/gsneuhof\/files\/2023\/04\/20230419_105335-450x600.jpg 450w, https:\/\/wordpress.nibis.de\/gsneuhof\/files\/2023\/04\/20230419_105335-225x300.jpg 225w, https:\/\/wordpress.nibis.de\/gsneuhof\/files\/2023\/04\/20230419_105335-768x1024.jpg 768w, https:\/\/wordpress.nibis.de\/gsneuhof\/files\/2023\/04\/20230419_105335-1152x1536.jpg 1152w, https:\/\/wordpress.nibis.de\/gsneuhof\/files\/2023\/04\/20230419_105335-1536x2048.jpg 1536w, https:\/\/wordpress.nibis.de\/gsneuhof\/files\/2023\/04\/20230419_105335-scaled.jpg 1920w\" sizes=\"auto, (max-width: 373px) 100vw, 373px\" \/><\/figure>\n\n\n\n<p>Zum Schluss freuten wir uns \u00fcber die kleinen B\u00fccher, Luftballons und S\u00fc\u00dfigkeiten, die uns Frau Remmer in Papiert\u00fctchen \u00fcberreichte.<\/p>\n\n\n\n<p>Auf dem R\u00fcckweg durften wir uns noch auf dem Spielplatz mit der Seilbahn austoben.<\/p>\n\n\n\n<p><\/p>\n\n\n\n<figure class=\"wp-block-gallery has-nested-images columns-default is-cropped wp-block-gallery-1 is-layout-flex wp-block-gallery-is-layout-flex\">\n<figure class=\"wp-block-image size-large is-style-default\"><img loading=\"lazy\" decoding=\"async\" width=\"800\" height=\"600\" data-id=\"5424\" src=\"https:\/\/wordpress.nibis.de\/gsneuhof\/files\/2023\/04\/20230419_110252-800x600.jpg\" alt=\"\" class=\"wp-image-5424\" srcset=\"https:\/\/wordpress.nibis.de\/gsneuhof\/files\/2023\/04\/20230419_110252-800x600.jpg 800w, https:\/\/wordpress.nibis.de\/gsneuhof\/files\/2023\/04\/20230419_110252-300x225.jpg 300w, https:\/\/wordpress.nibis.de\/gsneuhof\/files\/2023\/04\/20230419_110252-768x576.jpg 768w, https:\/\/wordpress.nibis.de\/gsneuhof\/files\/2023\/04\/20230419_110252-1536x1152.jpg 1536w, https:\/\/wordpress.nibis.de\/gsneuhof\/files\/2023\/04\/20230419_110252-2048x1536.jpg 2048w\" sizes=\"auto, (max-width: 800px) 100vw, 800px\" \/><\/figure>\n<\/figure>\n\n\n\n<p>Text und Bild: Frau Herschel<\/p>\n","protected":false},"excerpt":{"rendered":"<p>An einem sonnigen Mittwochvormittag besuchten wir die B\u00fccherei in der L\u00e4mmerweide. Frau Remmer zeigte uns die verschiedenen Kinderb\u00fccher und spielte ein B\u00fccher-Memory mit uns. Wir durften uns B\u00fccher zum Anschauen und Lesen aus den Regalen nehmen. Dann sa\u00dfen wir auf &hellip; <a href=\"https:\/\/wordpress.nibis.de\/gsneuhof\/die-klasse-1a-besucht-die-buecherei-in-der-laemmerweide\/\">Weiterlesen <span class=\"meta-nav\">&rarr;<\/span><\/a><\/p>\n","protected":false},"author":781,"featured_media":0,"parent":0,"menu_order":0,"comment_status":"closed","ping_status":"closed","template":"","meta":{"footnotes":""},"class_list":["post-5422","page","type-page","status-publish","hentry"],"_links":{"self":[{"href":"https:\/\/wordpress.nibis.de\/gsneuhof\/wp-json\/wp\/v2\/pages\/5422","targetHints":{"allow":["GET"]}}],"collection":[{"href":"https:\/\/wordpress.nibis.de\/gsneuhof\/wp-json\/wp\/v2\/pages"}],"about":[{"href":"https:\/\/wordpress.nibis.de\/gsneuhof\/wp-json\/wp\/v2\/types\/page"}],"author":[{"embeddable":true,"href":"https:\/\/wordpress.nibis.de\/gsneuhof\/wp-json\/wp\/v2\/users\/781"}],"replies":[{"embeddable":true,"href":"https:\/\/wordpress.nibis.de\/gsneuhof\/wp-json\/wp\/v2\/comments?post=5422"}],"version-history":[{"count":2,"href":"https:\/\/wordpress.nibis.de\/gsneuhof\/wp-json\/wp\/v2\/pages\/5422\/revisions"}],"predecessor-version":[{"id":5426,"href":"https:\/\/wordpress.nibis.de\/gsneuhof\/wp-json\/wp\/v2\/pages\/5422\/revisions\/5426"}],"wp:attachment":[{"href":"https:\/\/wordpress.nibis.de\/gsneuhof\/wp-json\/wp\/v2\/media?parent=5422"}],"curies":[{"name":"wp","href":"https:\/\/api.w.org\/{rel}","templated":true}]}}