{"id":5539,"date":"2023-06-21T16:42:05","date_gmt":"2023-06-21T14:42:05","guid":{"rendered":"https:\/\/wordpress.nibis.de\/gsneuhof\/?page_id=5539"},"modified":"2023-06-21T16:42:05","modified_gmt":"2023-06-21T14:42:05","slug":"die-klasse-1a-unternimmt-einen-ausflug-ins-schulbiologiezentrum","status":"publish","type":"page","link":"https:\/\/wordpress.nibis.de\/gsneuhof\/die-klasse-1a-unternimmt-einen-ausflug-ins-schulbiologiezentrum\/","title":{"rendered":"Die Klasse 1a unternimmt einen Ausflug ins Schulbiologiezentrum"},"content":{"rendered":"\n<p>Wir besuchten am 20. Juni 2023 das Schulbiologiezentrum und waren schon ganz gespannt, was Frau Kaune zum Thema &#8222;Kr\u00e4uter&#8220; f\u00fcr uns vorbereitet hat. <br \/><br \/>Als wir ankamen, durften wir erst einmal an den kleinen S\u00e4ckchen schnuppern, die mit verschiedenen Kr\u00e4utern gef\u00fcllt waren. Das fanden wir spannend. <br \/>Im Kr\u00e4utergarten suchten wir dann nach Minze, Schnittlauch, Zitronenmelisse, Thymian, Oregano und anderen Pflanzen. Wir entdeckten dabei auch eine tote Maus. <br \/><br \/>In kleinen Gruppen durften wir aus den gepfl\u00fcckten Pflanzen Kr\u00e4uterbutter zubereiten, die auf frischem Brot richtig k\u00f6stlich schmeckte. <br \/><br \/>Hinterher machten wir noch einen kleinen Abstecher zum Spielplatz. Wie sch\u00f6n! <br \/><br \/>Als wir nach dem langen R\u00fcckweg ganz ersch\u00f6pft in der Schule ankamen, freuten wir uns \u00fcber ein leckeres Eis.<\/p>\n\n\n\n<figure class=\"wp-block-gallery has-nested-images columns-2 is-cropped wp-block-gallery-1 is-layout-flex wp-block-gallery-is-layout-flex\">\n<figure class=\"wp-block-image size-large is-style-default\"><img loading=\"lazy\" decoding=\"async\" width=\"800\" height=\"600\" data-id=\"5541\" src=\"https:\/\/wordpress.nibis.de\/gsneuhof\/files\/2023\/06\/20230620_091656-800x600.jpg\" alt=\"\" class=\"wp-image-5541\" srcset=\"https:\/\/wordpress.nibis.de\/gsneuhof\/files\/2023\/06\/20230620_091656-800x600.jpg 800w, https:\/\/wordpress.nibis.de\/gsneuhof\/files\/2023\/06\/20230620_091656-300x225.jpg 300w, https:\/\/wordpress.nibis.de\/gsneuhof\/files\/2023\/06\/20230620_091656-768x576.jpg 768w, https:\/\/wordpress.nibis.de\/gsneuhof\/files\/2023\/06\/20230620_091656-1536x1152.jpg 1536w, https:\/\/wordpress.nibis.de\/gsneuhof\/files\/2023\/06\/20230620_091656.jpg 1600w\" sizes=\"auto, (max-width: 800px) 100vw, 800px\" \/><\/figure>\n\n\n\n<figure class=\"wp-block-image size-large is-style-default\"><img loading=\"lazy\" decoding=\"async\" width=\"800\" height=\"600\" data-id=\"5542\" src=\"https:\/\/wordpress.nibis.de\/gsneuhof\/files\/2023\/06\/20230620_091724-800x600.jpg\" alt=\"\" class=\"wp-image-5542\" srcset=\"https:\/\/wordpress.nibis.de\/gsneuhof\/files\/2023\/06\/20230620_091724-800x600.jpg 800w, https:\/\/wordpress.nibis.de\/gsneuhof\/files\/2023\/06\/20230620_091724-300x225.jpg 300w, https:\/\/wordpress.nibis.de\/gsneuhof\/files\/2023\/06\/20230620_091724-768x576.jpg 768w, https:\/\/wordpress.nibis.de\/gsneuhof\/files\/2023\/06\/20230620_091724-1536x1152.jpg 1536w, https:\/\/wordpress.nibis.de\/gsneuhof\/files\/2023\/06\/20230620_091724.jpg 1600w\" sizes=\"auto, (max-width: 800px) 100vw, 800px\" \/><\/figure>\n\n\n\n<figure class=\"wp-block-image size-large is-style-default\"><img loading=\"lazy\" decoding=\"async\" width=\"800\" height=\"600\" data-id=\"5540\" src=\"https:\/\/wordpress.nibis.de\/gsneuhof\/files\/2023\/06\/20230620_091741_HDR-800x600.jpg\" alt=\"\" class=\"wp-image-5540\" srcset=\"https:\/\/wordpress.nibis.de\/gsneuhof\/files\/2023\/06\/20230620_091741_HDR-800x600.jpg 800w, https:\/\/wordpress.nibis.de\/gsneuhof\/files\/2023\/06\/20230620_091741_HDR-300x225.jpg 300w, https:\/\/wordpress.nibis.de\/gsneuhof\/files\/2023\/06\/20230620_091741_HDR-768x576.jpg 768w, https:\/\/wordpress.nibis.de\/gsneuhof\/files\/2023\/06\/20230620_091741_HDR-1536x1152.jpg 1536w, https:\/\/wordpress.nibis.de\/gsneuhof\/files\/2023\/06\/20230620_091741_HDR.jpg 1600w\" sizes=\"auto, (max-width: 800px) 100vw, 800px\" \/><\/figure>\n\n\n\n<figure class=\"wp-block-image size-large is-style-default\"><img loading=\"lazy\" decoding=\"async\" width=\"800\" height=\"600\" data-id=\"5543\" src=\"https:\/\/wordpress.nibis.de\/gsneuhof\/files\/2023\/06\/20230620_091751-800x600.jpg\" alt=\"\" class=\"wp-image-5543\" srcset=\"https:\/\/wordpress.nibis.de\/gsneuhof\/files\/2023\/06\/20230620_091751-800x600.jpg 800w, https:\/\/wordpress.nibis.de\/gsneuhof\/files\/2023\/06\/20230620_091751-300x225.jpg 300w, https:\/\/wordpress.nibis.de\/gsneuhof\/files\/2023\/06\/20230620_091751-768x576.jpg 768w, https:\/\/wordpress.nibis.de\/gsneuhof\/files\/2023\/06\/20230620_091751-1536x1152.jpg 1536w, https:\/\/wordpress.nibis.de\/gsneuhof\/files\/2023\/06\/20230620_091751.jpg 1600w\" sizes=\"auto, (max-width: 800px) 100vw, 800px\" \/><\/figure>\n\n\n\n<figure class=\"wp-block-image size-large is-style-default\"><img loading=\"lazy\" decoding=\"async\" width=\"800\" height=\"600\" data-id=\"5544\" src=\"https:\/\/wordpress.nibis.de\/gsneuhof\/files\/2023\/06\/20230620_104316-800x600.jpg\" alt=\"\" class=\"wp-image-5544\" srcset=\"https:\/\/wordpress.nibis.de\/gsneuhof\/files\/2023\/06\/20230620_104316-800x600.jpg 800w, https:\/\/wordpress.nibis.de\/gsneuhof\/files\/2023\/06\/20230620_104316-300x225.jpg 300w, https:\/\/wordpress.nibis.de\/gsneuhof\/files\/2023\/06\/20230620_104316-768x576.jpg 768w, https:\/\/wordpress.nibis.de\/gsneuhof\/files\/2023\/06\/20230620_104316-1536x1152.jpg 1536w, https:\/\/wordpress.nibis.de\/gsneuhof\/files\/2023\/06\/20230620_104316.jpg 1600w\" sizes=\"auto, (max-width: 800px) 100vw, 800px\" \/><\/figure>\n<\/figure>\n\n\n\n<p><br \/><br \/>Text und Bild: Andrea Herschel<\/p>\n","protected":false},"excerpt":{"rendered":"<p>Wir besuchten am 20. Juni 2023 das Schulbiologiezentrum und waren schon ganz gespannt, was Frau Kaune zum Thema &#8222;Kr\u00e4uter&#8220; f\u00fcr uns vorbereitet hat. Als wir ankamen, durften wir erst einmal an den kleinen S\u00e4ckchen schnuppern, die mit verschiedenen Kr\u00e4utern gef\u00fcllt &hellip; <a href=\"https:\/\/wordpress.nibis.de\/gsneuhof\/die-klasse-1a-unternimmt-einen-ausflug-ins-schulbiologiezentrum\/\">Weiterlesen <span class=\"meta-nav\">&rarr;<\/span><\/a><\/p>\n","protected":false},"author":781,"featured_media":0,"parent":0,"menu_order":0,"comment_status":"closed","ping_status":"closed","template":"","meta":{"footnotes":""},"class_list":["post-5539","page","type-page","status-publish","hentry"],"_links":{"self":[{"href":"https:\/\/wordpress.nibis.de\/gsneuhof\/wp-json\/wp\/v2\/pages\/5539","targetHints":{"allow":["GET"]}}],"collection":[{"href":"https:\/\/wordpress.nibis.de\/gsneuhof\/wp-json\/wp\/v2\/pages"}],"about":[{"href":"https:\/\/wordpress.nibis.de\/gsneuhof\/wp-json\/wp\/v2\/types\/page"}],"author":[{"embeddable":true,"href":"https:\/\/wordpress.nibis.de\/gsneuhof\/wp-json\/wp\/v2\/users\/781"}],"replies":[{"embeddable":true,"href":"https:\/\/wordpress.nibis.de\/gsneuhof\/wp-json\/wp\/v2\/comments?post=5539"}],"version-history":[{"count":1,"href":"https:\/\/wordpress.nibis.de\/gsneuhof\/wp-json\/wp\/v2\/pages\/5539\/revisions"}],"predecessor-version":[{"id":5545,"href":"https:\/\/wordpress.nibis.de\/gsneuhof\/wp-json\/wp\/v2\/pages\/5539\/revisions\/5545"}],"wp:attachment":[{"href":"https:\/\/wordpress.nibis.de\/gsneuhof\/wp-json\/wp\/v2\/media?parent=5539"}],"curies":[{"name":"wp","href":"https:\/\/api.w.org\/{rel}","templated":true}]}}