{"id":5605,"date":"2023-07-04T16:07:03","date_gmt":"2023-07-04T14:07:03","guid":{"rendered":"https:\/\/wordpress.nibis.de\/gsneuhof\/?page_id=5605"},"modified":"2023-07-04T16:07:03","modified_gmt":"2023-07-04T14:07:03","slug":"die-klasse-1a-besucht-die-stadtbibliothek","status":"publish","type":"page","link":"https:\/\/wordpress.nibis.de\/gsneuhof\/die-klasse-1a-besucht-die-stadtbibliothek\/","title":{"rendered":"Die Klasse 1a besucht die Stadtbibliothek"},"content":{"rendered":"\n<p>Kurz vor den Ferien besuchten wir die Stadtbibliothek.<br \/>Frau Fitz zeigte uns alles und hatte eine &#8222;Schatzsuche&#8220; f\u00fcr uns vorbereitet.<br \/>Das war richtig spannend!<br \/>Wir banden uns bunte T\u00fccher um den Kopf und entdeckten die &#8222;Sch\u00e4tze&#8220;:<br \/>B\u00fccher mit Geschichten, Sachb\u00fccher, Zeitschriften, Spiele und vieles mehr.<\/p>\n<p>Endlich bekamen wir dann die Leihausweise und durften uns B\u00fccher aussuchen.<br \/>Den Kinderbuchbereich mit den vielen Stofftieren fanden wir richtig toll.<\/p>\n<p>Was f\u00fcr ein sch\u00f6ner Vormittag!<\/p>\n\n\n\n<figure class=\"wp-block-gallery has-nested-images columns-2 is-cropped wp-block-gallery-1 is-layout-flex wp-block-gallery-is-layout-flex\">\n<figure class=\"wp-block-image size-large is-style-default\"><img loading=\"lazy\" decoding=\"async\" width=\"800\" height=\"600\" data-id=\"5606\" src=\"https:\/\/wordpress.nibis.de\/gsneuhof\/files\/2023\/07\/20230703_092949-800x600.jpg\" alt=\"\" class=\"wp-image-5606\" srcset=\"https:\/\/wordpress.nibis.de\/gsneuhof\/files\/2023\/07\/20230703_092949-800x600.jpg 800w, https:\/\/wordpress.nibis.de\/gsneuhof\/files\/2023\/07\/20230703_092949-300x225.jpg 300w, https:\/\/wordpress.nibis.de\/gsneuhof\/files\/2023\/07\/20230703_092949-768x576.jpg 768w, https:\/\/wordpress.nibis.de\/gsneuhof\/files\/2023\/07\/20230703_092949-1536x1152.jpg 1536w, https:\/\/wordpress.nibis.de\/gsneuhof\/files\/2023\/07\/20230703_092949.jpg 1600w\" sizes=\"auto, (max-width: 800px) 100vw, 800px\" \/><\/figure>\n\n\n\n<figure class=\"wp-block-image size-large is-style-default\"><img loading=\"lazy\" decoding=\"async\" width=\"800\" height=\"600\" data-id=\"5609\" src=\"https:\/\/wordpress.nibis.de\/gsneuhof\/files\/2023\/07\/20230703_094135-800x600.jpg\" alt=\"\" class=\"wp-image-5609\" srcset=\"https:\/\/wordpress.nibis.de\/gsneuhof\/files\/2023\/07\/20230703_094135-800x600.jpg 800w, https:\/\/wordpress.nibis.de\/gsneuhof\/files\/2023\/07\/20230703_094135-300x225.jpg 300w, https:\/\/wordpress.nibis.de\/gsneuhof\/files\/2023\/07\/20230703_094135-768x576.jpg 768w, https:\/\/wordpress.nibis.de\/gsneuhof\/files\/2023\/07\/20230703_094135-1536x1152.jpg 1536w, https:\/\/wordpress.nibis.de\/gsneuhof\/files\/2023\/07\/20230703_094135.jpg 1600w\" sizes=\"auto, (max-width: 800px) 100vw, 800px\" \/><\/figure>\n\n\n\n<figure class=\"wp-block-image size-large is-style-default\"><img loading=\"lazy\" decoding=\"async\" width=\"338\" height=\"600\" data-id=\"5608\" src=\"https:\/\/wordpress.nibis.de\/gsneuhof\/files\/2023\/07\/20230703_094207-338x600.jpg\" alt=\"\" class=\"wp-image-5608\" srcset=\"https:\/\/wordpress.nibis.de\/gsneuhof\/files\/2023\/07\/20230703_094207-338x600.jpg 338w, https:\/\/wordpress.nibis.de\/gsneuhof\/files\/2023\/07\/20230703_094207-169x300.jpg 169w, https:\/\/wordpress.nibis.de\/gsneuhof\/files\/2023\/07\/20230703_094207-768x1365.jpg 768w, https:\/\/wordpress.nibis.de\/gsneuhof\/files\/2023\/07\/20230703_094207-864x1536.jpg 864w, https:\/\/wordpress.nibis.de\/gsneuhof\/files\/2023\/07\/20230703_094207-1152x2048.jpg 1152w, https:\/\/wordpress.nibis.de\/gsneuhof\/files\/2023\/07\/20230703_094207-rotated.jpg 1200w\" sizes=\"auto, (max-width: 338px) 100vw, 338px\" \/><\/figure>\n\n\n\n<figure class=\"wp-block-image size-large is-style-default\"><img loading=\"lazy\" decoding=\"async\" width=\"338\" height=\"600\" data-id=\"5607\" src=\"https:\/\/wordpress.nibis.de\/gsneuhof\/files\/2023\/07\/20230703_094606-338x600.jpg\" alt=\"\" class=\"wp-image-5607\" srcset=\"https:\/\/wordpress.nibis.de\/gsneuhof\/files\/2023\/07\/20230703_094606-338x600.jpg 338w, https:\/\/wordpress.nibis.de\/gsneuhof\/files\/2023\/07\/20230703_094606-169x300.jpg 169w, https:\/\/wordpress.nibis.de\/gsneuhof\/files\/2023\/07\/20230703_094606-768x1365.jpg 768w, https:\/\/wordpress.nibis.de\/gsneuhof\/files\/2023\/07\/20230703_094606-864x1536.jpg 864w, https:\/\/wordpress.nibis.de\/gsneuhof\/files\/2023\/07\/20230703_094606-1152x2048.jpg 1152w, https:\/\/wordpress.nibis.de\/gsneuhof\/files\/2023\/07\/20230703_094606-rotated.jpg 1200w\" sizes=\"auto, (max-width: 338px) 100vw, 338px\" \/><\/figure>\n<\/figure>\n\n\n\n<p>Text: Frau Herschel<\/p>\n\n\n\n<p>Bilder: Frau Herschel\/ Frau Lange<\/p>\n","protected":false},"excerpt":{"rendered":"<p>Kurz vor den Ferien besuchten wir die Stadtbibliothek.Frau Fitz zeigte uns alles und hatte eine &#8222;Schatzsuche&#8220; f\u00fcr uns vorbereitet.Das war richtig spannend!Wir banden uns bunte T\u00fccher um den Kopf und entdeckten die &#8222;Sch\u00e4tze&#8220;:B\u00fccher mit Geschichten, Sachb\u00fccher, Zeitschriften, Spiele und vieles &hellip; <a href=\"https:\/\/wordpress.nibis.de\/gsneuhof\/die-klasse-1a-besucht-die-stadtbibliothek\/\">Weiterlesen <span class=\"meta-nav\">&rarr;<\/span><\/a><\/p>\n","protected":false},"author":781,"featured_media":0,"parent":0,"menu_order":0,"comment_status":"closed","ping_status":"closed","template":"","meta":{"footnotes":""},"class_list":["post-5605","page","type-page","status-publish","hentry"],"_links":{"self":[{"href":"https:\/\/wordpress.nibis.de\/gsneuhof\/wp-json\/wp\/v2\/pages\/5605","targetHints":{"allow":["GET"]}}],"collection":[{"href":"https:\/\/wordpress.nibis.de\/gsneuhof\/wp-json\/wp\/v2\/pages"}],"about":[{"href":"https:\/\/wordpress.nibis.de\/gsneuhof\/wp-json\/wp\/v2\/types\/page"}],"author":[{"embeddable":true,"href":"https:\/\/wordpress.nibis.de\/gsneuhof\/wp-json\/wp\/v2\/users\/781"}],"replies":[{"embeddable":true,"href":"https:\/\/wordpress.nibis.de\/gsneuhof\/wp-json\/wp\/v2\/comments?post=5605"}],"version-history":[{"count":2,"href":"https:\/\/wordpress.nibis.de\/gsneuhof\/wp-json\/wp\/v2\/pages\/5605\/revisions"}],"predecessor-version":[{"id":5611,"href":"https:\/\/wordpress.nibis.de\/gsneuhof\/wp-json\/wp\/v2\/pages\/5605\/revisions\/5611"}],"wp:attachment":[{"href":"https:\/\/wordpress.nibis.de\/gsneuhof\/wp-json\/wp\/v2\/media?parent=5605"}],"curies":[{"name":"wp","href":"https:\/\/api.w.org\/{rel}","templated":true}]}}