{"id":5656,"date":"2023-08-16T09:11:38","date_gmt":"2023-08-16T07:11:38","guid":{"rendered":"https:\/\/wordpress.nibis.de\/gsneuhof\/?page_id=5656"},"modified":"2023-08-16T09:11:38","modified_gmt":"2023-08-16T07:11:38","slug":"sekretariat","status":"publish","type":"page","link":"https:\/\/wordpress.nibis.de\/gsneuhof\/sekretariat\/","title":{"rendered":"Sekretariat"},"content":{"rendered":"\n<p>Das Sekretariat unserer Schule ist immer am Donnerstag und Freitag in der Zeit von 7.30- 12 Uhr besetzt. Die Telefonnummer lautet: 05121\/301-7650. Au\u00dferhalb dieser Zeiten ist der AB geschaltet.<\/p>\n<p>Ansonsten k\u00f6nnen Sie uns gut erreichen \u00fcber: \u00a0 \u00a0 \u00a0 &#103;s&#x2d;n&#x65;&#117;&#x68;&#111;&#x66;&#64;s&#x63;h&#x75;&#108;&#x65;&#110;&#x2d;&#104;&#x69;&#108;d&#x65;s&#x68;&#101;&#x69;&#109;&#x2e;&#100;e<\/p>\n","protected":false},"excerpt":{"rendered":"<p>Das Sekretariat unserer Schule ist immer am Donnerstag und Freitag in der Zeit von 7.30- 12 Uhr besetzt. Die Telefonnummer lautet: 05121\/301-7650. Au\u00dferhalb dieser Zeiten ist der AB geschaltet. Ansonsten k\u00f6nnen Sie uns gut erreichen \u00fcber: \u00a0 \u00a0 \u00a0 &#x67;&#x73;&#45;n&#x65;&#x75;&#104;of&#x40;&#x73;&#99;h&#x75;&#x6c;&#101;&#110;-&#x68;&#x69;&#108;d&#x65;&#x73;&#104;&#101;i&#x6d;&#x2e;&#100;e<\/p>\n","protected":false},"author":781,"featured_media":0,"parent":0,"menu_order":0,"comment_status":"closed","ping_status":"closed","template":"","meta":{"footnotes":""},"class_list":["post-5656","page","type-page","status-publish","hentry"],"_links":{"self":[{"href":"https:\/\/wordpress.nibis.de\/gsneuhof\/wp-json\/wp\/v2\/pages\/5656","targetHints":{"allow":["GET"]}}],"collection":[{"href":"https:\/\/wordpress.nibis.de\/gsneuhof\/wp-json\/wp\/v2\/pages"}],"about":[{"href":"https:\/\/wordpress.nibis.de\/gsneuhof\/wp-json\/wp\/v2\/types\/page"}],"author":[{"embeddable":true,"href":"https:\/\/wordpress.nibis.de\/gsneuhof\/wp-json\/wp\/v2\/users\/781"}],"replies":[{"embeddable":true,"href":"https:\/\/wordpress.nibis.de\/gsneuhof\/wp-json\/wp\/v2\/comments?post=5656"}],"version-history":[{"count":1,"href":"https:\/\/wordpress.nibis.de\/gsneuhof\/wp-json\/wp\/v2\/pages\/5656\/revisions"}],"predecessor-version":[{"id":5657,"href":"https:\/\/wordpress.nibis.de\/gsneuhof\/wp-json\/wp\/v2\/pages\/5656\/revisions\/5657"}],"wp:attachment":[{"href":"https:\/\/wordpress.nibis.de\/gsneuhof\/wp-json\/wp\/v2\/media?parent=5656"}],"curies":[{"name":"wp","href":"https:\/\/api.w.org\/{rel}","templated":true}]}}