{"id":5737,"date":"2023-10-04T17:30:23","date_gmt":"2023-10-04T15:30:23","guid":{"rendered":"https:\/\/wordpress.nibis.de\/gsneuhof\/?page_id=5737"},"modified":"2023-10-04T17:30:23","modified_gmt":"2023-10-04T15:30:23","slug":"die-klasse-2a-besucht-das-schulbiologiezentrum-zum-thema-apfel","status":"publish","type":"page","link":"https:\/\/wordpress.nibis.de\/gsneuhof\/die-klasse-2a-besucht-das-schulbiologiezentrum-zum-thema-apfel\/","title":{"rendered":"Die Klasse 2a besucht das Schulbiologiezentrum zum Thema Apfel"},"content":{"rendered":"\n<div id=\"message-content\">\n<div class=\"content-plain\">\n<p>An einem sonnigen Herbsttag besuchten wir das Schulbiologiezentrum in Ochtersum. Wir hatten eigene \u00c4pfel und auch welche von der Neuhofer Streuobstwiese dabei, denn wir wollten daraus Apfelsaft pressen.<\/p>\n<p>Zuerst einmal durften wir die beiden s\u00fc\u00dfen Kamerun-Schafe streicheln und auf der Apfelwiese ein Quiz l\u00f6sen.<\/p>\n<p>Dann schnitten wir alle \u00c4pfel klein. Sie wurden geschnetzelt und danach in einer alten Presse zu Apfelsaft verarbeitet. Es war f\u00fcr uns richtig anstrengend, die Presse zu bedienen. Der Saft war zwar viel dunkler als der gekaufte, schmeckte uns aber richtig lecker. So tranken wir die ganzen vier Liter aus und gingen gut gest\u00e4rkt zur\u00fcck zur Schule.<\/p>\n<p>\u00a0<\/p>\n<\/div>\n<\/div>\n\n\n\n<figure class=\"wp-block-gallery has-nested-images columns-2 is-cropped wp-block-gallery-1 is-layout-flex wp-block-gallery-is-layout-flex\">\n<figure class=\"wp-block-image size-large is-style-default\"><img loading=\"lazy\" decoding=\"async\" width=\"800\" height=\"600\" data-id=\"5738\" src=\"https:\/\/wordpress.nibis.de\/gsneuhof\/files\/2023\/10\/20230928_095136_HDR-800x600.jpg\" alt=\"\" class=\"wp-image-5738\" srcset=\"https:\/\/wordpress.nibis.de\/gsneuhof\/files\/2023\/10\/20230928_095136_HDR-800x600.jpg 800w, https:\/\/wordpress.nibis.de\/gsneuhof\/files\/2023\/10\/20230928_095136_HDR-300x225.jpg 300w, https:\/\/wordpress.nibis.de\/gsneuhof\/files\/2023\/10\/20230928_095136_HDR-768x576.jpg 768w, https:\/\/wordpress.nibis.de\/gsneuhof\/files\/2023\/10\/20230928_095136_HDR-1536x1152.jpg 1536w, https:\/\/wordpress.nibis.de\/gsneuhof\/files\/2023\/10\/20230928_095136_HDR.jpg 1600w\" sizes=\"auto, (max-width: 800px) 100vw, 800px\" \/><\/figure>\n\n\n\n<figure class=\"wp-block-image size-large is-style-default\"><img loading=\"lazy\" decoding=\"async\" width=\"800\" height=\"600\" data-id=\"5739\" src=\"https:\/\/wordpress.nibis.de\/gsneuhof\/files\/2023\/10\/20230928_095714-800x600.jpg\" alt=\"\" class=\"wp-image-5739\" srcset=\"https:\/\/wordpress.nibis.de\/gsneuhof\/files\/2023\/10\/20230928_095714-800x600.jpg 800w, https:\/\/wordpress.nibis.de\/gsneuhof\/files\/2023\/10\/20230928_095714-300x225.jpg 300w, https:\/\/wordpress.nibis.de\/gsneuhof\/files\/2023\/10\/20230928_095714-768x576.jpg 768w, https:\/\/wordpress.nibis.de\/gsneuhof\/files\/2023\/10\/20230928_095714-1536x1152.jpg 1536w, https:\/\/wordpress.nibis.de\/gsneuhof\/files\/2023\/10\/20230928_095714.jpg 1600w\" sizes=\"auto, (max-width: 800px) 100vw, 800px\" \/><\/figure>\n\n\n\n<figure class=\"wp-block-image size-large is-style-default\"><img loading=\"lazy\" decoding=\"async\" width=\"800\" height=\"600\" data-id=\"5740\" src=\"https:\/\/wordpress.nibis.de\/gsneuhof\/files\/2023\/10\/20230928_100107-800x600.jpg\" alt=\"\" class=\"wp-image-5740\" srcset=\"https:\/\/wordpress.nibis.de\/gsneuhof\/files\/2023\/10\/20230928_100107-800x600.jpg 800w, https:\/\/wordpress.nibis.de\/gsneuhof\/files\/2023\/10\/20230928_100107-300x225.jpg 300w, https:\/\/wordpress.nibis.de\/gsneuhof\/files\/2023\/10\/20230928_100107-768x576.jpg 768w, https:\/\/wordpress.nibis.de\/gsneuhof\/files\/2023\/10\/20230928_100107-1536x1152.jpg 1536w, https:\/\/wordpress.nibis.de\/gsneuhof\/files\/2023\/10\/20230928_100107.jpg 1600w\" sizes=\"auto, (max-width: 800px) 100vw, 800px\" \/><\/figure>\n\n\n\n<figure class=\"wp-block-image size-large is-style-default\"><img loading=\"lazy\" decoding=\"async\" width=\"800\" height=\"600\" data-id=\"5741\" src=\"https:\/\/wordpress.nibis.de\/gsneuhof\/files\/2023\/10\/20230928_102933-800x600.jpg\" alt=\"\" class=\"wp-image-5741\" srcset=\"https:\/\/wordpress.nibis.de\/gsneuhof\/files\/2023\/10\/20230928_102933-800x600.jpg 800w, https:\/\/wordpress.nibis.de\/gsneuhof\/files\/2023\/10\/20230928_102933-300x225.jpg 300w, https:\/\/wordpress.nibis.de\/gsneuhof\/files\/2023\/10\/20230928_102933-768x576.jpg 768w, https:\/\/wordpress.nibis.de\/gsneuhof\/files\/2023\/10\/20230928_102933-1536x1152.jpg 1536w, https:\/\/wordpress.nibis.de\/gsneuhof\/files\/2023\/10\/20230928_102933.jpg 1600w\" sizes=\"auto, (max-width: 800px) 100vw, 800px\" \/><\/figure>\n\n\n\n<figure class=\"wp-block-image size-large is-style-default\"><img loading=\"lazy\" decoding=\"async\" width=\"450\" height=\"600\" data-id=\"5742\" src=\"https:\/\/wordpress.nibis.de\/gsneuhof\/files\/2023\/10\/20230928_094527-1-450x600.jpg\" alt=\"\" class=\"wp-image-5742\" srcset=\"https:\/\/wordpress.nibis.de\/gsneuhof\/files\/2023\/10\/20230928_094527-1-450x600.jpg 450w, https:\/\/wordpress.nibis.de\/gsneuhof\/files\/2023\/10\/20230928_094527-1-225x300.jpg 225w, https:\/\/wordpress.nibis.de\/gsneuhof\/files\/2023\/10\/20230928_094527-1-768x1024.jpg 768w, https:\/\/wordpress.nibis.de\/gsneuhof\/files\/2023\/10\/20230928_094527-1-1152x1536.jpg 1152w, https:\/\/wordpress.nibis.de\/gsneuhof\/files\/2023\/10\/20230928_094527-1-rotated.jpg 1200w\" sizes=\"auto, (max-width: 450px) 100vw, 450px\" \/><\/figure>\n\n\n\n<figure class=\"wp-block-image size-large is-style-default\"><img loading=\"lazy\" decoding=\"async\" width=\"450\" height=\"600\" data-id=\"5743\" src=\"https:\/\/wordpress.nibis.de\/gsneuhof\/files\/2023\/10\/20230928_101646_HDR-450x600.jpg\" alt=\"\" class=\"wp-image-5743\" srcset=\"https:\/\/wordpress.nibis.de\/gsneuhof\/files\/2023\/10\/20230928_101646_HDR-450x600.jpg 450w, https:\/\/wordpress.nibis.de\/gsneuhof\/files\/2023\/10\/20230928_101646_HDR-225x300.jpg 225w, https:\/\/wordpress.nibis.de\/gsneuhof\/files\/2023\/10\/20230928_101646_HDR-768x1024.jpg 768w, https:\/\/wordpress.nibis.de\/gsneuhof\/files\/2023\/10\/20230928_101646_HDR-1152x1536.jpg 1152w, https:\/\/wordpress.nibis.de\/gsneuhof\/files\/2023\/10\/20230928_101646_HDR-rotated.jpg 1200w\" sizes=\"auto, (max-width: 450px) 100vw, 450px\" \/><\/figure>\n<\/figure>\n\n\n\n<p>Text und Bild: Frau Herschel<\/p>\n","protected":false},"excerpt":{"rendered":"<p>An einem sonnigen Herbsttag besuchten wir das Schulbiologiezentrum in Ochtersum. Wir hatten eigene \u00c4pfel und auch welche von der Neuhofer Streuobstwiese dabei, denn wir wollten daraus Apfelsaft pressen. Zuerst einmal durften wir die beiden s\u00fc\u00dfen Kamerun-Schafe streicheln und auf der &hellip; <a href=\"https:\/\/wordpress.nibis.de\/gsneuhof\/die-klasse-2a-besucht-das-schulbiologiezentrum-zum-thema-apfel\/\">Weiterlesen <span class=\"meta-nav\">&rarr;<\/span><\/a><\/p>\n","protected":false},"author":781,"featured_media":0,"parent":0,"menu_order":0,"comment_status":"closed","ping_status":"closed","template":"","meta":{"footnotes":""},"class_list":["post-5737","page","type-page","status-publish","hentry"],"_links":{"self":[{"href":"https:\/\/wordpress.nibis.de\/gsneuhof\/wp-json\/wp\/v2\/pages\/5737","targetHints":{"allow":["GET"]}}],"collection":[{"href":"https:\/\/wordpress.nibis.de\/gsneuhof\/wp-json\/wp\/v2\/pages"}],"about":[{"href":"https:\/\/wordpress.nibis.de\/gsneuhof\/wp-json\/wp\/v2\/types\/page"}],"author":[{"embeddable":true,"href":"https:\/\/wordpress.nibis.de\/gsneuhof\/wp-json\/wp\/v2\/users\/781"}],"replies":[{"embeddable":true,"href":"https:\/\/wordpress.nibis.de\/gsneuhof\/wp-json\/wp\/v2\/comments?post=5737"}],"version-history":[{"count":2,"href":"https:\/\/wordpress.nibis.de\/gsneuhof\/wp-json\/wp\/v2\/pages\/5737\/revisions"}],"predecessor-version":[{"id":5745,"href":"https:\/\/wordpress.nibis.de\/gsneuhof\/wp-json\/wp\/v2\/pages\/5737\/revisions\/5745"}],"wp:attachment":[{"href":"https:\/\/wordpress.nibis.de\/gsneuhof\/wp-json\/wp\/v2\/media?parent=5737"}],"curies":[{"name":"wp","href":"https:\/\/api.w.org\/{rel}","templated":true}]}}