{"id":5952,"date":"2024-04-22T11:58:21","date_gmt":"2024-04-22T09:58:21","guid":{"rendered":"https:\/\/wordpress.nibis.de\/gsneuhof\/?page_id=5952"},"modified":"2024-04-23T07:50:42","modified_gmt":"2024-04-23T05:50:42","slug":"ausflug-der-klassen-1a-und-1b-ins-schulbiologiezentrum","status":"publish","type":"page","link":"https:\/\/wordpress.nibis.de\/gsneuhof\/ausflug-der-klassen-1a-und-1b-ins-schulbiologiezentrum\/","title":{"rendered":"Ausflug der Klassen 1a und 1b ins Schulbiologiezentrum"},"content":{"rendered":"\n<p>Am 16. April besuchten die beiden ersten Klassen das Schulbiologiezentrum in Ochtersum zum Thema Kr\u00e4uter. Nachdem verschiedene Kr\u00e4uter erf\u00fchlt und geschnuppert wurden, ging es raus in den Garten. Dort sammelten die Kinder gemeinsam verschiedene Kr\u00e4uter, wie Petersilie und Schnittlauch, und stellten anschlie\u00dfend im Haus mit Hilfe eines Schraubglases aus Sahne eigene Butter her. Die Butter wurde mit den nun kleingeschnittenen Kr\u00e4uter vermischt. Gemeinsam mit einer Scheibe frischem Brot lie\u00dfen die Kinder sich die Kr\u00e4uterbutter schmecken. Auf dem R\u00fcckweg gab es noch eine gemeinsame Spielpause beim Wildgatter.<\/p>\n\n\n\n<figure class=\"wp-block-gallery has-nested-images columns-2 is-cropped wp-block-gallery-1 is-layout-flex wp-block-gallery-is-layout-flex\">\n<figure class=\"wp-block-image size-large is-style-default\"><img loading=\"lazy\" decoding=\"async\" width=\"800\" height=\"600\" data-id=\"5959\" src=\"https:\/\/wordpress.nibis.de\/gsneuhof\/files\/2024\/04\/IMG_3114-800x600.jpg\" alt=\"\" class=\"wp-image-5959\" srcset=\"https:\/\/wordpress.nibis.de\/gsneuhof\/files\/2024\/04\/IMG_3114-800x600.jpg 800w, https:\/\/wordpress.nibis.de\/gsneuhof\/files\/2024\/04\/IMG_3114-300x225.jpg 300w, https:\/\/wordpress.nibis.de\/gsneuhof\/files\/2024\/04\/IMG_3114-768x576.jpg 768w, https:\/\/wordpress.nibis.de\/gsneuhof\/files\/2024\/04\/IMG_3114-1536x1152.jpg 1536w, https:\/\/wordpress.nibis.de\/gsneuhof\/files\/2024\/04\/IMG_3114-2048x1536.jpg 2048w\" sizes=\"auto, (max-width: 800px) 100vw, 800px\" \/><\/figure>\n\n\n\n<figure class=\"wp-block-image size-large is-style-default\"><img loading=\"lazy\" decoding=\"async\" width=\"800\" height=\"600\" data-id=\"5961\" src=\"https:\/\/wordpress.nibis.de\/gsneuhof\/files\/2024\/04\/IMG_3129-800x600.jpg\" alt=\"\" class=\"wp-image-5961\" srcset=\"https:\/\/wordpress.nibis.de\/gsneuhof\/files\/2024\/04\/IMG_3129-800x600.jpg 800w, https:\/\/wordpress.nibis.de\/gsneuhof\/files\/2024\/04\/IMG_3129-300x225.jpg 300w, https:\/\/wordpress.nibis.de\/gsneuhof\/files\/2024\/04\/IMG_3129-768x576.jpg 768w, https:\/\/wordpress.nibis.de\/gsneuhof\/files\/2024\/04\/IMG_3129-1536x1152.jpg 1536w, https:\/\/wordpress.nibis.de\/gsneuhof\/files\/2024\/04\/IMG_3129-2048x1536.jpg 2048w\" sizes=\"auto, (max-width: 800px) 100vw, 800px\" \/><\/figure>\n\n\n\n<figure class=\"wp-block-image size-large is-style-default\"><img loading=\"lazy\" decoding=\"async\" width=\"800\" height=\"600\" data-id=\"5962\" src=\"https:\/\/wordpress.nibis.de\/gsneuhof\/files\/2024\/04\/IMG_3132-800x600.jpg\" alt=\"\" class=\"wp-image-5962\" srcset=\"https:\/\/wordpress.nibis.de\/gsneuhof\/files\/2024\/04\/IMG_3132-800x600.jpg 800w, https:\/\/wordpress.nibis.de\/gsneuhof\/files\/2024\/04\/IMG_3132-300x225.jpg 300w, https:\/\/wordpress.nibis.de\/gsneuhof\/files\/2024\/04\/IMG_3132-768x576.jpg 768w, https:\/\/wordpress.nibis.de\/gsneuhof\/files\/2024\/04\/IMG_3132-1536x1152.jpg 1536w, https:\/\/wordpress.nibis.de\/gsneuhof\/files\/2024\/04\/IMG_3132-2048x1536.jpg 2048w\" sizes=\"auto, (max-width: 800px) 100vw, 800px\" \/><\/figure>\n\n\n\n<figure class=\"wp-block-image size-large is-style-default\"><img loading=\"lazy\" decoding=\"async\" width=\"800\" height=\"600\" data-id=\"5960\" src=\"https:\/\/wordpress.nibis.de\/gsneuhof\/files\/2024\/04\/IMG_3148-800x600.jpg\" alt=\"\" class=\"wp-image-5960\" srcset=\"https:\/\/wordpress.nibis.de\/gsneuhof\/files\/2024\/04\/IMG_3148-800x600.jpg 800w, https:\/\/wordpress.nibis.de\/gsneuhof\/files\/2024\/04\/IMG_3148-300x225.jpg 300w, https:\/\/wordpress.nibis.de\/gsneuhof\/files\/2024\/04\/IMG_3148-768x576.jpg 768w, https:\/\/wordpress.nibis.de\/gsneuhof\/files\/2024\/04\/IMG_3148-1536x1152.jpg 1536w, https:\/\/wordpress.nibis.de\/gsneuhof\/files\/2024\/04\/IMG_3148-2048x1536.jpg 2048w\" sizes=\"auto, (max-width: 800px) 100vw, 800px\" \/><\/figure>\n<\/figure>\n\n\n\n<p>\u00a0<\/p>\n<p>Text und Bilder: Frau Henning und Frau Quante<\/p>\n","protected":false},"excerpt":{"rendered":"<p>Am 16. April besuchten die beiden ersten Klassen das Schulbiologiezentrum in Ochtersum zum Thema Kr\u00e4uter. Nachdem verschiedene Kr\u00e4uter erf\u00fchlt und geschnuppert wurden, ging es raus in den Garten. Dort sammelten die Kinder gemeinsam verschiedene Kr\u00e4uter, wie Petersilie und Schnittlauch, und &hellip; <a href=\"https:\/\/wordpress.nibis.de\/gsneuhof\/ausflug-der-klassen-1a-und-1b-ins-schulbiologiezentrum\/\">Weiterlesen <span class=\"meta-nav\">&rarr;<\/span><\/a><\/p>\n","protected":false},"author":781,"featured_media":0,"parent":0,"menu_order":0,"comment_status":"closed","ping_status":"closed","template":"","meta":{"footnotes":""},"class_list":["post-5952","page","type-page","status-publish","hentry"],"_links":{"self":[{"href":"https:\/\/wordpress.nibis.de\/gsneuhof\/wp-json\/wp\/v2\/pages\/5952","targetHints":{"allow":["GET"]}}],"collection":[{"href":"https:\/\/wordpress.nibis.de\/gsneuhof\/wp-json\/wp\/v2\/pages"}],"about":[{"href":"https:\/\/wordpress.nibis.de\/gsneuhof\/wp-json\/wp\/v2\/types\/page"}],"author":[{"embeddable":true,"href":"https:\/\/wordpress.nibis.de\/gsneuhof\/wp-json\/wp\/v2\/users\/781"}],"replies":[{"embeddable":true,"href":"https:\/\/wordpress.nibis.de\/gsneuhof\/wp-json\/wp\/v2\/comments?post=5952"}],"version-history":[{"count":3,"href":"https:\/\/wordpress.nibis.de\/gsneuhof\/wp-json\/wp\/v2\/pages\/5952\/revisions"}],"predecessor-version":[{"id":5963,"href":"https:\/\/wordpress.nibis.de\/gsneuhof\/wp-json\/wp\/v2\/pages\/5952\/revisions\/5963"}],"wp:attachment":[{"href":"https:\/\/wordpress.nibis.de\/gsneuhof\/wp-json\/wp\/v2\/media?parent=5952"}],"curies":[{"name":"wp","href":"https:\/\/api.w.org\/{rel}","templated":true}]}}