{"id":6105,"date":"2024-08-11T10:33:04","date_gmt":"2024-08-11T08:33:04","guid":{"rendered":"https:\/\/wordpress.nibis.de\/gsneuhof\/?page_id=6105"},"modified":"2024-08-11T10:33:04","modified_gmt":"2024-08-11T08:33:04","slug":"einschulung-2024","status":"publish","type":"page","link":"https:\/\/wordpress.nibis.de\/gsneuhof\/einschulung-2024\/","title":{"rendered":"Einschulung 2024"},"content":{"rendered":"\n<p>Am 10.08.2024 war es wieder soweit:<\/p>\n<p>Wir haben unsere neue erste Klasse in der Turnhalle\u00a0 begr\u00fc\u00dft.<\/p>\n<p>Die beiden dritten Klassen haben daf\u00fcr ein sch\u00f6nes, abwechselungsreiches Programm in der Turnhalle vorbereitet. Unser Schullied durfte dabei nat\u00fcrlich nicht fehlen!<\/p>\n\n\n\n<figure class=\"wp-block-gallery has-nested-images columns-default is-cropped wp-block-gallery-1 is-layout-flex wp-block-gallery-is-layout-flex\">\n<figure class=\"wp-block-image size-large is-style-default\"><img loading=\"lazy\" decoding=\"async\" width=\"800\" height=\"600\" data-id=\"6107\" src=\"https:\/\/wordpress.nibis.de\/gsneuhof\/files\/2024\/08\/P1050743-800x600.jpg\" alt=\"\" class=\"wp-image-6107\" srcset=\"https:\/\/wordpress.nibis.de\/gsneuhof\/files\/2024\/08\/P1050743-800x600.jpg 800w, https:\/\/wordpress.nibis.de\/gsneuhof\/files\/2024\/08\/P1050743-300x225.jpg 300w, https:\/\/wordpress.nibis.de\/gsneuhof\/files\/2024\/08\/P1050743-768x576.jpg 768w, https:\/\/wordpress.nibis.de\/gsneuhof\/files\/2024\/08\/P1050743-1536x1152.jpg 1536w, https:\/\/wordpress.nibis.de\/gsneuhof\/files\/2024\/08\/P1050743.jpg 1600w\" sizes=\"auto, (max-width: 800px) 100vw, 800px\" \/><\/figure>\n\n\n\n<figure class=\"wp-block-image size-large is-style-default\"><img loading=\"lazy\" decoding=\"async\" width=\"800\" height=\"450\" data-id=\"6106\" src=\"https:\/\/wordpress.nibis.de\/gsneuhof\/files\/2024\/08\/P1050754-800x450.jpg\" alt=\"\" class=\"wp-image-6106\" srcset=\"https:\/\/wordpress.nibis.de\/gsneuhof\/files\/2024\/08\/P1050754-800x450.jpg 800w, https:\/\/wordpress.nibis.de\/gsneuhof\/files\/2024\/08\/P1050754-300x169.jpg 300w, https:\/\/wordpress.nibis.de\/gsneuhof\/files\/2024\/08\/P1050754-768x432.jpg 768w, https:\/\/wordpress.nibis.de\/gsneuhof\/files\/2024\/08\/P1050754-1536x863.jpg 1536w, https:\/\/wordpress.nibis.de\/gsneuhof\/files\/2024\/08\/P1050754-2048x1151.jpg 2048w\" sizes=\"auto, (max-width: 800px) 100vw, 800px\" \/><\/figure>\n<\/figure>\n\n\n\n<p>Zum Ende der Feier wurde das Theaterst\u00fcck &#8222;Eine traumhafte Schule&#8220; aufgef\u00fchrt: Lisa und Lars sind ganz aufgeregt, weil sie am kommenden Tag in die Schule kommen. In der Nacht tr\u00e4umen sie von Schult\u00fcten- Elfen, einem Schultaschen- Baum und der Fr\u00fchst\u00fccks- Fee, sodass die Nacht vor der Einschulung schnell vergeht. So freuen sie sich auf die kommende Zeit.<\/p>\n<p>So \u00e4hnlich geht es den 23 Erstkl\u00e4sslern, die bei Frau Brunotte in die erste Klasse gehen werden, sicherlich auch.<\/p>\n\n\n\n<figure class=\"wp-block-gallery has-nested-images columns-2 is-cropped wp-block-gallery-2 is-layout-flex wp-block-gallery-is-layout-flex\">\n<figure class=\"wp-block-image size-large is-style-default\"><img loading=\"lazy\" decoding=\"async\" width=\"800\" height=\"600\" data-id=\"6108\" src=\"https:\/\/wordpress.nibis.de\/gsneuhof\/files\/2024\/08\/P1050764-800x600.jpg\" alt=\"\" class=\"wp-image-6108\" srcset=\"https:\/\/wordpress.nibis.de\/gsneuhof\/files\/2024\/08\/P1050764-800x600.jpg 800w, https:\/\/wordpress.nibis.de\/gsneuhof\/files\/2024\/08\/P1050764-300x225.jpg 300w, https:\/\/wordpress.nibis.de\/gsneuhof\/files\/2024\/08\/P1050764-768x576.jpg 768w, https:\/\/wordpress.nibis.de\/gsneuhof\/files\/2024\/08\/P1050764-1536x1152.jpg 1536w, https:\/\/wordpress.nibis.de\/gsneuhof\/files\/2024\/08\/P1050764.jpg 1600w\" sizes=\"auto, (max-width: 800px) 100vw, 800px\" \/><\/figure>\n\n\n\n<figure class=\"wp-block-image size-large is-style-default\"><img loading=\"lazy\" decoding=\"async\" width=\"800\" height=\"600\" data-id=\"6110\" src=\"https:\/\/wordpress.nibis.de\/gsneuhof\/files\/2024\/08\/P1050768-800x600.jpg\" alt=\"\" class=\"wp-image-6110\" srcset=\"https:\/\/wordpress.nibis.de\/gsneuhof\/files\/2024\/08\/P1050768-800x600.jpg 800w, https:\/\/wordpress.nibis.de\/gsneuhof\/files\/2024\/08\/P1050768-300x225.jpg 300w, https:\/\/wordpress.nibis.de\/gsneuhof\/files\/2024\/08\/P1050768-768x576.jpg 768w, https:\/\/wordpress.nibis.de\/gsneuhof\/files\/2024\/08\/P1050768-1536x1152.jpg 1536w, https:\/\/wordpress.nibis.de\/gsneuhof\/files\/2024\/08\/P1050768.jpg 1600w\" sizes=\"auto, (max-width: 800px) 100vw, 800px\" \/><\/figure>\n\n\n\n<figure class=\"wp-block-image size-large is-style-default\"><img loading=\"lazy\" decoding=\"async\" width=\"800\" height=\"600\" data-id=\"6111\" src=\"https:\/\/wordpress.nibis.de\/gsneuhof\/files\/2024\/08\/P1050771-800x600.jpg\" alt=\"\" class=\"wp-image-6111\" srcset=\"https:\/\/wordpress.nibis.de\/gsneuhof\/files\/2024\/08\/P1050771-800x600.jpg 800w, https:\/\/wordpress.nibis.de\/gsneuhof\/files\/2024\/08\/P1050771-300x225.jpg 300w, https:\/\/wordpress.nibis.de\/gsneuhof\/files\/2024\/08\/P1050771-768x576.jpg 768w, https:\/\/wordpress.nibis.de\/gsneuhof\/files\/2024\/08\/P1050771-1536x1152.jpg 1536w, https:\/\/wordpress.nibis.de\/gsneuhof\/files\/2024\/08\/P1050771.jpg 1600w\" sizes=\"auto, (max-width: 800px) 100vw, 800px\" \/><\/figure>\n\n\n\n<figure class=\"wp-block-image size-large is-style-default\"><img loading=\"lazy\" decoding=\"async\" width=\"800\" height=\"600\" data-id=\"6109\" src=\"https:\/\/wordpress.nibis.de\/gsneuhof\/files\/2024\/08\/P1050775-800x600.jpg\" alt=\"\" class=\"wp-image-6109\" srcset=\"https:\/\/wordpress.nibis.de\/gsneuhof\/files\/2024\/08\/P1050775-800x600.jpg 800w, https:\/\/wordpress.nibis.de\/gsneuhof\/files\/2024\/08\/P1050775-300x225.jpg 300w, https:\/\/wordpress.nibis.de\/gsneuhof\/files\/2024\/08\/P1050775-768x576.jpg 768w, https:\/\/wordpress.nibis.de\/gsneuhof\/files\/2024\/08\/P1050775-1536x1152.jpg 1536w, https:\/\/wordpress.nibis.de\/gsneuhof\/files\/2024\/08\/P1050775.jpg 1600w\" sizes=\"auto, (max-width: 800px) 100vw, 800px\" \/><\/figure>\n\n\n\n<figure class=\"wp-block-image size-large is-style-default\"><img loading=\"lazy\" decoding=\"async\" width=\"800\" height=\"600\" data-id=\"6113\" src=\"https:\/\/wordpress.nibis.de\/gsneuhof\/files\/2024\/08\/P1050781-800x600.jpg\" alt=\"\" class=\"wp-image-6113\" srcset=\"https:\/\/wordpress.nibis.de\/gsneuhof\/files\/2024\/08\/P1050781-800x600.jpg 800w, https:\/\/wordpress.nibis.de\/gsneuhof\/files\/2024\/08\/P1050781-300x225.jpg 300w, https:\/\/wordpress.nibis.de\/gsneuhof\/files\/2024\/08\/P1050781-768x576.jpg 768w, https:\/\/wordpress.nibis.de\/gsneuhof\/files\/2024\/08\/P1050781-1536x1152.jpg 1536w, https:\/\/wordpress.nibis.de\/gsneuhof\/files\/2024\/08\/P1050781.jpg 1600w\" sizes=\"auto, (max-width: 800px) 100vw, 800px\" \/><\/figure>\n\n\n\n<figure class=\"wp-block-image size-large is-style-default\"><img loading=\"lazy\" decoding=\"async\" width=\"800\" height=\"600\" data-id=\"6114\" src=\"https:\/\/wordpress.nibis.de\/gsneuhof\/files\/2024\/08\/P1050782-800x600.jpg\" alt=\"\" class=\"wp-image-6114\" srcset=\"https:\/\/wordpress.nibis.de\/gsneuhof\/files\/2024\/08\/P1050782-800x600.jpg 800w, https:\/\/wordpress.nibis.de\/gsneuhof\/files\/2024\/08\/P1050782-300x225.jpg 300w, https:\/\/wordpress.nibis.de\/gsneuhof\/files\/2024\/08\/P1050782-768x576.jpg 768w, https:\/\/wordpress.nibis.de\/gsneuhof\/files\/2024\/08\/P1050782-1536x1152.jpg 1536w, https:\/\/wordpress.nibis.de\/gsneuhof\/files\/2024\/08\/P1050782.jpg 1600w\" sizes=\"auto, (max-width: 800px) 100vw, 800px\" \/><\/figure>\n\n\n\n<figure class=\"wp-block-image size-large is-style-default\"><img loading=\"lazy\" decoding=\"async\" width=\"800\" height=\"600\" data-id=\"6112\" src=\"https:\/\/wordpress.nibis.de\/gsneuhof\/files\/2024\/08\/P1050817-800x600.jpg\" alt=\"\" class=\"wp-image-6112\" srcset=\"https:\/\/wordpress.nibis.de\/gsneuhof\/files\/2024\/08\/P1050817-800x600.jpg 800w, https:\/\/wordpress.nibis.de\/gsneuhof\/files\/2024\/08\/P1050817-300x225.jpg 300w, https:\/\/wordpress.nibis.de\/gsneuhof\/files\/2024\/08\/P1050817-768x576.jpg 768w, https:\/\/wordpress.nibis.de\/gsneuhof\/files\/2024\/08\/P1050817-1536x1152.jpg 1536w, https:\/\/wordpress.nibis.de\/gsneuhof\/files\/2024\/08\/P1050817.jpg 1600w\" sizes=\"auto, (max-width: 800px) 100vw, 800px\" \/><\/figure>\n<\/figure>\n\n\n\n<p>Nach der Einschulungsfeier in der Turnhalle\u00a0 konnten sich die G\u00e4ste am reichhaltigen B\u00fcffet, dass die zweiten Klassen vorbereitet haben, st\u00e4rken.<\/p>\n<p>Vielen Dank an die Eltern der zweiten Klassen an dieser Stelle!<\/p>\n<p>Auch der F\u00f6rderverein stellte sich vor. Bei der\u00a0 Stein- Mal- Aktion waren viele Kinder begeistert dabei.<\/p>\n<p>Der F\u00f6rderverein freut sich \u00fcbrigens<strong> immer<\/strong> \u00fcber neue Mitglieder!!!<\/p>\n\n\n\n<figure class=\"wp-block-gallery has-nested-images columns-2 is-cropped wp-block-gallery-3 is-layout-flex wp-block-gallery-is-layout-flex\">\n<figure class=\"wp-block-image size-large is-style-default\"><img loading=\"lazy\" decoding=\"async\" width=\"800\" height=\"600\" data-id=\"6116\" src=\"https:\/\/wordpress.nibis.de\/gsneuhof\/files\/2024\/08\/P1050832-800x600.jpg\" alt=\"\" class=\"wp-image-6116\" srcset=\"https:\/\/wordpress.nibis.de\/gsneuhof\/files\/2024\/08\/P1050832-800x600.jpg 800w, https:\/\/wordpress.nibis.de\/gsneuhof\/files\/2024\/08\/P1050832-300x225.jpg 300w, https:\/\/wordpress.nibis.de\/gsneuhof\/files\/2024\/08\/P1050832-768x576.jpg 768w, https:\/\/wordpress.nibis.de\/gsneuhof\/files\/2024\/08\/P1050832-1536x1152.jpg 1536w, https:\/\/wordpress.nibis.de\/gsneuhof\/files\/2024\/08\/P1050832.jpg 1600w\" sizes=\"auto, (max-width: 800px) 100vw, 800px\" \/><\/figure>\n\n\n\n<figure class=\"wp-block-image size-large is-style-default\"><img loading=\"lazy\" decoding=\"async\" width=\"450\" height=\"600\" data-id=\"6117\" src=\"https:\/\/wordpress.nibis.de\/gsneuhof\/files\/2024\/08\/P1050827-450x600.jpg\" alt=\"\" class=\"wp-image-6117\" srcset=\"https:\/\/wordpress.nibis.de\/gsneuhof\/files\/2024\/08\/P1050827-450x600.jpg 450w, https:\/\/wordpress.nibis.de\/gsneuhof\/files\/2024\/08\/P1050827-225x300.jpg 225w, https:\/\/wordpress.nibis.de\/gsneuhof\/files\/2024\/08\/P1050827-768x1024.jpg 768w, https:\/\/wordpress.nibis.de\/gsneuhof\/files\/2024\/08\/P1050827-1152x1536.jpg 1152w, https:\/\/wordpress.nibis.de\/gsneuhof\/files\/2024\/08\/P1050827-rotated.jpg 1200w\" sizes=\"auto, (max-width: 450px) 100vw, 450px\" \/><\/figure>\n<\/figure>\n\n\n\n\n\n<figure class=\"wp-block-image size-large is-resized is-style-rounded\"><img loading=\"lazy\" decoding=\"async\" src=\"https:\/\/wordpress.nibis.de\/gsneuhof\/files\/2024\/08\/P1050823-800x600.jpg\" alt=\"\" class=\"wp-image-6115\" width=\"461\" height=\"345\" srcset=\"https:\/\/wordpress.nibis.de\/gsneuhof\/files\/2024\/08\/P1050823-800x600.jpg 800w, https:\/\/wordpress.nibis.de\/gsneuhof\/files\/2024\/08\/P1050823-300x225.jpg 300w, https:\/\/wordpress.nibis.de\/gsneuhof\/files\/2024\/08\/P1050823-768x576.jpg 768w, https:\/\/wordpress.nibis.de\/gsneuhof\/files\/2024\/08\/P1050823-1536x1152.jpg 1536w, https:\/\/wordpress.nibis.de\/gsneuhof\/files\/2024\/08\/P1050823.jpg 1600w\" sizes=\"auto, (max-width: 461px) 100vw, 461px\" \/><figcaption>Der F\u00f6rderverein freut sich \u00fcber neue Mitglieder!!!<\/figcaption><\/figure>\n\n\n\n<p>Liebe Erdm\u00e4nnchen- Klasse: Wir w\u00fcnschen euch eine sch\u00f6ne Zeit an unserer Schule und freuen uns, dass ihr endlich da seid!<\/p>\n<p>Text und Bild: Frau Kunold<\/p>\n","protected":false},"excerpt":{"rendered":"<p>Am 10.08.2024 war es wieder soweit: Wir haben unsere neue erste Klasse in der Turnhalle\u00a0 begr\u00fc\u00dft. Die beiden dritten Klassen haben daf\u00fcr ein sch\u00f6nes, abwechselungsreiches Programm in der Turnhalle vorbereitet. Unser Schullied durfte dabei nat\u00fcrlich nicht fehlen! Zum Ende der &hellip; <a href=\"https:\/\/wordpress.nibis.de\/gsneuhof\/einschulung-2024\/\">Weiterlesen <span class=\"meta-nav\">&rarr;<\/span><\/a><\/p>\n","protected":false},"author":781,"featured_media":0,"parent":0,"menu_order":0,"comment_status":"closed","ping_status":"closed","template":"","meta":{"footnotes":""},"class_list":["post-6105","page","type-page","status-publish","hentry"],"_links":{"self":[{"href":"https:\/\/wordpress.nibis.de\/gsneuhof\/wp-json\/wp\/v2\/pages\/6105","targetHints":{"allow":["GET"]}}],"collection":[{"href":"https:\/\/wordpress.nibis.de\/gsneuhof\/wp-json\/wp\/v2\/pages"}],"about":[{"href":"https:\/\/wordpress.nibis.de\/gsneuhof\/wp-json\/wp\/v2\/types\/page"}],"author":[{"embeddable":true,"href":"https:\/\/wordpress.nibis.de\/gsneuhof\/wp-json\/wp\/v2\/users\/781"}],"replies":[{"embeddable":true,"href":"https:\/\/wordpress.nibis.de\/gsneuhof\/wp-json\/wp\/v2\/comments?post=6105"}],"version-history":[{"count":3,"href":"https:\/\/wordpress.nibis.de\/gsneuhof\/wp-json\/wp\/v2\/pages\/6105\/revisions"}],"predecessor-version":[{"id":6120,"href":"https:\/\/wordpress.nibis.de\/gsneuhof\/wp-json\/wp\/v2\/pages\/6105\/revisions\/6120"}],"wp:attachment":[{"href":"https:\/\/wordpress.nibis.de\/gsneuhof\/wp-json\/wp\/v2\/media?parent=6105"}],"curies":[{"name":"wp","href":"https:\/\/api.w.org\/{rel}","templated":true}]}}