{"id":6146,"date":"2024-09-03T16:13:36","date_gmt":"2024-09-03T14:13:36","guid":{"rendered":"https:\/\/wordpress.nibis.de\/gsneuhof\/?page_id=6146"},"modified":"2024-09-03T16:13:36","modified_gmt":"2024-09-03T14:13:36","slug":"besuch-der-2-klassen-im-schulbiologiezentrum","status":"publish","type":"page","link":"https:\/\/wordpress.nibis.de\/gsneuhof\/besuch-der-2-klassen-im-schulbiologiezentrum\/","title":{"rendered":"Besuch der 2. Klassen im Schulbiologiezentrum"},"content":{"rendered":"\n<p>Am 20. und 27. August besuchten die Klassen 2a und 2b das Schulbiologiezentrum in Ochtersum zum Thema Bienen. Nachdem wir zuerst viele Infos \u00fcber Bienenv\u00f6lker und die Best\u00e4ubung der Bl\u00fcten geh\u00f6rt haben, ging es raus in die Natur. Dort entdeckten wir verschiedene Bienenarten und Insekten, die wir uns genauer anschauten. In kleinen Gruppen besuchten wir den Bienenstock und erfuhren spannende Dinge dar\u00fcber. Anschlie\u00dfend ging es darum, warum Bienen so wichtig f\u00fcr uns sind und welche Lebensmittel es ohne die Bienen nicht geben w\u00fcrde. Auf dem R\u00fcckweg legten wir noch eine Spielpause beim Wildgatter ein. Wir hatten einen tollen und aufregenden Tag!<\/p>\n<p>\u00a0<\/p>\n\n\n\n<figure class=\"wp-block-gallery has-nested-images columns-3 is-cropped wp-block-gallery-1 is-layout-flex wp-block-gallery-is-layout-flex\">\n<figure class=\"wp-block-image size-large is-style-default\"><img loading=\"lazy\" decoding=\"async\" width=\"450\" height=\"600\" data-id=\"6147\" src=\"https:\/\/wordpress.nibis.de\/gsneuhof\/files\/2024\/09\/IMG_3220-450x600.jpg\" alt=\"\" class=\"wp-image-6147\" srcset=\"https:\/\/wordpress.nibis.de\/gsneuhof\/files\/2024\/09\/IMG_3220-450x600.jpg 450w, https:\/\/wordpress.nibis.de\/gsneuhof\/files\/2024\/09\/IMG_3220-225x300.jpg 225w, https:\/\/wordpress.nibis.de\/gsneuhof\/files\/2024\/09\/IMG_3220-768x1024.jpg 768w, https:\/\/wordpress.nibis.de\/gsneuhof\/files\/2024\/09\/IMG_3220-1152x1536.jpg 1152w, https:\/\/wordpress.nibis.de\/gsneuhof\/files\/2024\/09\/IMG_3220-rotated.jpg 1200w\" sizes=\"auto, (max-width: 450px) 100vw, 450px\" \/><\/figure>\n\n\n\n<figure class=\"wp-block-image size-large is-style-default\"><img loading=\"lazy\" decoding=\"async\" width=\"450\" height=\"600\" data-id=\"6150\" src=\"https:\/\/wordpress.nibis.de\/gsneuhof\/files\/2024\/09\/IMG_6721-450x600.jpg\" alt=\"\" class=\"wp-image-6150\" srcset=\"https:\/\/wordpress.nibis.de\/gsneuhof\/files\/2024\/09\/IMG_6721-450x600.jpg 450w, https:\/\/wordpress.nibis.de\/gsneuhof\/files\/2024\/09\/IMG_6721-225x300.jpg 225w, https:\/\/wordpress.nibis.de\/gsneuhof\/files\/2024\/09\/IMG_6721-768x1024.jpg 768w, https:\/\/wordpress.nibis.de\/gsneuhof\/files\/2024\/09\/IMG_6721-1152x1536.jpg 1152w, https:\/\/wordpress.nibis.de\/gsneuhof\/files\/2024\/09\/IMG_6721-rotated.jpg 1200w\" sizes=\"auto, (max-width: 450px) 100vw, 450px\" \/><\/figure>\n\n\n\n<figure class=\"wp-block-image size-large is-style-default\"><img loading=\"lazy\" decoding=\"async\" width=\"450\" height=\"600\" data-id=\"6148\" src=\"https:\/\/wordpress.nibis.de\/gsneuhof\/files\/2024\/09\/IMG_6725-450x600.jpg\" alt=\"\" class=\"wp-image-6148\" srcset=\"https:\/\/wordpress.nibis.de\/gsneuhof\/files\/2024\/09\/IMG_6725-450x600.jpg 450w, https:\/\/wordpress.nibis.de\/gsneuhof\/files\/2024\/09\/IMG_6725-225x300.jpg 225w, https:\/\/wordpress.nibis.de\/gsneuhof\/files\/2024\/09\/IMG_6725-768x1024.jpg 768w, https:\/\/wordpress.nibis.de\/gsneuhof\/files\/2024\/09\/IMG_6725-1152x1536.jpg 1152w, https:\/\/wordpress.nibis.de\/gsneuhof\/files\/2024\/09\/IMG_6725-rotated.jpg 1200w\" sizes=\"auto, (max-width: 450px) 100vw, 450px\" \/><\/figure>\n<\/figure>\n\n\n\n<figure class=\"wp-block-image size-large is-style-default\"><img loading=\"lazy\" decoding=\"async\" width=\"800\" height=\"600\" src=\"https:\/\/wordpress.nibis.de\/gsneuhof\/files\/2024\/09\/IMG_6714-800x600.jpg\" alt=\"\" class=\"wp-image-6149\" srcset=\"https:\/\/wordpress.nibis.de\/gsneuhof\/files\/2024\/09\/IMG_6714-800x600.jpg 800w, https:\/\/wordpress.nibis.de\/gsneuhof\/files\/2024\/09\/IMG_6714-300x225.jpg 300w, https:\/\/wordpress.nibis.de\/gsneuhof\/files\/2024\/09\/IMG_6714-768x576.jpg 768w, https:\/\/wordpress.nibis.de\/gsneuhof\/files\/2024\/09\/IMG_6714-1536x1152.jpg 1536w, https:\/\/wordpress.nibis.de\/gsneuhof\/files\/2024\/09\/IMG_6714.jpg 1600w\" sizes=\"auto, (max-width: 800px) 100vw, 800px\" \/><\/figure>\n\n\n\n<p>Text und Bild: Frau Henning<\/p>\n","protected":false},"excerpt":{"rendered":"<p>Am 20. und 27. August besuchten die Klassen 2a und 2b das Schulbiologiezentrum in Ochtersum zum Thema Bienen. Nachdem wir zuerst viele Infos \u00fcber Bienenv\u00f6lker und die Best\u00e4ubung der Bl\u00fcten geh\u00f6rt haben, ging es raus in die Natur. Dort entdeckten &hellip; <a href=\"https:\/\/wordpress.nibis.de\/gsneuhof\/besuch-der-2-klassen-im-schulbiologiezentrum\/\">Weiterlesen <span class=\"meta-nav\">&rarr;<\/span><\/a><\/p>\n","protected":false},"author":781,"featured_media":0,"parent":0,"menu_order":0,"comment_status":"closed","ping_status":"closed","template":"","meta":{"footnotes":""},"class_list":["post-6146","page","type-page","status-publish","hentry"],"_links":{"self":[{"href":"https:\/\/wordpress.nibis.de\/gsneuhof\/wp-json\/wp\/v2\/pages\/6146","targetHints":{"allow":["GET"]}}],"collection":[{"href":"https:\/\/wordpress.nibis.de\/gsneuhof\/wp-json\/wp\/v2\/pages"}],"about":[{"href":"https:\/\/wordpress.nibis.de\/gsneuhof\/wp-json\/wp\/v2\/types\/page"}],"author":[{"embeddable":true,"href":"https:\/\/wordpress.nibis.de\/gsneuhof\/wp-json\/wp\/v2\/users\/781"}],"replies":[{"embeddable":true,"href":"https:\/\/wordpress.nibis.de\/gsneuhof\/wp-json\/wp\/v2\/comments?post=6146"}],"version-history":[{"count":1,"href":"https:\/\/wordpress.nibis.de\/gsneuhof\/wp-json\/wp\/v2\/pages\/6146\/revisions"}],"predecessor-version":[{"id":6151,"href":"https:\/\/wordpress.nibis.de\/gsneuhof\/wp-json\/wp\/v2\/pages\/6146\/revisions\/6151"}],"wp:attachment":[{"href":"https:\/\/wordpress.nibis.de\/gsneuhof\/wp-json\/wp\/v2\/media?parent=6146"}],"curies":[{"name":"wp","href":"https:\/\/api.w.org\/{rel}","templated":true}]}}