{"id":6193,"date":"2024-12-05T13:06:34","date_gmt":"2024-12-05T12:06:34","guid":{"rendered":"https:\/\/wordpress.nibis.de\/gsneuhof\/?page_id=6193"},"modified":"2024-12-05T13:06:34","modified_gmt":"2024-12-05T12:06:34","slug":"vielen-dank","status":"publish","type":"page","link":"https:\/\/wordpress.nibis.de\/gsneuhof\/vielen-dank\/","title":{"rendered":"Vielen Dank!"},"content":{"rendered":"\n<p>Ein gro\u00dfes Dankesch\u00f6n an den F\u00f6rderverein f\u00fcr die tolle Unterst\u00fctzung.<\/p>\n<p>Die Kinder der Lego AG sagen Dankesch\u00f6n. Sie haben sich riesig \u00fcber das neue Lego und die Kaplasteine gefreut.<\/p>\n<p>Jede Woche werden die Steine mit Feuereifer, Kreativit\u00e4t und Phantasie gemeinsam zu den verschiedensten Bauwerken bzw. Figuren zusammengebaut.<\/p>\n<p>Euer Engagement und Unterst\u00fctzung machen einen gro\u00dfen Unterschied und tragen dazu bei, dass unsere Schule ein noch sch\u00f6nerer Ort zum Lernen und Spielen ist.<\/p>\n\n\n\n<figure class=\"wp-block-gallery has-nested-images columns-2 is-cropped wp-block-gallery-1 is-layout-flex wp-block-gallery-is-layout-flex\">\n<figure class=\"wp-block-image size-large\"><img loading=\"lazy\" decoding=\"async\" width=\"800\" height=\"600\" data-id=\"6197\" src=\"https:\/\/wordpress.nibis.de\/gsneuhof\/files\/2024\/12\/IMG_9120-800x600.jpg\" alt=\"\" class=\"wp-image-6197\" srcset=\"https:\/\/wordpress.nibis.de\/gsneuhof\/files\/2024\/12\/IMG_9120-800x600.jpg 800w, https:\/\/wordpress.nibis.de\/gsneuhof\/files\/2024\/12\/IMG_9120-300x225.jpg 300w, https:\/\/wordpress.nibis.de\/gsneuhof\/files\/2024\/12\/IMG_9120-768x576.jpg 768w, https:\/\/wordpress.nibis.de\/gsneuhof\/files\/2024\/12\/IMG_9120-1536x1152.jpg 1536w, https:\/\/wordpress.nibis.de\/gsneuhof\/files\/2024\/12\/IMG_9120.jpg 1600w\" sizes=\"auto, (max-width: 800px) 100vw, 800px\" \/><\/figure>\n\n\n\n<figure class=\"wp-block-image size-large\"><img loading=\"lazy\" decoding=\"async\" width=\"800\" height=\"600\" data-id=\"6195\" src=\"https:\/\/wordpress.nibis.de\/gsneuhof\/files\/2024\/12\/IMG_9127-800x600.jpg\" alt=\"\" class=\"wp-image-6195\" srcset=\"https:\/\/wordpress.nibis.de\/gsneuhof\/files\/2024\/12\/IMG_9127-800x600.jpg 800w, https:\/\/wordpress.nibis.de\/gsneuhof\/files\/2024\/12\/IMG_9127-300x225.jpg 300w, https:\/\/wordpress.nibis.de\/gsneuhof\/files\/2024\/12\/IMG_9127-768x576.jpg 768w, https:\/\/wordpress.nibis.de\/gsneuhof\/files\/2024\/12\/IMG_9127-1536x1152.jpg 1536w, https:\/\/wordpress.nibis.de\/gsneuhof\/files\/2024\/12\/IMG_9127.jpg 1600w\" sizes=\"auto, (max-width: 800px) 100vw, 800px\" \/><\/figure>\n\n\n\n<figure class=\"wp-block-image size-large\"><img loading=\"lazy\" decoding=\"async\" width=\"800\" height=\"600\" data-id=\"6194\" src=\"https:\/\/wordpress.nibis.de\/gsneuhof\/files\/2024\/12\/IMG_9132-800x600.jpg\" alt=\"\" class=\"wp-image-6194\" srcset=\"https:\/\/wordpress.nibis.de\/gsneuhof\/files\/2024\/12\/IMG_9132-800x600.jpg 800w, https:\/\/wordpress.nibis.de\/gsneuhof\/files\/2024\/12\/IMG_9132-300x225.jpg 300w, https:\/\/wordpress.nibis.de\/gsneuhof\/files\/2024\/12\/IMG_9132-768x576.jpg 768w, https:\/\/wordpress.nibis.de\/gsneuhof\/files\/2024\/12\/IMG_9132-1536x1152.jpg 1536w, https:\/\/wordpress.nibis.de\/gsneuhof\/files\/2024\/12\/IMG_9132.jpg 1600w\" sizes=\"auto, (max-width: 800px) 100vw, 800px\" \/><\/figure>\n\n\n\n<figure class=\"wp-block-image size-large\"><img loading=\"lazy\" decoding=\"async\" width=\"800\" height=\"600\" data-id=\"6196\" src=\"https:\/\/wordpress.nibis.de\/gsneuhof\/files\/2024\/12\/IMG_9134-800x600.jpg\" alt=\"\" class=\"wp-image-6196\" srcset=\"https:\/\/wordpress.nibis.de\/gsneuhof\/files\/2024\/12\/IMG_9134-800x600.jpg 800w, https:\/\/wordpress.nibis.de\/gsneuhof\/files\/2024\/12\/IMG_9134-300x225.jpg 300w, https:\/\/wordpress.nibis.de\/gsneuhof\/files\/2024\/12\/IMG_9134-768x576.jpg 768w, https:\/\/wordpress.nibis.de\/gsneuhof\/files\/2024\/12\/IMG_9134-1536x1152.jpg 1536w, https:\/\/wordpress.nibis.de\/gsneuhof\/files\/2024\/12\/IMG_9134.jpg 1600w\" sizes=\"auto, (max-width: 800px) 100vw, 800px\" \/><\/figure>\n<\/figure>\n\n\n\n<figure class=\"wp-block-gallery has-nested-images columns-default is-cropped wp-block-gallery-2 is-layout-flex wp-block-gallery-is-layout-flex\">\n<figure class=\"wp-block-image size-large\"><img loading=\"lazy\" decoding=\"async\" width=\"1200\" height=\"1600\" data-id=\"6198\" src=\"https:\/\/wordpress.nibis.de\/gsneuhof\/files\/2024\/12\/IMG_9124-e1733400323152.jpg\" alt=\"\" class=\"wp-image-6198\" srcset=\"https:\/\/wordpress.nibis.de\/gsneuhof\/files\/2024\/12\/IMG_9124-e1733400323152.jpg 1200w, https:\/\/wordpress.nibis.de\/gsneuhof\/files\/2024\/12\/IMG_9124-e1733400323152-225x300.jpg 225w, https:\/\/wordpress.nibis.de\/gsneuhof\/files\/2024\/12\/IMG_9124-e1733400323152-450x600.jpg 450w, https:\/\/wordpress.nibis.de\/gsneuhof\/files\/2024\/12\/IMG_9124-e1733400323152-768x1024.jpg 768w, https:\/\/wordpress.nibis.de\/gsneuhof\/files\/2024\/12\/IMG_9124-e1733400323152-1152x1536.jpg 1152w\" sizes=\"auto, (max-width: 1200px) 100vw, 1200px\" \/><\/figure>\n\n\n\n<figure class=\"wp-block-image size-large\"><img loading=\"lazy\" decoding=\"async\" width=\"1200\" height=\"1600\" data-id=\"6200\" src=\"https:\/\/wordpress.nibis.de\/gsneuhof\/files\/2024\/12\/IMG_9133-e1733400283599.jpg\" alt=\"\" class=\"wp-image-6200\" srcset=\"https:\/\/wordpress.nibis.de\/gsneuhof\/files\/2024\/12\/IMG_9133-e1733400283599.jpg 1200w, https:\/\/wordpress.nibis.de\/gsneuhof\/files\/2024\/12\/IMG_9133-e1733400283599-225x300.jpg 225w, https:\/\/wordpress.nibis.de\/gsneuhof\/files\/2024\/12\/IMG_9133-e1733400283599-450x600.jpg 450w, https:\/\/wordpress.nibis.de\/gsneuhof\/files\/2024\/12\/IMG_9133-e1733400283599-768x1024.jpg 768w, https:\/\/wordpress.nibis.de\/gsneuhof\/files\/2024\/12\/IMG_9133-e1733400283599-1152x1536.jpg 1152w\" sizes=\"auto, (max-width: 1200px) 100vw, 1200px\" \/><\/figure>\n\n\n\n<figure class=\"wp-block-image size-large\"><img loading=\"lazy\" decoding=\"async\" width=\"1200\" height=\"1600\" data-id=\"6199\" src=\"https:\/\/wordpress.nibis.de\/gsneuhof\/files\/2024\/12\/IMG_9117-e1733400309496.jpg\" alt=\"\" class=\"wp-image-6199\" srcset=\"https:\/\/wordpress.nibis.de\/gsneuhof\/files\/2024\/12\/IMG_9117-e1733400309496.jpg 1200w, https:\/\/wordpress.nibis.de\/gsneuhof\/files\/2024\/12\/IMG_9117-e1733400309496-225x300.jpg 225w, https:\/\/wordpress.nibis.de\/gsneuhof\/files\/2024\/12\/IMG_9117-e1733400309496-450x600.jpg 450w, https:\/\/wordpress.nibis.de\/gsneuhof\/files\/2024\/12\/IMG_9117-e1733400309496-768x1024.jpg 768w, https:\/\/wordpress.nibis.de\/gsneuhof\/files\/2024\/12\/IMG_9117-e1733400309496-1152x1536.jpg 1152w\" sizes=\"auto, (max-width: 1200px) 100vw, 1200px\" \/><\/figure>\n<\/figure>\n\n\n\n<p>Text und Bild: Frau Zerlik<\/p>\n","protected":false},"excerpt":{"rendered":"<p>Ein gro\u00dfes Dankesch\u00f6n an den F\u00f6rderverein f\u00fcr die tolle Unterst\u00fctzung. Die Kinder der Lego AG sagen Dankesch\u00f6n. Sie haben sich riesig \u00fcber das neue Lego und die Kaplasteine gefreut. Jede Woche werden die Steine mit Feuereifer, Kreativit\u00e4t und Phantasie gemeinsam &hellip; <a href=\"https:\/\/wordpress.nibis.de\/gsneuhof\/vielen-dank\/\">Weiterlesen <span class=\"meta-nav\">&rarr;<\/span><\/a><\/p>\n","protected":false},"author":781,"featured_media":0,"parent":0,"menu_order":0,"comment_status":"closed","ping_status":"closed","template":"","meta":{"footnotes":""},"class_list":["post-6193","page","type-page","status-publish","hentry"],"_links":{"self":[{"href":"https:\/\/wordpress.nibis.de\/gsneuhof\/wp-json\/wp\/v2\/pages\/6193","targetHints":{"allow":["GET"]}}],"collection":[{"href":"https:\/\/wordpress.nibis.de\/gsneuhof\/wp-json\/wp\/v2\/pages"}],"about":[{"href":"https:\/\/wordpress.nibis.de\/gsneuhof\/wp-json\/wp\/v2\/types\/page"}],"author":[{"embeddable":true,"href":"https:\/\/wordpress.nibis.de\/gsneuhof\/wp-json\/wp\/v2\/users\/781"}],"replies":[{"embeddable":true,"href":"https:\/\/wordpress.nibis.de\/gsneuhof\/wp-json\/wp\/v2\/comments?post=6193"}],"version-history":[{"count":2,"href":"https:\/\/wordpress.nibis.de\/gsneuhof\/wp-json\/wp\/v2\/pages\/6193\/revisions"}],"predecessor-version":[{"id":6202,"href":"https:\/\/wordpress.nibis.de\/gsneuhof\/wp-json\/wp\/v2\/pages\/6193\/revisions\/6202"}],"wp:attachment":[{"href":"https:\/\/wordpress.nibis.de\/gsneuhof\/wp-json\/wp\/v2\/media?parent=6193"}],"curies":[{"name":"wp","href":"https:\/\/api.w.org\/{rel}","templated":true}]}}