{"id":6288,"date":"2025-05-27T13:47:23","date_gmt":"2025-05-27T11:47:23","guid":{"rendered":"https:\/\/wordpress.nibis.de\/gsneuhof\/?page_id=6288"},"modified":"2025-05-27T13:47:23","modified_gmt":"2025-05-27T11:47:23","slug":"fussballregeln","status":"publish","type":"page","link":"https:\/\/wordpress.nibis.de\/gsneuhof\/fussballregeln\/","title":{"rendered":"Fu\u00dfballregeln"},"content":{"rendered":"\n<p>Wenn Sie sich \u00fcber die Fu\u00dfballregeln an unserer Schule informieren m\u00f6chten, klicken Sie bitte auf den Link:<\/p>\n<p><a href=\"https:\/\/wordpress.nibis.de\/gsneuhof\/files\/2025\/05\/Fussballregeln.pdf\">Fu\u00dfballregeln<\/a><\/p>\n\n\n","protected":false},"excerpt":{"rendered":"<p>Wenn Sie sich \u00fcber die Fu\u00dfballregeln an unserer Schule informieren m\u00f6chten, klicken Sie bitte auf den Link: Fu\u00dfballregeln<\/p>\n","protected":false},"author":781,"featured_media":0,"parent":0,"menu_order":0,"comment_status":"closed","ping_status":"closed","template":"","meta":{"footnotes":""},"class_list":["post-6288","page","type-page","status-publish","hentry"],"_links":{"self":[{"href":"https:\/\/wordpress.nibis.de\/gsneuhof\/wp-json\/wp\/v2\/pages\/6288","targetHints":{"allow":["GET"]}}],"collection":[{"href":"https:\/\/wordpress.nibis.de\/gsneuhof\/wp-json\/wp\/v2\/pages"}],"about":[{"href":"https:\/\/wordpress.nibis.de\/gsneuhof\/wp-json\/wp\/v2\/types\/page"}],"author":[{"embeddable":true,"href":"https:\/\/wordpress.nibis.de\/gsneuhof\/wp-json\/wp\/v2\/users\/781"}],"replies":[{"embeddable":true,"href":"https:\/\/wordpress.nibis.de\/gsneuhof\/wp-json\/wp\/v2\/comments?post=6288"}],"version-history":[{"count":1,"href":"https:\/\/wordpress.nibis.de\/gsneuhof\/wp-json\/wp\/v2\/pages\/6288\/revisions"}],"predecessor-version":[{"id":6289,"href":"https:\/\/wordpress.nibis.de\/gsneuhof\/wp-json\/wp\/v2\/pages\/6288\/revisions\/6289"}],"wp:attachment":[{"href":"https:\/\/wordpress.nibis.de\/gsneuhof\/wp-json\/wp\/v2\/media?parent=6288"}],"curies":[{"name":"wp","href":"https:\/\/api.w.org\/{rel}","templated":true}]}}