{"id":6462,"date":"2025-08-27T16:42:27","date_gmt":"2025-08-27T14:42:27","guid":{"rendered":"https:\/\/wordpress.nibis.de\/gsneuhof\/?page_id=6462"},"modified":"2025-08-30T17:29:42","modified_gmt":"2025-08-30T15:29:42","slug":"sportabzeichen-tag","status":"publish","type":"page","link":"https:\/\/wordpress.nibis.de\/gsneuhof\/sportabzeichen-tag\/","title":{"rendered":"Sportliche  Tage im August 2025"},"content":{"rendered":"\n<p><strong>Tag 1: Mittwoch<\/strong><\/p>\n<p>Am 27.08.2025 war die ganze Schule auf dem Sportplatz auf der Marienburger H\u00f6he zum &#8222;Sportabzeichen- Tag&#8220;.<\/p>\n<p>Bei sommerlichen Temperaturen zeigten die Kinder viel Freude und waren sehr motiviert an den einzelnen Stationen. Es gab einige Pflichtstationen&nbsp; (Standweitsprung, Ausdauerlauf, Schnelligkeitslauf und Seilspringen) und einige Wahlstationen (Weitwurf, Weitsprung), an denen die einzelnen Kinder zeigen konnten, was in ihnen steckt.<\/p>\n<p>Zu Beginn haben wir uns im Kreis zur Musik warmgemacht, bevor es an die einzelnen Stationen ging.<\/p>\n<p>Vielen Dank an die zahlreichen Eltern, die uns an diesem Tag unterst\u00fctzt haben!&nbsp;<\/p>\n\n\n\n<figure class=\"wp-block-gallery has-nested-images columns-2 is-cropped wp-block-gallery-1 is-layout-flex wp-block-gallery-is-layout-flex\">\n<figure class=\"wp-block-image size-large\"><img loading=\"lazy\" decoding=\"async\" width=\"800\" height=\"600\" data-id=\"6467\" src=\"https:\/\/wordpress.nibis.de\/gsneuhof\/files\/2025\/08\/P1060774-800x600.jpg\" alt=\"\" class=\"wp-image-6467\" srcset=\"https:\/\/wordpress.nibis.de\/gsneuhof\/files\/2025\/08\/P1060774-800x600.jpg 800w, https:\/\/wordpress.nibis.de\/gsneuhof\/files\/2025\/08\/P1060774-300x225.jpg 300w, https:\/\/wordpress.nibis.de\/gsneuhof\/files\/2025\/08\/P1060774-768x576.jpg 768w, https:\/\/wordpress.nibis.de\/gsneuhof\/files\/2025\/08\/P1060774-1536x1152.jpg 1536w, https:\/\/wordpress.nibis.de\/gsneuhof\/files\/2025\/08\/P1060774.jpg 1600w\" sizes=\"auto, (max-width: 800px) 100vw, 800px\" \/><\/figure>\n\n\n\n<figure class=\"wp-block-image size-large\"><img loading=\"lazy\" decoding=\"async\" width=\"800\" height=\"600\" data-id=\"6468\" src=\"https:\/\/wordpress.nibis.de\/gsneuhof\/files\/2025\/08\/P1060778-800x600.jpg\" alt=\"\" class=\"wp-image-6468\" srcset=\"https:\/\/wordpress.nibis.de\/gsneuhof\/files\/2025\/08\/P1060778-800x600.jpg 800w, https:\/\/wordpress.nibis.de\/gsneuhof\/files\/2025\/08\/P1060778-300x225.jpg 300w, https:\/\/wordpress.nibis.de\/gsneuhof\/files\/2025\/08\/P1060778-768x576.jpg 768w, https:\/\/wordpress.nibis.de\/gsneuhof\/files\/2025\/08\/P1060778-1536x1152.jpg 1536w, https:\/\/wordpress.nibis.de\/gsneuhof\/files\/2025\/08\/P1060778.jpg 1600w\" sizes=\"auto, (max-width: 800px) 100vw, 800px\" \/><\/figure>\n\n\n\n<figure class=\"wp-block-image size-large\"><img loading=\"lazy\" decoding=\"async\" width=\"800\" height=\"600\" data-id=\"6463\" src=\"https:\/\/wordpress.nibis.de\/gsneuhof\/files\/2025\/08\/P1060779-800x600.jpg\" alt=\"\" class=\"wp-image-6463\" srcset=\"https:\/\/wordpress.nibis.de\/gsneuhof\/files\/2025\/08\/P1060779-800x600.jpg 800w, https:\/\/wordpress.nibis.de\/gsneuhof\/files\/2025\/08\/P1060779-300x225.jpg 300w, https:\/\/wordpress.nibis.de\/gsneuhof\/files\/2025\/08\/P1060779-768x576.jpg 768w, https:\/\/wordpress.nibis.de\/gsneuhof\/files\/2025\/08\/P1060779-1536x1152.jpg 1536w, https:\/\/wordpress.nibis.de\/gsneuhof\/files\/2025\/08\/P1060779.jpg 1600w\" sizes=\"auto, (max-width: 800px) 100vw, 800px\" \/><\/figure>\n\n\n\n<figure class=\"wp-block-image size-large\"><img loading=\"lazy\" decoding=\"async\" width=\"800\" height=\"600\" data-id=\"6464\" src=\"https:\/\/wordpress.nibis.de\/gsneuhof\/files\/2025\/08\/P1060781-800x600.jpg\" alt=\"\" class=\"wp-image-6464\" srcset=\"https:\/\/wordpress.nibis.de\/gsneuhof\/files\/2025\/08\/P1060781-800x600.jpg 800w, https:\/\/wordpress.nibis.de\/gsneuhof\/files\/2025\/08\/P1060781-300x225.jpg 300w, https:\/\/wordpress.nibis.de\/gsneuhof\/files\/2025\/08\/P1060781-768x576.jpg 768w, https:\/\/wordpress.nibis.de\/gsneuhof\/files\/2025\/08\/P1060781-1536x1152.jpg 1536w, https:\/\/wordpress.nibis.de\/gsneuhof\/files\/2025\/08\/P1060781.jpg 1600w\" sizes=\"auto, (max-width: 800px) 100vw, 800px\" \/><\/figure>\n\n\n\n<figure class=\"wp-block-image size-large\"><img loading=\"lazy\" decoding=\"async\" width=\"800\" height=\"600\" data-id=\"6465\" src=\"https:\/\/wordpress.nibis.de\/gsneuhof\/files\/2025\/08\/P1060787-800x600.jpg\" alt=\"\" class=\"wp-image-6465\" srcset=\"https:\/\/wordpress.nibis.de\/gsneuhof\/files\/2025\/08\/P1060787-800x600.jpg 800w, https:\/\/wordpress.nibis.de\/gsneuhof\/files\/2025\/08\/P1060787-300x225.jpg 300w, https:\/\/wordpress.nibis.de\/gsneuhof\/files\/2025\/08\/P1060787-768x576.jpg 768w, https:\/\/wordpress.nibis.de\/gsneuhof\/files\/2025\/08\/P1060787-1536x1152.jpg 1536w, https:\/\/wordpress.nibis.de\/gsneuhof\/files\/2025\/08\/P1060787.jpg 1600w\" sizes=\"auto, (max-width: 800px) 100vw, 800px\" \/><\/figure>\n\n\n\n<figure class=\"wp-block-image size-large\"><img loading=\"lazy\" decoding=\"async\" width=\"800\" height=\"600\" data-id=\"6466\" src=\"https:\/\/wordpress.nibis.de\/gsneuhof\/files\/2025\/08\/P1060788-800x600.jpg\" alt=\"\" class=\"wp-image-6466\" srcset=\"https:\/\/wordpress.nibis.de\/gsneuhof\/files\/2025\/08\/P1060788-800x600.jpg 800w, https:\/\/wordpress.nibis.de\/gsneuhof\/files\/2025\/08\/P1060788-300x225.jpg 300w, https:\/\/wordpress.nibis.de\/gsneuhof\/files\/2025\/08\/P1060788-768x576.jpg 768w, https:\/\/wordpress.nibis.de\/gsneuhof\/files\/2025\/08\/P1060788-1536x1152.jpg 1536w, https:\/\/wordpress.nibis.de\/gsneuhof\/files\/2025\/08\/P1060788.jpg 1600w\" sizes=\"auto, (max-width: 800px) 100vw, 800px\" \/><\/figure>\n<\/figure>\n\n\n\n<p>Es war ein sch\u00f6ner, sportlicher und sehr erfolgreicher Sporttag.<\/p>\n<p><strong>Tag 2: Donnerstag<\/strong><\/p>\n<p>Leider mussten wir heute den geplanten Schwimmtag in der Jowiese aufgrund des Wetters ausfallen lassen. Stattdessen gab es einen sportlichen Parcours in der Turnhalle, den Frau Haberlach betreute und Aktionen auf dem Schulhof.<\/p>\n\n\n\n<figure class=\"wp-block-gallery has-nested-images columns-2 is-cropped wp-block-gallery-2 is-layout-flex wp-block-gallery-is-layout-flex\">\n<figure class=\"wp-block-image size-large\"><img loading=\"lazy\" decoding=\"async\" width=\"800\" height=\"600\" data-id=\"6478\" src=\"https:\/\/wordpress.nibis.de\/gsneuhof\/files\/2025\/08\/IMG_0179-800x600.jpg\" alt=\"\" class=\"wp-image-6478\" srcset=\"https:\/\/wordpress.nibis.de\/gsneuhof\/files\/2025\/08\/IMG_0179-800x600.jpg 800w, https:\/\/wordpress.nibis.de\/gsneuhof\/files\/2025\/08\/IMG_0179-300x225.jpg 300w, https:\/\/wordpress.nibis.de\/gsneuhof\/files\/2025\/08\/IMG_0179-768x576.jpg 768w, https:\/\/wordpress.nibis.de\/gsneuhof\/files\/2025\/08\/IMG_0179-1536x1152.jpg 1536w, https:\/\/wordpress.nibis.de\/gsneuhof\/files\/2025\/08\/IMG_0179.jpg 1600w\" sizes=\"auto, (max-width: 800px) 100vw, 800px\" \/><\/figure>\n\n\n\n<figure class=\"wp-block-image size-large\"><img loading=\"lazy\" decoding=\"async\" width=\"800\" height=\"600\" data-id=\"6477\" src=\"https:\/\/wordpress.nibis.de\/gsneuhof\/files\/2025\/08\/IMG_0180-800x600.jpg\" alt=\"\" class=\"wp-image-6477\" srcset=\"https:\/\/wordpress.nibis.de\/gsneuhof\/files\/2025\/08\/IMG_0180-800x600.jpg 800w, https:\/\/wordpress.nibis.de\/gsneuhof\/files\/2025\/08\/IMG_0180-300x225.jpg 300w, https:\/\/wordpress.nibis.de\/gsneuhof\/files\/2025\/08\/IMG_0180-768x576.jpg 768w, https:\/\/wordpress.nibis.de\/gsneuhof\/files\/2025\/08\/IMG_0180-1536x1152.jpg 1536w, https:\/\/wordpress.nibis.de\/gsneuhof\/files\/2025\/08\/IMG_0180.jpg 1600w\" sizes=\"auto, (max-width: 800px) 100vw, 800px\" \/><\/figure>\n\n\n\n<figure class=\"wp-block-image size-large\"><img loading=\"lazy\" decoding=\"async\" width=\"800\" height=\"600\" data-id=\"6476\" src=\"https:\/\/wordpress.nibis.de\/gsneuhof\/files\/2025\/08\/IMG_0181-800x600.jpg\" alt=\"\" class=\"wp-image-6476\" srcset=\"https:\/\/wordpress.nibis.de\/gsneuhof\/files\/2025\/08\/IMG_0181-800x600.jpg 800w, https:\/\/wordpress.nibis.de\/gsneuhof\/files\/2025\/08\/IMG_0181-300x225.jpg 300w, https:\/\/wordpress.nibis.de\/gsneuhof\/files\/2025\/08\/IMG_0181-768x576.jpg 768w, https:\/\/wordpress.nibis.de\/gsneuhof\/files\/2025\/08\/IMG_0181-1536x1152.jpg 1536w, https:\/\/wordpress.nibis.de\/gsneuhof\/files\/2025\/08\/IMG_0181.jpg 1600w\" sizes=\"auto, (max-width: 800px) 100vw, 800px\" \/><\/figure>\n\n\n\n<figure class=\"wp-block-image size-large\"><img loading=\"lazy\" decoding=\"async\" width=\"800\" height=\"600\" data-id=\"6479\" src=\"https:\/\/wordpress.nibis.de\/gsneuhof\/files\/2025\/08\/IMG_0182-800x600.jpg\" alt=\"\" class=\"wp-image-6479\" srcset=\"https:\/\/wordpress.nibis.de\/gsneuhof\/files\/2025\/08\/IMG_0182-800x600.jpg 800w, https:\/\/wordpress.nibis.de\/gsneuhof\/files\/2025\/08\/IMG_0182-300x225.jpg 300w, https:\/\/wordpress.nibis.de\/gsneuhof\/files\/2025\/08\/IMG_0182-768x576.jpg 768w, https:\/\/wordpress.nibis.de\/gsneuhof\/files\/2025\/08\/IMG_0182-1536x1152.jpg 1536w, https:\/\/wordpress.nibis.de\/gsneuhof\/files\/2025\/08\/IMG_0182.jpg 1600w\" sizes=\"auto, (max-width: 800px) 100vw, 800px\" \/><\/figure>\n<\/figure>\n\n\n\n<figure class=\"wp-block-gallery has-nested-images columns-2 is-cropped wp-block-gallery-3 is-layout-flex wp-block-gallery-is-layout-flex\">\n<figure class=\"wp-block-image size-large\"><img loading=\"lazy\" decoding=\"async\" width=\"2560\" height=\"1920\" data-id=\"6489\" src=\"https:\/\/wordpress.nibis.de\/gsneuhof\/files\/2025\/08\/IMG_0026-scaled.jpeg\" alt=\"\" class=\"wp-image-6489\" srcset=\"https:\/\/wordpress.nibis.de\/gsneuhof\/files\/2025\/08\/IMG_0026-scaled.jpeg 2560w, https:\/\/wordpress.nibis.de\/gsneuhof\/files\/2025\/08\/IMG_0026-300x225.jpeg 300w, https:\/\/wordpress.nibis.de\/gsneuhof\/files\/2025\/08\/IMG_0026-800x600.jpeg 800w, https:\/\/wordpress.nibis.de\/gsneuhof\/files\/2025\/08\/IMG_0026-768x576.jpeg 768w, https:\/\/wordpress.nibis.de\/gsneuhof\/files\/2025\/08\/IMG_0026-1536x1152.jpeg 1536w, https:\/\/wordpress.nibis.de\/gsneuhof\/files\/2025\/08\/IMG_0026-2048x1536.jpeg 2048w\" sizes=\"auto, (max-width: 2560px) 100vw, 2560px\" \/><\/figure>\n\n\n\n<figure class=\"wp-block-image size-large\"><img loading=\"lazy\" decoding=\"async\" width=\"2560\" height=\"1920\" data-id=\"6488\" src=\"https:\/\/wordpress.nibis.de\/gsneuhof\/files\/2025\/08\/IMG_0032-scaled.jpeg\" alt=\"\" class=\"wp-image-6488\" srcset=\"https:\/\/wordpress.nibis.de\/gsneuhof\/files\/2025\/08\/IMG_0032-scaled.jpeg 2560w, https:\/\/wordpress.nibis.de\/gsneuhof\/files\/2025\/08\/IMG_0032-300x225.jpeg 300w, https:\/\/wordpress.nibis.de\/gsneuhof\/files\/2025\/08\/IMG_0032-800x600.jpeg 800w, https:\/\/wordpress.nibis.de\/gsneuhof\/files\/2025\/08\/IMG_0032-768x576.jpeg 768w, https:\/\/wordpress.nibis.de\/gsneuhof\/files\/2025\/08\/IMG_0032-1536x1152.jpeg 1536w, https:\/\/wordpress.nibis.de\/gsneuhof\/files\/2025\/08\/IMG_0032-2048x1536.jpeg 2048w\" sizes=\"auto, (max-width: 2560px) 100vw, 2560px\" \/><\/figure>\n\n\n\n<figure class=\"wp-block-image size-large\"><img loading=\"lazy\" decoding=\"async\" width=\"2560\" height=\"1920\" data-id=\"6490\" src=\"https:\/\/wordpress.nibis.de\/gsneuhof\/files\/2025\/08\/IMG_0029-scaled.jpeg\" alt=\"\" class=\"wp-image-6490\" srcset=\"https:\/\/wordpress.nibis.de\/gsneuhof\/files\/2025\/08\/IMG_0029-scaled.jpeg 2560w, https:\/\/wordpress.nibis.de\/gsneuhof\/files\/2025\/08\/IMG_0029-300x225.jpeg 300w, https:\/\/wordpress.nibis.de\/gsneuhof\/files\/2025\/08\/IMG_0029-800x600.jpeg 800w, https:\/\/wordpress.nibis.de\/gsneuhof\/files\/2025\/08\/IMG_0029-768x576.jpeg 768w, https:\/\/wordpress.nibis.de\/gsneuhof\/files\/2025\/08\/IMG_0029-1536x1152.jpeg 1536w, https:\/\/wordpress.nibis.de\/gsneuhof\/files\/2025\/08\/IMG_0029-2048x1536.jpeg 2048w\" sizes=\"auto, (max-width: 2560px) 100vw, 2560px\" \/><\/figure>\n\n\n\n<figure class=\"wp-block-image size-large\"><img loading=\"lazy\" decoding=\"async\" width=\"1600\" height=\"1200\" data-id=\"6506\" src=\"https:\/\/wordpress.nibis.de\/gsneuhof\/files\/2025\/08\/IMG_9655.jpg\" alt=\"\" class=\"wp-image-6506\" srcset=\"https:\/\/wordpress.nibis.de\/gsneuhof\/files\/2025\/08\/IMG_9655.jpg 1600w, https:\/\/wordpress.nibis.de\/gsneuhof\/files\/2025\/08\/IMG_9655-300x225.jpg 300w, https:\/\/wordpress.nibis.de\/gsneuhof\/files\/2025\/08\/IMG_9655-800x600.jpg 800w, https:\/\/wordpress.nibis.de\/gsneuhof\/files\/2025\/08\/IMG_9655-768x576.jpg 768w, https:\/\/wordpress.nibis.de\/gsneuhof\/files\/2025\/08\/IMG_9655-1536x1152.jpg 1536w\" sizes=\"auto, (max-width: 1600px) 100vw, 1600px\" \/><\/figure>\n\n\n\n<figure class=\"wp-block-image size-large\"><img loading=\"lazy\" decoding=\"async\" width=\"1200\" height=\"1600\" data-id=\"6508\" src=\"https:\/\/wordpress.nibis.de\/gsneuhof\/files\/2025\/08\/IMG_9656-e1756566924881.jpg\" alt=\"\" class=\"wp-image-6508\" srcset=\"https:\/\/wordpress.nibis.de\/gsneuhof\/files\/2025\/08\/IMG_9656-e1756566924881.jpg 1200w, https:\/\/wordpress.nibis.de\/gsneuhof\/files\/2025\/08\/IMG_9656-e1756566924881-225x300.jpg 225w, https:\/\/wordpress.nibis.de\/gsneuhof\/files\/2025\/08\/IMG_9656-e1756566924881-450x600.jpg 450w, https:\/\/wordpress.nibis.de\/gsneuhof\/files\/2025\/08\/IMG_9656-e1756566924881-768x1024.jpg 768w, https:\/\/wordpress.nibis.de\/gsneuhof\/files\/2025\/08\/IMG_9656-e1756566924881-1152x1536.jpg 1152w\" sizes=\"auto, (max-width: 1200px) 100vw, 1200px\" \/><\/figure>\n\n\n\n<figure class=\"wp-block-image size-large\"><img loading=\"lazy\" decoding=\"async\" width=\"1200\" height=\"1600\" data-id=\"6509\" src=\"https:\/\/wordpress.nibis.de\/gsneuhof\/files\/2025\/08\/IMG_9658-e1756566942789.jpg\" alt=\"\" class=\"wp-image-6509\" srcset=\"https:\/\/wordpress.nibis.de\/gsneuhof\/files\/2025\/08\/IMG_9658-e1756566942789.jpg 1200w, https:\/\/wordpress.nibis.de\/gsneuhof\/files\/2025\/08\/IMG_9658-e1756566942789-225x300.jpg 225w, https:\/\/wordpress.nibis.de\/gsneuhof\/files\/2025\/08\/IMG_9658-e1756566942789-450x600.jpg 450w, https:\/\/wordpress.nibis.de\/gsneuhof\/files\/2025\/08\/IMG_9658-e1756566942789-768x1024.jpg 768w, https:\/\/wordpress.nibis.de\/gsneuhof\/files\/2025\/08\/IMG_9658-e1756566942789-1152x1536.jpg 1152w\" sizes=\"auto, (max-width: 1200px) 100vw, 1200px\" \/><\/figure>\n<\/figure>\n\n\n\n<p>Die Klassen hatten viel Spa\u00df in der Turnhalle.<\/p>\n<p><strong>Tag 3: Gesundes Fr\u00fchst\u00fcck und Waldtag<\/strong><\/p>\n<p>Am 3. Aktionstag hab es ein leckeres gesundes Fr\u00fchst\u00fcck, das wir in den Klassen genossen haben. Vielen Dank an die Eltern und Frau Pahlke f\u00fcr die liebevolle Vorbereitung.<\/p>\n\n\n\n<figure class=\"wp-block-gallery has-nested-images columns-2 is-cropped wp-block-gallery-4 is-layout-flex wp-block-gallery-is-layout-flex\">\n<figure class=\"wp-block-image size-large\"><img loading=\"lazy\" decoding=\"async\" width=\"2560\" height=\"1920\" data-id=\"6497\" src=\"https:\/\/wordpress.nibis.de\/gsneuhof\/files\/2025\/08\/P1060797-scaled.jpg\" alt=\"\" class=\"wp-image-6497\" srcset=\"https:\/\/wordpress.nibis.de\/gsneuhof\/files\/2025\/08\/P1060797-scaled.jpg 2560w, https:\/\/wordpress.nibis.de\/gsneuhof\/files\/2025\/08\/P1060797-300x225.jpg 300w, https:\/\/wordpress.nibis.de\/gsneuhof\/files\/2025\/08\/P1060797-800x600.jpg 800w, https:\/\/wordpress.nibis.de\/gsneuhof\/files\/2025\/08\/P1060797-768x576.jpg 768w, https:\/\/wordpress.nibis.de\/gsneuhof\/files\/2025\/08\/P1060797-1536x1152.jpg 1536w, https:\/\/wordpress.nibis.de\/gsneuhof\/files\/2025\/08\/P1060797-2048x1536.jpg 2048w\" sizes=\"auto, (max-width: 2560px) 100vw, 2560px\" \/><\/figure>\n\n\n\n<figure class=\"wp-block-image size-large\"><img loading=\"lazy\" decoding=\"async\" width=\"2560\" height=\"1920\" data-id=\"6496\" src=\"https:\/\/wordpress.nibis.de\/gsneuhof\/files\/2025\/08\/IMG_0035-scaled.jpeg\" alt=\"\" class=\"wp-image-6496\" srcset=\"https:\/\/wordpress.nibis.de\/gsneuhof\/files\/2025\/08\/IMG_0035-scaled.jpeg 2560w, https:\/\/wordpress.nibis.de\/gsneuhof\/files\/2025\/08\/IMG_0035-300x225.jpeg 300w, https:\/\/wordpress.nibis.de\/gsneuhof\/files\/2025\/08\/IMG_0035-800x600.jpeg 800w, https:\/\/wordpress.nibis.de\/gsneuhof\/files\/2025\/08\/IMG_0035-768x576.jpeg 768w, https:\/\/wordpress.nibis.de\/gsneuhof\/files\/2025\/08\/IMG_0035-1536x1152.jpeg 1536w, https:\/\/wordpress.nibis.de\/gsneuhof\/files\/2025\/08\/IMG_0035-2048x1536.jpeg 2048w\" sizes=\"auto, (max-width: 2560px) 100vw, 2560px\" \/><\/figure>\n\n\n\n<figure class=\"wp-block-image size-large\"><img loading=\"lazy\" decoding=\"async\" width=\"2560\" height=\"1920\" data-id=\"6495\" src=\"https:\/\/wordpress.nibis.de\/gsneuhof\/files\/2025\/08\/IMG_0036-scaled.jpeg\" alt=\"\" class=\"wp-image-6495\" srcset=\"https:\/\/wordpress.nibis.de\/gsneuhof\/files\/2025\/08\/IMG_0036-scaled.jpeg 2560w, https:\/\/wordpress.nibis.de\/gsneuhof\/files\/2025\/08\/IMG_0036-300x225.jpeg 300w, https:\/\/wordpress.nibis.de\/gsneuhof\/files\/2025\/08\/IMG_0036-800x600.jpeg 800w, https:\/\/wordpress.nibis.de\/gsneuhof\/files\/2025\/08\/IMG_0036-768x576.jpeg 768w, https:\/\/wordpress.nibis.de\/gsneuhof\/files\/2025\/08\/IMG_0036-1536x1152.jpeg 1536w, https:\/\/wordpress.nibis.de\/gsneuhof\/files\/2025\/08\/IMG_0036-2048x1536.jpeg 2048w\" sizes=\"auto, (max-width: 2560px) 100vw, 2560px\" \/><\/figure>\n\n\n\n<figure class=\"wp-block-image size-large\"><img loading=\"lazy\" decoding=\"async\" width=\"2560\" height=\"1920\" data-id=\"6494\" src=\"https:\/\/wordpress.nibis.de\/gsneuhof\/files\/2025\/08\/IMG_0034-scaled.jpeg\" alt=\"\" class=\"wp-image-6494\" srcset=\"https:\/\/wordpress.nibis.de\/gsneuhof\/files\/2025\/08\/IMG_0034-scaled.jpeg 2560w, https:\/\/wordpress.nibis.de\/gsneuhof\/files\/2025\/08\/IMG_0034-300x225.jpeg 300w, https:\/\/wordpress.nibis.de\/gsneuhof\/files\/2025\/08\/IMG_0034-800x600.jpeg 800w, https:\/\/wordpress.nibis.de\/gsneuhof\/files\/2025\/08\/IMG_0034-768x576.jpeg 768w, https:\/\/wordpress.nibis.de\/gsneuhof\/files\/2025\/08\/IMG_0034-1536x1152.jpeg 1536w, https:\/\/wordpress.nibis.de\/gsneuhof\/files\/2025\/08\/IMG_0034-2048x1536.jpeg 2048w\" sizes=\"auto, (max-width: 2560px) 100vw, 2560px\" \/><\/figure>\n<\/figure>\n\n\n\n<p>Au\u00dferdem war auch eine Waldaktion vorgesehen.<\/p>\n<p>Eine Klasse ist vor dem Fr\u00fchst\u00fcck in den Wald gegangen, die meisten haben sich aber erst kr\u00e4ftig gest\u00e4rkt und haben danach einen Waldspaziergang\u00a0 gemacht. Dabei wurden viele Sch\u00e4tze gesammelt, Blindschleichen bewundert und die sch\u00f6ne Natur betrachtet.\u00a0<\/p>\n<p>Das Wetter hat auch (fast) die ganze Zeit mitgespielt. Zum Schluss kam sogar die Sonne raus.<\/p>\n\n\n\n<figure class=\"wp-block-gallery has-nested-images columns-2 is-cropped wp-block-gallery-5 is-layout-flex wp-block-gallery-is-layout-flex\">\n<figure class=\"wp-block-image size-large\"><img loading=\"lazy\" decoding=\"async\" width=\"2560\" height=\"1920\" data-id=\"6498\" src=\"https:\/\/wordpress.nibis.de\/gsneuhof\/files\/2025\/08\/IMG_0038-scaled.jpeg\" alt=\"\" class=\"wp-image-6498\" srcset=\"https:\/\/wordpress.nibis.de\/gsneuhof\/files\/2025\/08\/IMG_0038-scaled.jpeg 2560w, https:\/\/wordpress.nibis.de\/gsneuhof\/files\/2025\/08\/IMG_0038-300x225.jpeg 300w, https:\/\/wordpress.nibis.de\/gsneuhof\/files\/2025\/08\/IMG_0038-800x600.jpeg 800w, https:\/\/wordpress.nibis.de\/gsneuhof\/files\/2025\/08\/IMG_0038-768x576.jpeg 768w, https:\/\/wordpress.nibis.de\/gsneuhof\/files\/2025\/08\/IMG_0038-1536x1152.jpeg 1536w, https:\/\/wordpress.nibis.de\/gsneuhof\/files\/2025\/08\/IMG_0038-2048x1536.jpeg 2048w\" sizes=\"auto, (max-width: 2560px) 100vw, 2560px\" \/><\/figure>\n\n\n\n<figure class=\"wp-block-image size-large\"><img loading=\"lazy\" decoding=\"async\" width=\"2560\" height=\"1920\" data-id=\"6499\" src=\"https:\/\/wordpress.nibis.de\/gsneuhof\/files\/2025\/08\/IMG_0039-scaled.jpeg\" alt=\"\" class=\"wp-image-6499\" srcset=\"https:\/\/wordpress.nibis.de\/gsneuhof\/files\/2025\/08\/IMG_0039-scaled.jpeg 2560w, https:\/\/wordpress.nibis.de\/gsneuhof\/files\/2025\/08\/IMG_0039-300x225.jpeg 300w, https:\/\/wordpress.nibis.de\/gsneuhof\/files\/2025\/08\/IMG_0039-800x600.jpeg 800w, https:\/\/wordpress.nibis.de\/gsneuhof\/files\/2025\/08\/IMG_0039-768x576.jpeg 768w, https:\/\/wordpress.nibis.de\/gsneuhof\/files\/2025\/08\/IMG_0039-1536x1152.jpeg 1536w, https:\/\/wordpress.nibis.de\/gsneuhof\/files\/2025\/08\/IMG_0039-2048x1536.jpeg 2048w\" sizes=\"auto, (max-width: 2560px) 100vw, 2560px\" \/><\/figure>\n\n\n\n<figure class=\"wp-block-image size-large\"><img loading=\"lazy\" decoding=\"async\" width=\"1200\" height=\"1600\" data-id=\"6500\" src=\"https:\/\/wordpress.nibis.de\/gsneuhof\/files\/2025\/08\/P1060819-rotated.jpg\" alt=\"\" class=\"wp-image-6500\" srcset=\"https:\/\/wordpress.nibis.de\/gsneuhof\/files\/2025\/08\/P1060819-rotated.jpg 1200w, https:\/\/wordpress.nibis.de\/gsneuhof\/files\/2025\/08\/P1060819-225x300.jpg 225w, https:\/\/wordpress.nibis.de\/gsneuhof\/files\/2025\/08\/P1060819-450x600.jpg 450w, https:\/\/wordpress.nibis.de\/gsneuhof\/files\/2025\/08\/P1060819-768x1024.jpg 768w, https:\/\/wordpress.nibis.de\/gsneuhof\/files\/2025\/08\/P1060819-1152x1536.jpg 1152w\" sizes=\"auto, (max-width: 1200px) 100vw, 1200px\" \/><\/figure>\n\n\n\n<figure class=\"wp-block-image size-large\"><img loading=\"lazy\" decoding=\"async\" width=\"1200\" height=\"1600\" data-id=\"6501\" src=\"https:\/\/wordpress.nibis.de\/gsneuhof\/files\/2025\/08\/P1060817-rotated.jpg\" alt=\"\" class=\"wp-image-6501\" srcset=\"https:\/\/wordpress.nibis.de\/gsneuhof\/files\/2025\/08\/P1060817-rotated.jpg 1200w, https:\/\/wordpress.nibis.de\/gsneuhof\/files\/2025\/08\/P1060817-225x300.jpg 225w, https:\/\/wordpress.nibis.de\/gsneuhof\/files\/2025\/08\/P1060817-450x600.jpg 450w, https:\/\/wordpress.nibis.de\/gsneuhof\/files\/2025\/08\/P1060817-768x1024.jpg 768w, https:\/\/wordpress.nibis.de\/gsneuhof\/files\/2025\/08\/P1060817-1152x1536.jpg 1152w\" sizes=\"auto, (max-width: 1200px) 100vw, 1200px\" \/><\/figure>\n\n\n\n<figure class=\"wp-block-image size-large\"><img loading=\"lazy\" decoding=\"async\" width=\"1600\" height=\"1200\" data-id=\"6502\" src=\"https:\/\/wordpress.nibis.de\/gsneuhof\/files\/2025\/08\/P1060809.jpg\" alt=\"\" class=\"wp-image-6502\" srcset=\"https:\/\/wordpress.nibis.de\/gsneuhof\/files\/2025\/08\/P1060809.jpg 1600w, https:\/\/wordpress.nibis.de\/gsneuhof\/files\/2025\/08\/P1060809-300x225.jpg 300w, https:\/\/wordpress.nibis.de\/gsneuhof\/files\/2025\/08\/P1060809-800x600.jpg 800w, https:\/\/wordpress.nibis.de\/gsneuhof\/files\/2025\/08\/P1060809-768x576.jpg 768w, https:\/\/wordpress.nibis.de\/gsneuhof\/files\/2025\/08\/P1060809-1536x1152.jpg 1536w\" sizes=\"auto, (max-width: 1600px) 100vw, 1600px\" \/><\/figure>\n\n\n\n<figure class=\"wp-block-image size-large\"><img loading=\"lazy\" decoding=\"async\" width=\"1600\" height=\"1200\" data-id=\"6503\" src=\"https:\/\/wordpress.nibis.de\/gsneuhof\/files\/2025\/08\/P1060815.jpg\" alt=\"\" class=\"wp-image-6503\" srcset=\"https:\/\/wordpress.nibis.de\/gsneuhof\/files\/2025\/08\/P1060815.jpg 1600w, https:\/\/wordpress.nibis.de\/gsneuhof\/files\/2025\/08\/P1060815-300x225.jpg 300w, https:\/\/wordpress.nibis.de\/gsneuhof\/files\/2025\/08\/P1060815-800x600.jpg 800w, https:\/\/wordpress.nibis.de\/gsneuhof\/files\/2025\/08\/P1060815-768x576.jpg 768w, https:\/\/wordpress.nibis.de\/gsneuhof\/files\/2025\/08\/P1060815-1536x1152.jpg 1536w\" sizes=\"auto, (max-width: 1600px) 100vw, 1600px\" \/><\/figure>\n<\/figure>\n\n\n\n<p>Text: Frau Kunold<\/p>\n<p>Bilder: Frau Kunold, Frau Zellmann, Frau Engelke, Frau Henning<\/p>\n","protected":false},"excerpt":{"rendered":"<p>Tag 1: Mittwoch Am 27.08.2025 war die ganze Schule auf dem Sportplatz auf der Marienburger H\u00f6he zum &#8222;Sportabzeichen- Tag&#8220;. Bei sommerlichen Temperaturen zeigten die Kinder viel Freude und waren sehr motiviert an den einzelnen Stationen. Es gab einige Pflichtstationen&nbsp; (Standweitsprung, &hellip; <a href=\"https:\/\/wordpress.nibis.de\/gsneuhof\/sportabzeichen-tag\/\">Weiterlesen <span class=\"meta-nav\">&rarr;<\/span><\/a><\/p>\n","protected":false},"author":781,"featured_media":0,"parent":0,"menu_order":0,"comment_status":"closed","ping_status":"closed","template":"","meta":{"footnotes":""},"class_list":["post-6462","page","type-page","status-publish","hentry"],"_links":{"self":[{"href":"https:\/\/wordpress.nibis.de\/gsneuhof\/wp-json\/wp\/v2\/pages\/6462","targetHints":{"allow":["GET"]}}],"collection":[{"href":"https:\/\/wordpress.nibis.de\/gsneuhof\/wp-json\/wp\/v2\/pages"}],"about":[{"href":"https:\/\/wordpress.nibis.de\/gsneuhof\/wp-json\/wp\/v2\/types\/page"}],"author":[{"embeddable":true,"href":"https:\/\/wordpress.nibis.de\/gsneuhof\/wp-json\/wp\/v2\/users\/781"}],"replies":[{"embeddable":true,"href":"https:\/\/wordpress.nibis.de\/gsneuhof\/wp-json\/wp\/v2\/comments?post=6462"}],"version-history":[{"count":11,"href":"https:\/\/wordpress.nibis.de\/gsneuhof\/wp-json\/wp\/v2\/pages\/6462\/revisions"}],"predecessor-version":[{"id":6512,"href":"https:\/\/wordpress.nibis.de\/gsneuhof\/wp-json\/wp\/v2\/pages\/6462\/revisions\/6512"}],"wp:attachment":[{"href":"https:\/\/wordpress.nibis.de\/gsneuhof\/wp-json\/wp\/v2\/media?parent=6462"}],"curies":[{"name":"wp","href":"https:\/\/api.w.org\/{rel}","templated":true}]}}