{"id":6536,"date":"2025-09-25T08:31:06","date_gmt":"2025-09-25T06:31:06","guid":{"rendered":"https:\/\/wordpress.nibis.de\/gsneuhof\/?page_id=6536"},"modified":"2025-09-25T08:31:26","modified_gmt":"2025-09-25T06:31:26","slug":"rollbrettfuehrerschein","status":"publish","type":"page","link":"https:\/\/wordpress.nibis.de\/gsneuhof\/rollbrettfuehrerschein\/","title":{"rendered":"Rollbrettf\u00fchrerschein"},"content":{"rendered":"\n<p>Heute war eine aufregende Sportstunde f\u00fcr unsere Zweitkl\u00e4ssler: Sie haben erfolgreich ihren Rollbrettf\u00fchrerschein bestanden!<\/p>\n<p>In den vergangenen Wochen wurde flei\u00dfig ge\u00fcbt \u2013 vom sicheren Fahren \u00fcber das Bremsen bis hin zu spannenden Parcours. Auch das gemeinsame Fahren im Team stand auf dem Programm. Schritt f\u00fcr Schritt haben die Kinder dabei ihre Geschicklichkeit und ihr Vertrauen auf dem Rollbrett verbessert.<\/p>\n<p>Heute war dann die gro\u00dfe Pr\u00fcfung. Jeder durfte zeigen, was er gelernt hat \u2013 und alle haben mit viel Freude und Begeisterung bestanden. Der Stolz in den Gesichtern war gro\u00df, und die Freude \u00fcber das gemeinsame Erlebnis noch gr\u00f6\u00dfer.<\/p>\n<p>Herzlichen Gl\u00fcckwunsch an alle frisch gebackenen Rollbrettfahrerinnen und -fahrer!<\/p>\n<p>\u00a0<\/p>\n\n\n\n<figure class=\"wp-block-gallery has-nested-images columns-2 is-cropped wp-block-gallery-1 is-layout-flex wp-block-gallery-is-layout-flex\">\n<figure class=\"wp-block-image size-large\"><img loading=\"lazy\" decoding=\"async\" width=\"450\" height=\"600\" data-id=\"6537\" src=\"https:\/\/wordpress.nibis.de\/gsneuhof\/files\/2025\/09\/IMG_0016-450x600.jpeg\" alt=\"\" class=\"wp-image-6537\" srcset=\"https:\/\/wordpress.nibis.de\/gsneuhof\/files\/2025\/09\/IMG_0016-450x600.jpeg 450w, https:\/\/wordpress.nibis.de\/gsneuhof\/files\/2025\/09\/IMG_0016-225x300.jpeg 225w, https:\/\/wordpress.nibis.de\/gsneuhof\/files\/2025\/09\/IMG_0016-768x1024.jpeg 768w, https:\/\/wordpress.nibis.de\/gsneuhof\/files\/2025\/09\/IMG_0016-1152x1536.jpeg 1152w, https:\/\/wordpress.nibis.de\/gsneuhof\/files\/2025\/09\/IMG_0016-1536x2048.jpeg 1536w, https:\/\/wordpress.nibis.de\/gsneuhof\/files\/2025\/09\/IMG_0016-scaled.jpeg 1920w\" sizes=\"auto, (max-width: 450px) 100vw, 450px\" \/><\/figure>\n\n\n\n<figure class=\"wp-block-image size-large\"><img loading=\"lazy\" decoding=\"async\" width=\"450\" height=\"600\" data-id=\"6542\" src=\"https:\/\/wordpress.nibis.de\/gsneuhof\/files\/2025\/09\/IMG_0031-450x600.jpeg\" alt=\"\" class=\"wp-image-6542\" srcset=\"https:\/\/wordpress.nibis.de\/gsneuhof\/files\/2025\/09\/IMG_0031-450x600.jpeg 450w, https:\/\/wordpress.nibis.de\/gsneuhof\/files\/2025\/09\/IMG_0031-225x300.jpeg 225w, https:\/\/wordpress.nibis.de\/gsneuhof\/files\/2025\/09\/IMG_0031-768x1024.jpeg 768w, https:\/\/wordpress.nibis.de\/gsneuhof\/files\/2025\/09\/IMG_0031-1152x1536.jpeg 1152w, https:\/\/wordpress.nibis.de\/gsneuhof\/files\/2025\/09\/IMG_0031-1536x2048.jpeg 1536w, https:\/\/wordpress.nibis.de\/gsneuhof\/files\/2025\/09\/IMG_0031-scaled.jpeg 1920w\" sizes=\"auto, (max-width: 450px) 100vw, 450px\" \/><\/figure>\n\n\n\n<figure class=\"wp-block-image size-large\"><img loading=\"lazy\" decoding=\"async\" width=\"450\" height=\"600\" data-id=\"6538\" src=\"https:\/\/wordpress.nibis.de\/gsneuhof\/files\/2025\/09\/IMG_0036-veraendert-450x600.jpg\" alt=\"\" class=\"wp-image-6538\" srcset=\"https:\/\/wordpress.nibis.de\/gsneuhof\/files\/2025\/09\/IMG_0036-veraendert-450x600.jpg 450w, https:\/\/wordpress.nibis.de\/gsneuhof\/files\/2025\/09\/IMG_0036-veraendert-225x300.jpg 225w, https:\/\/wordpress.nibis.de\/gsneuhof\/files\/2025\/09\/IMG_0036-veraendert-768x1024.jpg 768w, https:\/\/wordpress.nibis.de\/gsneuhof\/files\/2025\/09\/IMG_0036-veraendert-1152x1536.jpg 1152w, https:\/\/wordpress.nibis.de\/gsneuhof\/files\/2025\/09\/IMG_0036-veraendert-1536x2048.jpg 1536w, https:\/\/wordpress.nibis.de\/gsneuhof\/files\/2025\/09\/IMG_0036-veraendert-scaled.jpg 1920w\" sizes=\"auto, (max-width: 450px) 100vw, 450px\" \/><\/figure>\n\n\n\n<figure class=\"wp-block-image size-large\"><img loading=\"lazy\" decoding=\"async\" width=\"450\" height=\"600\" data-id=\"6539\" src=\"https:\/\/wordpress.nibis.de\/gsneuhof\/files\/2025\/09\/IMG_0037-450x600.jpeg\" alt=\"\" class=\"wp-image-6539\" srcset=\"https:\/\/wordpress.nibis.de\/gsneuhof\/files\/2025\/09\/IMG_0037-450x600.jpeg 450w, https:\/\/wordpress.nibis.de\/gsneuhof\/files\/2025\/09\/IMG_0037-225x300.jpeg 225w, https:\/\/wordpress.nibis.de\/gsneuhof\/files\/2025\/09\/IMG_0037-768x1024.jpeg 768w, https:\/\/wordpress.nibis.de\/gsneuhof\/files\/2025\/09\/IMG_0037-1152x1536.jpeg 1152w, https:\/\/wordpress.nibis.de\/gsneuhof\/files\/2025\/09\/IMG_0037-1536x2048.jpeg 1536w, https:\/\/wordpress.nibis.de\/gsneuhof\/files\/2025\/09\/IMG_0037-scaled.jpeg 1920w\" sizes=\"auto, (max-width: 450px) 100vw, 450px\" \/><\/figure>\n\n\n\n<figure class=\"wp-block-image size-large\"><img loading=\"lazy\" decoding=\"async\" width=\"450\" height=\"600\" data-id=\"6540\" src=\"https:\/\/wordpress.nibis.de\/gsneuhof\/files\/2025\/09\/IMG_0047-450x600.jpeg\" alt=\"\" class=\"wp-image-6540\" srcset=\"https:\/\/wordpress.nibis.de\/gsneuhof\/files\/2025\/09\/IMG_0047-450x600.jpeg 450w, https:\/\/wordpress.nibis.de\/gsneuhof\/files\/2025\/09\/IMG_0047-225x300.jpeg 225w, https:\/\/wordpress.nibis.de\/gsneuhof\/files\/2025\/09\/IMG_0047-768x1024.jpeg 768w, https:\/\/wordpress.nibis.de\/gsneuhof\/files\/2025\/09\/IMG_0047-1152x1536.jpeg 1152w, https:\/\/wordpress.nibis.de\/gsneuhof\/files\/2025\/09\/IMG_0047-1536x2048.jpeg 1536w, https:\/\/wordpress.nibis.de\/gsneuhof\/files\/2025\/09\/IMG_0047-scaled.jpeg 1920w\" sizes=\"auto, (max-width: 450px) 100vw, 450px\" \/><\/figure>\n\n\n\n<figure class=\"wp-block-image size-large\"><img loading=\"lazy\" decoding=\"async\" width=\"450\" height=\"600\" data-id=\"6541\" src=\"https:\/\/wordpress.nibis.de\/gsneuhof\/files\/2025\/09\/IMG_0049-450x600.jpeg\" alt=\"\" class=\"wp-image-6541\" srcset=\"https:\/\/wordpress.nibis.de\/gsneuhof\/files\/2025\/09\/IMG_0049-450x600.jpeg 450w, https:\/\/wordpress.nibis.de\/gsneuhof\/files\/2025\/09\/IMG_0049-225x300.jpeg 225w, https:\/\/wordpress.nibis.de\/gsneuhof\/files\/2025\/09\/IMG_0049-768x1024.jpeg 768w, https:\/\/wordpress.nibis.de\/gsneuhof\/files\/2025\/09\/IMG_0049-1152x1536.jpeg 1152w, https:\/\/wordpress.nibis.de\/gsneuhof\/files\/2025\/09\/IMG_0049-1536x2048.jpeg 1536w, https:\/\/wordpress.nibis.de\/gsneuhof\/files\/2025\/09\/IMG_0049-scaled.jpeg 1920w\" sizes=\"auto, (max-width: 450px) 100vw, 450px\" \/><\/figure>\n\n\n\n<figure class=\"wp-block-image size-large\"><img loading=\"lazy\" decoding=\"async\" width=\"800\" height=\"600\" data-id=\"6543\" src=\"https:\/\/wordpress.nibis.de\/gsneuhof\/files\/2025\/09\/IMG_0054veroendert-800x600.jpg\" alt=\"\" class=\"wp-image-6543\" srcset=\"https:\/\/wordpress.nibis.de\/gsneuhof\/files\/2025\/09\/IMG_0054veroendert-800x600.jpg 800w, https:\/\/wordpress.nibis.de\/gsneuhof\/files\/2025\/09\/IMG_0054veroendert-300x225.jpg 300w, https:\/\/wordpress.nibis.de\/gsneuhof\/files\/2025\/09\/IMG_0054veroendert-768x576.jpg 768w, https:\/\/wordpress.nibis.de\/gsneuhof\/files\/2025\/09\/IMG_0054veroendert-1536x1152.jpg 1536w, https:\/\/wordpress.nibis.de\/gsneuhof\/files\/2025\/09\/IMG_0054veroendert-2048x1536.jpg 2048w\" sizes=\"auto, (max-width: 800px) 100vw, 800px\" \/><\/figure>\n<\/figure>\n\n\n\n<p>Text: Frau Haberlach, Bilder: Frau Klein<\/p>\n","protected":false},"excerpt":{"rendered":"<p>Heute war eine aufregende Sportstunde f\u00fcr unsere Zweitkl\u00e4ssler: Sie haben erfolgreich ihren Rollbrettf\u00fchrerschein bestanden! In den vergangenen Wochen wurde flei\u00dfig ge\u00fcbt \u2013 vom sicheren Fahren \u00fcber das Bremsen bis hin zu spannenden Parcours. Auch das gemeinsame Fahren im Team stand &hellip; <a href=\"https:\/\/wordpress.nibis.de\/gsneuhof\/rollbrettfuehrerschein\/\">Weiterlesen <span class=\"meta-nav\">&rarr;<\/span><\/a><\/p>\n","protected":false},"author":781,"featured_media":0,"parent":0,"menu_order":0,"comment_status":"closed","ping_status":"closed","template":"","meta":{"footnotes":""},"class_list":["post-6536","page","type-page","status-publish","hentry"],"_links":{"self":[{"href":"https:\/\/wordpress.nibis.de\/gsneuhof\/wp-json\/wp\/v2\/pages\/6536","targetHints":{"allow":["GET"]}}],"collection":[{"href":"https:\/\/wordpress.nibis.de\/gsneuhof\/wp-json\/wp\/v2\/pages"}],"about":[{"href":"https:\/\/wordpress.nibis.de\/gsneuhof\/wp-json\/wp\/v2\/types\/page"}],"author":[{"embeddable":true,"href":"https:\/\/wordpress.nibis.de\/gsneuhof\/wp-json\/wp\/v2\/users\/781"}],"replies":[{"embeddable":true,"href":"https:\/\/wordpress.nibis.de\/gsneuhof\/wp-json\/wp\/v2\/comments?post=6536"}],"version-history":[{"count":3,"href":"https:\/\/wordpress.nibis.de\/gsneuhof\/wp-json\/wp\/v2\/pages\/6536\/revisions"}],"predecessor-version":[{"id":6546,"href":"https:\/\/wordpress.nibis.de\/gsneuhof\/wp-json\/wp\/v2\/pages\/6536\/revisions\/6546"}],"wp:attachment":[{"href":"https:\/\/wordpress.nibis.de\/gsneuhof\/wp-json\/wp\/v2\/media?parent=6536"}],"curies":[{"name":"wp","href":"https:\/\/api.w.org\/{rel}","templated":true}]}}