{"id":6559,"date":"2025-09-30T14:56:04","date_gmt":"2025-09-30T12:56:04","guid":{"rendered":"https:\/\/wordpress.nibis.de\/gsneuhof\/?page_id=6559"},"modified":"2025-09-30T14:56:04","modified_gmt":"2025-09-30T12:56:04","slug":"muellsammel-aktion","status":"publish","type":"page","link":"https:\/\/wordpress.nibis.de\/gsneuhof\/muellsammel-aktion\/","title":{"rendered":"M\u00fcllsammel- Aktion"},"content":{"rendered":"\n<p>Die Klasse 4a hat im Unterricht die Idee entwickelt, M\u00fcll zu sammeln und sie gleich umgesetzt! Gemeinsam r\u00e4umten die Kinder den Schulhof und den angrenzenden Wald auf. Ein tolles Beispiel, wie gute Ideen im Klassenzimmer drau\u00dfen Wirkung zeigen k\u00f6nnen. Gemeinsam haben wir etwas f\u00fcr unsere Umwelt getan und gezeigt, dass jeder Beitrag z\u00e4hlt!<\/p>\n<p>\u00a0<\/p>\n\n\n\n<figure class=\"wp-block-image size-large\"><img loading=\"lazy\" decoding=\"async\" width=\"800\" height=\"600\" src=\"https:\/\/wordpress.nibis.de\/gsneuhof\/files\/2025\/09\/IMG_0064-800x600.jpeg\" alt=\"\" class=\"wp-image-6560\" srcset=\"https:\/\/wordpress.nibis.de\/gsneuhof\/files\/2025\/09\/IMG_0064-800x600.jpeg 800w, https:\/\/wordpress.nibis.de\/gsneuhof\/files\/2025\/09\/IMG_0064-300x225.jpeg 300w, https:\/\/wordpress.nibis.de\/gsneuhof\/files\/2025\/09\/IMG_0064-768x576.jpeg 768w, https:\/\/wordpress.nibis.de\/gsneuhof\/files\/2025\/09\/IMG_0064-1536x1152.jpeg 1536w, https:\/\/wordpress.nibis.de\/gsneuhof\/files\/2025\/09\/IMG_0064-2048x1536.jpeg 2048w\" sizes=\"auto, (max-width: 800px) 100vw, 800px\" \/><\/figure>\n\n\n\n<p>Text und Bild: Frau Klein<\/p>\n","protected":false},"excerpt":{"rendered":"<p>Die Klasse 4a hat im Unterricht die Idee entwickelt, M\u00fcll zu sammeln und sie gleich umgesetzt! Gemeinsam r\u00e4umten die Kinder den Schulhof und den angrenzenden Wald auf. Ein tolles Beispiel, wie gute Ideen im Klassenzimmer drau\u00dfen Wirkung zeigen k\u00f6nnen. Gemeinsam &hellip; <a href=\"https:\/\/wordpress.nibis.de\/gsneuhof\/muellsammel-aktion\/\">Weiterlesen <span class=\"meta-nav\">&rarr;<\/span><\/a><\/p>\n","protected":false},"author":781,"featured_media":0,"parent":0,"menu_order":0,"comment_status":"closed","ping_status":"closed","template":"","meta":{"footnotes":""},"class_list":["post-6559","page","type-page","status-publish","hentry"],"_links":{"self":[{"href":"https:\/\/wordpress.nibis.de\/gsneuhof\/wp-json\/wp\/v2\/pages\/6559","targetHints":{"allow":["GET"]}}],"collection":[{"href":"https:\/\/wordpress.nibis.de\/gsneuhof\/wp-json\/wp\/v2\/pages"}],"about":[{"href":"https:\/\/wordpress.nibis.de\/gsneuhof\/wp-json\/wp\/v2\/types\/page"}],"author":[{"embeddable":true,"href":"https:\/\/wordpress.nibis.de\/gsneuhof\/wp-json\/wp\/v2\/users\/781"}],"replies":[{"embeddable":true,"href":"https:\/\/wordpress.nibis.de\/gsneuhof\/wp-json\/wp\/v2\/comments?post=6559"}],"version-history":[{"count":1,"href":"https:\/\/wordpress.nibis.de\/gsneuhof\/wp-json\/wp\/v2\/pages\/6559\/revisions"}],"predecessor-version":[{"id":6561,"href":"https:\/\/wordpress.nibis.de\/gsneuhof\/wp-json\/wp\/v2\/pages\/6559\/revisions\/6561"}],"wp:attachment":[{"href":"https:\/\/wordpress.nibis.de\/gsneuhof\/wp-json\/wp\/v2\/media?parent=6559"}],"curies":[{"name":"wp","href":"https:\/\/api.w.org\/{rel}","templated":true}]}}