{"id":6587,"date":"2025-10-28T16:14:25","date_gmt":"2025-10-28T15:14:25","guid":{"rendered":"https:\/\/wordpress.nibis.de\/gsneuhof\/?page_id=6587"},"modified":"2025-10-29T16:53:51","modified_gmt":"2025-10-29T15:53:51","slug":"respect-auffrischung","status":"publish","type":"page","link":"https:\/\/wordpress.nibis.de\/gsneuhof\/respect-auffrischung\/","title":{"rendered":"!Respect- Auffrischung"},"content":{"rendered":"\n<p>Es ist wieder soweit:<\/p>\n<p>In der Zeit vom 27.-30. Oktober 2025 nehmen alle Sch\u00fclerInnen der Grundschule Neuhof zum zweiten Mal am Projekt !Respect teil.<\/p>\n<p>!Respect soll die Sch\u00fclerInnen in ihrer Teamf\u00e4higkeit, ihrer Selbstbehauptung und in einem sinnvollem Konfliktverhalten f\u00f6rdern und unterst\u00fctzen. In Partner- und Rollenspielen sowie in Sprech\u00fcbungen trainieren sich die Kinder im fairen Streiten. Das Ziel von !Respect ist es, den Mitmenschen wertsch\u00e4tzend zu begegnen und Konflikte ohne k\u00f6rperliche Gewalt l\u00f6sen zu k\u00f6nnen.<\/p>\n<p>In verschiedenen Spielen lernen die Kinder, dass sie nur zusammen stark sein k\u00f6nnen. Die Sch\u00fclerInnen erhalten dabei auch Hilfestellungen, was sie in einem Streit sagen und unternehmen k\u00f6nnen. Die Stoppregel in drei Schritten spielt hierbei eine wichtige Rolle.<\/p>\n<p>Wie im Juni auch werden wir von dem !Respect- Trainer Abou Cham betreut. Abou arbeitet sehr einf\u00fchlsam mit den Klassen in der Turnhalle<\/p>\n<p>W\u00e4hrend die Klassen 2-4 eine Auffrischung zu !Respect erhalten, nehmen die beiden ersten Klassen am Grundprogramm (=3 Doppelstunden) teil. Wichtig ist es, das Gelernte weiterhin in den allt\u00e4glichen Schulalltag zu integrieren.<\/p>\n\n\n\n<figure class=\"wp-block-gallery has-nested-images columns-2 is-cropped wp-block-gallery-1 is-layout-flex wp-block-gallery-is-layout-flex\">\n<figure class=\"wp-block-image size-large\"><img loading=\"lazy\" decoding=\"async\" width=\"800\" height=\"600\" data-id=\"6594\" src=\"https:\/\/wordpress.nibis.de\/gsneuhof\/files\/2025\/10\/K1600_P1060888-800x600.jpg\" alt=\"\" class=\"wp-image-6594\" srcset=\"https:\/\/wordpress.nibis.de\/gsneuhof\/files\/2025\/10\/K1600_P1060888-800x600.jpg 800w, https:\/\/wordpress.nibis.de\/gsneuhof\/files\/2025\/10\/K1600_P1060888-300x225.jpg 300w, https:\/\/wordpress.nibis.de\/gsneuhof\/files\/2025\/10\/K1600_P1060888-768x576.jpg 768w, https:\/\/wordpress.nibis.de\/gsneuhof\/files\/2025\/10\/K1600_P1060888-1536x1152.jpg 1536w, https:\/\/wordpress.nibis.de\/gsneuhof\/files\/2025\/10\/K1600_P1060888.jpg 1600w\" sizes=\"auto, (max-width: 800px) 100vw, 800px\" \/><\/figure>\n\n\n\n<figure class=\"wp-block-image size-large\"><img loading=\"lazy\" decoding=\"async\" width=\"800\" height=\"600\" data-id=\"6596\" src=\"https:\/\/wordpress.nibis.de\/gsneuhof\/files\/2025\/10\/K1600_P1060889-800x600.jpg\" alt=\"\" class=\"wp-image-6596\" srcset=\"https:\/\/wordpress.nibis.de\/gsneuhof\/files\/2025\/10\/K1600_P1060889-800x600.jpg 800w, https:\/\/wordpress.nibis.de\/gsneuhof\/files\/2025\/10\/K1600_P1060889-300x225.jpg 300w, https:\/\/wordpress.nibis.de\/gsneuhof\/files\/2025\/10\/K1600_P1060889-768x576.jpg 768w, https:\/\/wordpress.nibis.de\/gsneuhof\/files\/2025\/10\/K1600_P1060889-1536x1152.jpg 1536w, https:\/\/wordpress.nibis.de\/gsneuhof\/files\/2025\/10\/K1600_P1060889.jpg 1600w\" sizes=\"auto, (max-width: 800px) 100vw, 800px\" \/><\/figure>\n\n\n\n<figure class=\"wp-block-image size-large\"><img loading=\"lazy\" decoding=\"async\" width=\"800\" height=\"600\" data-id=\"6598\" src=\"https:\/\/wordpress.nibis.de\/gsneuhof\/files\/2025\/10\/K1600_P1060907-800x600.jpg\" alt=\"\" class=\"wp-image-6598\" srcset=\"https:\/\/wordpress.nibis.de\/gsneuhof\/files\/2025\/10\/K1600_P1060907-800x600.jpg 800w, https:\/\/wordpress.nibis.de\/gsneuhof\/files\/2025\/10\/K1600_P1060907-300x225.jpg 300w, https:\/\/wordpress.nibis.de\/gsneuhof\/files\/2025\/10\/K1600_P1060907-768x576.jpg 768w, https:\/\/wordpress.nibis.de\/gsneuhof\/files\/2025\/10\/K1600_P1060907-1536x1152.jpg 1536w, https:\/\/wordpress.nibis.de\/gsneuhof\/files\/2025\/10\/K1600_P1060907.jpg 1600w\" sizes=\"auto, (max-width: 800px) 100vw, 800px\" \/><\/figure>\n\n\n\n<figure class=\"wp-block-image size-large\"><img loading=\"lazy\" decoding=\"async\" width=\"800\" height=\"600\" data-id=\"6599\" src=\"https:\/\/wordpress.nibis.de\/gsneuhof\/files\/2025\/10\/K1600_P1060902-800x600.jpg\" alt=\"\" class=\"wp-image-6599\" srcset=\"https:\/\/wordpress.nibis.de\/gsneuhof\/files\/2025\/10\/K1600_P1060902-800x600.jpg 800w, https:\/\/wordpress.nibis.de\/gsneuhof\/files\/2025\/10\/K1600_P1060902-300x225.jpg 300w, https:\/\/wordpress.nibis.de\/gsneuhof\/files\/2025\/10\/K1600_P1060902-768x576.jpg 768w, https:\/\/wordpress.nibis.de\/gsneuhof\/files\/2025\/10\/K1600_P1060902-1536x1152.jpg 1536w, https:\/\/wordpress.nibis.de\/gsneuhof\/files\/2025\/10\/K1600_P1060902.jpg 1600w\" sizes=\"auto, (max-width: 800px) 100vw, 800px\" \/><\/figure>\n\n\n\n<figure class=\"wp-block-image size-large\"><img loading=\"lazy\" decoding=\"async\" width=\"800\" height=\"600\" data-id=\"6597\" src=\"https:\/\/wordpress.nibis.de\/gsneuhof\/files\/2025\/10\/K1600_P1060882-800x600.jpg\" alt=\"\" class=\"wp-image-6597\" srcset=\"https:\/\/wordpress.nibis.de\/gsneuhof\/files\/2025\/10\/K1600_P1060882-800x600.jpg 800w, https:\/\/wordpress.nibis.de\/gsneuhof\/files\/2025\/10\/K1600_P1060882-300x225.jpg 300w, https:\/\/wordpress.nibis.de\/gsneuhof\/files\/2025\/10\/K1600_P1060882-768x576.jpg 768w, https:\/\/wordpress.nibis.de\/gsneuhof\/files\/2025\/10\/K1600_P1060882-1536x1152.jpg 1536w, https:\/\/wordpress.nibis.de\/gsneuhof\/files\/2025\/10\/K1600_P1060882.jpg 1600w\" sizes=\"auto, (max-width: 800px) 100vw, 800px\" \/><\/figure>\n\n\n\n<figure class=\"wp-block-image size-large\"><img loading=\"lazy\" decoding=\"async\" width=\"800\" height=\"600\" data-id=\"6595\" src=\"https:\/\/wordpress.nibis.de\/gsneuhof\/files\/2025\/10\/K1600_P1060910-800x600.jpg\" alt=\"\" class=\"wp-image-6595\" srcset=\"https:\/\/wordpress.nibis.de\/gsneuhof\/files\/2025\/10\/K1600_P1060910-800x600.jpg 800w, https:\/\/wordpress.nibis.de\/gsneuhof\/files\/2025\/10\/K1600_P1060910-300x225.jpg 300w, https:\/\/wordpress.nibis.de\/gsneuhof\/files\/2025\/10\/K1600_P1060910-768x576.jpg 768w, https:\/\/wordpress.nibis.de\/gsneuhof\/files\/2025\/10\/K1600_P1060910-1536x1152.jpg 1536w, https:\/\/wordpress.nibis.de\/gsneuhof\/files\/2025\/10\/K1600_P1060910.jpg 1600w\" sizes=\"auto, (max-width: 800px) 100vw, 800px\" \/><\/figure>\n\n\n\n<figure class=\"wp-block-image size-large\"><img loading=\"lazy\" decoding=\"async\" width=\"800\" height=\"600\" data-id=\"6600\" src=\"https:\/\/wordpress.nibis.de\/gsneuhof\/files\/2025\/10\/K1600_P1060921-800x600.jpg\" alt=\"\" class=\"wp-image-6600\" srcset=\"https:\/\/wordpress.nibis.de\/gsneuhof\/files\/2025\/10\/K1600_P1060921-800x600.jpg 800w, https:\/\/wordpress.nibis.de\/gsneuhof\/files\/2025\/10\/K1600_P1060921-300x225.jpg 300w, https:\/\/wordpress.nibis.de\/gsneuhof\/files\/2025\/10\/K1600_P1060921-768x576.jpg 768w, https:\/\/wordpress.nibis.de\/gsneuhof\/files\/2025\/10\/K1600_P1060921-1536x1152.jpg 1536w, https:\/\/wordpress.nibis.de\/gsneuhof\/files\/2025\/10\/K1600_P1060921.jpg 1600w\" sizes=\"auto, (max-width: 800px) 100vw, 800px\" \/><\/figure>\n<\/figure>\n\n\n\n<p>Text und Bilder: Frau Kunold<\/p>\n","protected":false},"excerpt":{"rendered":"<p>Es ist wieder soweit: In der Zeit vom 27.-30. Oktober 2025 nehmen alle Sch\u00fclerInnen der Grundschule Neuhof zum zweiten Mal am Projekt !Respect teil. !Respect soll die Sch\u00fclerInnen in ihrer Teamf\u00e4higkeit, ihrer Selbstbehauptung und in einem sinnvollem Konfliktverhalten f\u00f6rdern und &hellip; <a href=\"https:\/\/wordpress.nibis.de\/gsneuhof\/respect-auffrischung\/\">Weiterlesen <span class=\"meta-nav\">&rarr;<\/span><\/a><\/p>\n","protected":false},"author":781,"featured_media":0,"parent":0,"menu_order":0,"comment_status":"closed","ping_status":"closed","template":"","meta":{"footnotes":""},"class_list":["post-6587","page","type-page","status-publish","hentry"],"_links":{"self":[{"href":"https:\/\/wordpress.nibis.de\/gsneuhof\/wp-json\/wp\/v2\/pages\/6587","targetHints":{"allow":["GET"]}}],"collection":[{"href":"https:\/\/wordpress.nibis.de\/gsneuhof\/wp-json\/wp\/v2\/pages"}],"about":[{"href":"https:\/\/wordpress.nibis.de\/gsneuhof\/wp-json\/wp\/v2\/types\/page"}],"author":[{"embeddable":true,"href":"https:\/\/wordpress.nibis.de\/gsneuhof\/wp-json\/wp\/v2\/users\/781"}],"replies":[{"embeddable":true,"href":"https:\/\/wordpress.nibis.de\/gsneuhof\/wp-json\/wp\/v2\/comments?post=6587"}],"version-history":[{"count":5,"href":"https:\/\/wordpress.nibis.de\/gsneuhof\/wp-json\/wp\/v2\/pages\/6587\/revisions"}],"predecessor-version":[{"id":6602,"href":"https:\/\/wordpress.nibis.de\/gsneuhof\/wp-json\/wp\/v2\/pages\/6587\/revisions\/6602"}],"wp:attachment":[{"href":"https:\/\/wordpress.nibis.de\/gsneuhof\/wp-json\/wp\/v2\/media?parent=6587"}],"curies":[{"name":"wp","href":"https:\/\/api.w.org\/{rel}","templated":true}]}}