{"id":6611,"date":"2025-12-06T16:03:15","date_gmt":"2025-12-06T15:03:15","guid":{"rendered":"https:\/\/wordpress.nibis.de\/gsneuhof\/?page_id=6611"},"modified":"2025-12-06T16:03:15","modified_gmt":"2025-12-06T15:03:15","slug":"adventsnachmittag","status":"publish","type":"page","link":"https:\/\/wordpress.nibis.de\/gsneuhof\/adventsnachmittag\/","title":{"rendered":"Adventsnachmittag"},"content":{"rendered":"\n<p>Gestern, am 05.12.2025 fand ein besinnlicher Adventsnachmittag an unserer Schule statt.<\/p>\n<p>Neben weihnachtlicher Musik, Waffeln und hei\u00dfen Getr\u00e4nken konnten kleine Basteleien gekauft und auch selber hergestellt werden. Es war ein sch\u00f6ner Nachmittag zur Einstimmung auf das kommende Weihnachtsfest.\u00a0<\/p>\n\n\n\n<figure class=\"wp-block-image size-large is-resized is-style-rounded\"><img loading=\"lazy\" decoding=\"async\" width=\"450\" height=\"600\" src=\"https:\/\/wordpress.nibis.de\/gsneuhof\/files\/2021\/12\/17156013-78C9-4B7A-9A6F-3A9E11FB55CA-e1639663558185-450x600.jpg\" alt=\"\" class=\"wp-image-4688\" style=\"width:266px;height:auto\" srcset=\"https:\/\/wordpress.nibis.de\/gsneuhof\/files\/2021\/12\/17156013-78C9-4B7A-9A6F-3A9E11FB55CA-e1639663558185-450x600.jpg 450w, https:\/\/wordpress.nibis.de\/gsneuhof\/files\/2021\/12\/17156013-78C9-4B7A-9A6F-3A9E11FB55CA-e1639663558185-225x300.jpg 225w, https:\/\/wordpress.nibis.de\/gsneuhof\/files\/2021\/12\/17156013-78C9-4B7A-9A6F-3A9E11FB55CA-e1639663558185-768x1024.jpg 768w, https:\/\/wordpress.nibis.de\/gsneuhof\/files\/2021\/12\/17156013-78C9-4B7A-9A6F-3A9E11FB55CA-e1639663558185-1152x1536.jpg 1152w, https:\/\/wordpress.nibis.de\/gsneuhof\/files\/2021\/12\/17156013-78C9-4B7A-9A6F-3A9E11FB55CA-e1639663558185.jpg 1200w\" sizes=\"auto, (max-width: 450px) 100vw, 450px\" \/><\/figure>\n\n\n\n<p><\/p>\n\n\n\n<p>Text: Frau Kunold<\/p>\n","protected":false},"excerpt":{"rendered":"<p>Gestern, am 05.12.2025 fand ein besinnlicher Adventsnachmittag an unserer Schule statt. Neben weihnachtlicher Musik, Waffeln und hei\u00dfen Getr\u00e4nken konnten kleine Basteleien gekauft und auch selber hergestellt werden. Es war ein sch\u00f6ner Nachmittag zur Einstimmung auf das kommende Weihnachtsfest.\u00a0 Text: Frau &hellip; <a href=\"https:\/\/wordpress.nibis.de\/gsneuhof\/adventsnachmittag\/\">Weiterlesen <span class=\"meta-nav\">&rarr;<\/span><\/a><\/p>\n","protected":false},"author":781,"featured_media":0,"parent":0,"menu_order":0,"comment_status":"closed","ping_status":"closed","template":"","meta":{"footnotes":""},"class_list":["post-6611","page","type-page","status-publish","hentry"],"_links":{"self":[{"href":"https:\/\/wordpress.nibis.de\/gsneuhof\/wp-json\/wp\/v2\/pages\/6611","targetHints":{"allow":["GET"]}}],"collection":[{"href":"https:\/\/wordpress.nibis.de\/gsneuhof\/wp-json\/wp\/v2\/pages"}],"about":[{"href":"https:\/\/wordpress.nibis.de\/gsneuhof\/wp-json\/wp\/v2\/types\/page"}],"author":[{"embeddable":true,"href":"https:\/\/wordpress.nibis.de\/gsneuhof\/wp-json\/wp\/v2\/users\/781"}],"replies":[{"embeddable":true,"href":"https:\/\/wordpress.nibis.de\/gsneuhof\/wp-json\/wp\/v2\/comments?post=6611"}],"version-history":[{"count":2,"href":"https:\/\/wordpress.nibis.de\/gsneuhof\/wp-json\/wp\/v2\/pages\/6611\/revisions"}],"predecessor-version":[{"id":6613,"href":"https:\/\/wordpress.nibis.de\/gsneuhof\/wp-json\/wp\/v2\/pages\/6611\/revisions\/6613"}],"wp:attachment":[{"href":"https:\/\/wordpress.nibis.de\/gsneuhof\/wp-json\/wp\/v2\/media?parent=6611"}],"curies":[{"name":"wp","href":"https:\/\/api.w.org\/{rel}","templated":true}]}}