{"id":6722,"date":"2025-12-15T18:48:17","date_gmt":"2025-12-15T17:48:17","guid":{"rendered":"https:\/\/wordpress.nibis.de\/gsneuhof\/?page_id=6722"},"modified":"2025-12-15T18:48:18","modified_gmt":"2025-12-15T17:48:18","slug":"gluecksbringer-der-hc-eintracht-hildesheim","status":"publish","type":"page","link":"https:\/\/wordpress.nibis.de\/gsneuhof\/gluecksbringer-der-hc-eintracht-hildesheim\/","title":{"rendered":"Gl\u00fccksbringer der HC Eintracht Hildesheim"},"content":{"rendered":"\n<p>Am 3. Advent durften wir mit unserer Schule die Gl\u00fccksbringer der HC Eintracht Hildesheim sein. Mit \u00fcber 200 mitgereisten Sch\u00fclerinnen, Sch\u00fclern und Eltern unterst\u00fctzten wir die Mannschaft lautstark von den R\u00e4ngen.<\/p>\n<p><br \/>Ein besonderes Highlight war, dass einige Kinder als Einlaufkinder gemeinsam mit den Profis vor rund 1.300 Zuschauern in die Halle einlaufen durften \u2013 ein unvergessliches Erlebnis f\u00fcr alle Beteiligten. Die Stimmung w\u00e4hrend des Spiels war gro\u00dfartig und am Ende konnten sich die Handballer der Eintracht \u00fcber einen klaren Sieg freuen.<\/p>\n<p><br \/>Zum Abschluss nahmen sich die Spieler noch Zeit f\u00fcr unsere \u201eZwerge vom Klingenberge\u201c und unterschrieben die M\u00fctzen, die sie geschenkt bekommen haben.<br \/>Solche Aktionen bringen Kindern neue Sportarten n\u00e4her \u2013 und sp\u00e4testens beim Verlassen der Halle sah es so aus, als w\u00fcrden bei vielen bereits die H\u00e4nde jucken und die Lust auf eine eigene Partie Handball geweckt sein.<\/p>\n\n\n\n<figure class=\"wp-block-gallery has-nested-images columns-default is-cropped wp-block-gallery-1 is-layout-flex wp-block-gallery-is-layout-flex\">\n<figure class=\"wp-block-image size-large\"><img loading=\"lazy\" decoding=\"async\" width=\"450\" height=\"600\" data-id=\"6723\" src=\"https:\/\/wordpress.nibis.de\/gsneuhof\/files\/2025\/12\/2d846133-0d3b-4d42-abc9-05d8414d1844-450x600.jpeg\" alt=\"\" class=\"wp-image-6723\" srcset=\"https:\/\/wordpress.nibis.de\/gsneuhof\/files\/2025\/12\/2d846133-0d3b-4d42-abc9-05d8414d1844-450x600.jpeg 450w, https:\/\/wordpress.nibis.de\/gsneuhof\/files\/2025\/12\/2d846133-0d3b-4d42-abc9-05d8414d1844-225x300.jpeg 225w, https:\/\/wordpress.nibis.de\/gsneuhof\/files\/2025\/12\/2d846133-0d3b-4d42-abc9-05d8414d1844-768x1024.jpeg 768w, https:\/\/wordpress.nibis.de\/gsneuhof\/files\/2025\/12\/2d846133-0d3b-4d42-abc9-05d8414d1844-100x133.jpeg 100w, https:\/\/wordpress.nibis.de\/gsneuhof\/files\/2025\/12\/2d846133-0d3b-4d42-abc9-05d8414d1844-1152x1536.jpeg 1152w, https:\/\/wordpress.nibis.de\/gsneuhof\/files\/2025\/12\/2d846133-0d3b-4d42-abc9-05d8414d1844-1536x2048.jpeg 1536w, https:\/\/wordpress.nibis.de\/gsneuhof\/files\/2025\/12\/2d846133-0d3b-4d42-abc9-05d8414d1844-scaled.jpeg 1920w\" sizes=\"auto, (max-width: 450px) 100vw, 450px\" \/><\/figure>\n\n\n\n<figure class=\"wp-block-image size-large\"><img loading=\"lazy\" decoding=\"async\" width=\"450\" height=\"600\" data-id=\"6724\" src=\"https:\/\/wordpress.nibis.de\/gsneuhof\/files\/2025\/12\/5ff2574c-9fbd-4e22-9681-fb43b11e5fe3-450x600.jpeg\" alt=\"\" class=\"wp-image-6724\" srcset=\"https:\/\/wordpress.nibis.de\/gsneuhof\/files\/2025\/12\/5ff2574c-9fbd-4e22-9681-fb43b11e5fe3-450x600.jpeg 450w, https:\/\/wordpress.nibis.de\/gsneuhof\/files\/2025\/12\/5ff2574c-9fbd-4e22-9681-fb43b11e5fe3-225x300.jpeg 225w, https:\/\/wordpress.nibis.de\/gsneuhof\/files\/2025\/12\/5ff2574c-9fbd-4e22-9681-fb43b11e5fe3-768x1024.jpeg 768w, https:\/\/wordpress.nibis.de\/gsneuhof\/files\/2025\/12\/5ff2574c-9fbd-4e22-9681-fb43b11e5fe3-100x133.jpeg 100w, https:\/\/wordpress.nibis.de\/gsneuhof\/files\/2025\/12\/5ff2574c-9fbd-4e22-9681-fb43b11e5fe3-1152x1536.jpeg 1152w, https:\/\/wordpress.nibis.de\/gsneuhof\/files\/2025\/12\/5ff2574c-9fbd-4e22-9681-fb43b11e5fe3-1536x2048.jpeg 1536w, https:\/\/wordpress.nibis.de\/gsneuhof\/files\/2025\/12\/5ff2574c-9fbd-4e22-9681-fb43b11e5fe3-scaled.jpeg 1920w\" sizes=\"auto, (max-width: 450px) 100vw, 450px\" \/><\/figure>\n\n\n\n<figure class=\"wp-block-image size-large\"><img loading=\"lazy\" decoding=\"async\" width=\"450\" height=\"600\" data-id=\"6725\" src=\"https:\/\/wordpress.nibis.de\/gsneuhof\/files\/2025\/12\/aefa4b97-ef0e-4c98-8d7a-9890ffba1d00-450x600.jpeg\" alt=\"\" class=\"wp-image-6725\" srcset=\"https:\/\/wordpress.nibis.de\/gsneuhof\/files\/2025\/12\/aefa4b97-ef0e-4c98-8d7a-9890ffba1d00-450x600.jpeg 450w, https:\/\/wordpress.nibis.de\/gsneuhof\/files\/2025\/12\/aefa4b97-ef0e-4c98-8d7a-9890ffba1d00-225x300.jpeg 225w, https:\/\/wordpress.nibis.de\/gsneuhof\/files\/2025\/12\/aefa4b97-ef0e-4c98-8d7a-9890ffba1d00-768x1024.jpeg 768w, https:\/\/wordpress.nibis.de\/gsneuhof\/files\/2025\/12\/aefa4b97-ef0e-4c98-8d7a-9890ffba1d00-100x133.jpeg 100w, https:\/\/wordpress.nibis.de\/gsneuhof\/files\/2025\/12\/aefa4b97-ef0e-4c98-8d7a-9890ffba1d00-1152x1536.jpeg 1152w, https:\/\/wordpress.nibis.de\/gsneuhof\/files\/2025\/12\/aefa4b97-ef0e-4c98-8d7a-9890ffba1d00-1536x2048.jpeg 1536w, https:\/\/wordpress.nibis.de\/gsneuhof\/files\/2025\/12\/aefa4b97-ef0e-4c98-8d7a-9890ffba1d00-scaled.jpeg 1920w\" sizes=\"auto, (max-width: 450px) 100vw, 450px\" \/><\/figure>\n\n\n\n<figure class=\"wp-block-image size-large\"><img loading=\"lazy\" decoding=\"async\" width=\"800\" height=\"600\" data-id=\"6726\" src=\"https:\/\/wordpress.nibis.de\/gsneuhof\/files\/2025\/12\/dd2be5bd-49bc-42b3-9b16-7364a6eefd35-800x600.jpeg\" alt=\"\" class=\"wp-image-6726\" srcset=\"https:\/\/wordpress.nibis.de\/gsneuhof\/files\/2025\/12\/dd2be5bd-49bc-42b3-9b16-7364a6eefd35-800x600.jpeg 800w, https:\/\/wordpress.nibis.de\/gsneuhof\/files\/2025\/12\/dd2be5bd-49bc-42b3-9b16-7364a6eefd35-300x225.jpeg 300w, https:\/\/wordpress.nibis.de\/gsneuhof\/files\/2025\/12\/dd2be5bd-49bc-42b3-9b16-7364a6eefd35-768x576.jpeg 768w, https:\/\/wordpress.nibis.de\/gsneuhof\/files\/2025\/12\/dd2be5bd-49bc-42b3-9b16-7364a6eefd35-100x75.jpeg 100w, https:\/\/wordpress.nibis.de\/gsneuhof\/files\/2025\/12\/dd2be5bd-49bc-42b3-9b16-7364a6eefd35-1536x1152.jpeg 1536w, https:\/\/wordpress.nibis.de\/gsneuhof\/files\/2025\/12\/dd2be5bd-49bc-42b3-9b16-7364a6eefd35-2048x1536.jpeg 2048w\" sizes=\"auto, (max-width: 800px) 100vw, 800px\" \/><\/figure>\n\n\n\n<figure class=\"wp-block-image size-large\"><img loading=\"lazy\" decoding=\"async\" width=\"800\" height=\"600\" data-id=\"6727\" src=\"https:\/\/wordpress.nibis.de\/gsneuhof\/files\/2025\/12\/deff2a2c-1e4a-4be3-8183-27fdbc7329ae-800x600.jpeg\" alt=\"\" class=\"wp-image-6727\" srcset=\"https:\/\/wordpress.nibis.de\/gsneuhof\/files\/2025\/12\/deff2a2c-1e4a-4be3-8183-27fdbc7329ae-800x600.jpeg 800w, https:\/\/wordpress.nibis.de\/gsneuhof\/files\/2025\/12\/deff2a2c-1e4a-4be3-8183-27fdbc7329ae-300x225.jpeg 300w, https:\/\/wordpress.nibis.de\/gsneuhof\/files\/2025\/12\/deff2a2c-1e4a-4be3-8183-27fdbc7329ae-768x576.jpeg 768w, https:\/\/wordpress.nibis.de\/gsneuhof\/files\/2025\/12\/deff2a2c-1e4a-4be3-8183-27fdbc7329ae-100x75.jpeg 100w, https:\/\/wordpress.nibis.de\/gsneuhof\/files\/2025\/12\/deff2a2c-1e4a-4be3-8183-27fdbc7329ae-1536x1152.jpeg 1536w, https:\/\/wordpress.nibis.de\/gsneuhof\/files\/2025\/12\/deff2a2c-1e4a-4be3-8183-27fdbc7329ae-2048x1536.jpeg 2048w\" sizes=\"auto, (max-width: 800px) 100vw, 800px\" \/><\/figure>\n<\/figure>\n\n\n\n<p>Text und Bilder: Frau Haberlach<\/p>\n\n\n","protected":false},"excerpt":{"rendered":"<p>Am 3. Advent durften wir mit unserer Schule die Gl\u00fccksbringer der HC Eintracht Hildesheim sein. Mit \u00fcber 200 mitgereisten Sch\u00fclerinnen, Sch\u00fclern und Eltern unterst\u00fctzten wir die Mannschaft lautstark von den R\u00e4ngen. Ein besonderes Highlight war, dass einige Kinder als Einlaufkinder &hellip; <a href=\"https:\/\/wordpress.nibis.de\/gsneuhof\/gluecksbringer-der-hc-eintracht-hildesheim\/\">Weiterlesen <span class=\"meta-nav\">&rarr;<\/span><\/a><\/p>\n","protected":false},"author":781,"featured_media":0,"parent":0,"menu_order":0,"comment_status":"closed","ping_status":"closed","template":"","meta":{"footnotes":""},"class_list":["post-6722","page","type-page","status-publish","hentry"],"_links":{"self":[{"href":"https:\/\/wordpress.nibis.de\/gsneuhof\/wp-json\/wp\/v2\/pages\/6722","targetHints":{"allow":["GET"]}}],"collection":[{"href":"https:\/\/wordpress.nibis.de\/gsneuhof\/wp-json\/wp\/v2\/pages"}],"about":[{"href":"https:\/\/wordpress.nibis.de\/gsneuhof\/wp-json\/wp\/v2\/types\/page"}],"author":[{"embeddable":true,"href":"https:\/\/wordpress.nibis.de\/gsneuhof\/wp-json\/wp\/v2\/users\/781"}],"replies":[{"embeddable":true,"href":"https:\/\/wordpress.nibis.de\/gsneuhof\/wp-json\/wp\/v2\/comments?post=6722"}],"version-history":[{"count":1,"href":"https:\/\/wordpress.nibis.de\/gsneuhof\/wp-json\/wp\/v2\/pages\/6722\/revisions"}],"predecessor-version":[{"id":6728,"href":"https:\/\/wordpress.nibis.de\/gsneuhof\/wp-json\/wp\/v2\/pages\/6722\/revisions\/6728"}],"wp:attachment":[{"href":"https:\/\/wordpress.nibis.de\/gsneuhof\/wp-json\/wp\/v2\/media?parent=6722"}],"curies":[{"name":"wp","href":"https:\/\/api.w.org\/{rel}","templated":true}]}}